{"id":159,"date":"2010-11-19T09:41:19","date_gmt":"2010-11-19T09:41:19","guid":{"rendered":"http:\/\/wp.bggroteradler.de\/?page_id=159"},"modified":"2014-06-16T11:54:20","modified_gmt":"2014-06-16T10:54:20","slug":"link-mittelmark","status":"publish","type":"page","link":"https:\/\/testhp.bggroteradler.de\/?page_id=159","title":{"rendered":"Prignitz Links"},"content":{"rendered":"<h3>Links zur Prignitz<\/h3>\n<ul>\n<li><a href=\"http:\/\/www.landkreis-prignitz.de\/\" target=\"_blank\">Webseite zum Landkreis Prignitz<\/a><\/li>\n<li><a href=\"http:\/\/www.geschichtsverein-prignitz.de\/\" target=\"_blank\">Verein f\u00fcr Geschichte der Prignitz<\/a><\/li>\n<li><a href=\"http:\/\/www.webisphere.de\/geschichte\/westprignitz\/Prignitz.html\" target=\"_blank\">Geschichte der Westprignitz<\/a><\/li>\n<\/ul>\n<hr \/>\n<h3>Ortsfamilienb\u00fccher<\/h3>\n<ul>\n<li><a href=\"http:\/\/www.online-ofb.de\/gross_welle\/\" target=\"_blank\">Ortsfamilienbuch Gro\u00df Welle (Gemeinde Gumtow)<\/a><\/li>\n<li><a href=\"http:\/\/www.online-ofb.de\/kehrberg\/\" target=\"_blank\">Ortsfamilienbuch Kehrberg (Gro\u00df Pankow)<\/a><\/li>\n<li><a href=\"http:\/\/www.online-ofb.de\/krams\/\" target=\"_blank\">Ortsfamilienbuch Krams (Gemeinde Gumtow)<\/a><\/li>\n<li><a href=\"http:\/\/www.online-ofb.de\/garz\/\" target=\"_blank\">Ortsfamilienbuch Garz (Plattenburg)<\/a><\/li>\n<li><a href=\"http:\/\/www.online-ofb.de\/lindenberg\/\" target=\"_blank\">Ortsfamilienbuch Lindenberg (Gro\u00df Pankow)<\/a><\/li>\n<li><a href=\"http:\/\/www.online-ofb.de\/vettin\/\" target=\"_blank\">Ortsfamilienbuch Vettin (Gro\u00df Pankow)<\/a><\/li>\n<\/ul>\n<p><\/br><br \/>\nWenn Sie weitere interessante Links zur Prignitz kennen, teilen Sie uns diese bitte <a href=\"mailto:webmaster@bggroteradler.de\">hier<\/a> mit.<\/p>\n","protected":false},"excerpt":{"rendered":"<p>Links zur Prignitz Webseite zum Landkreis Prignitz Verein f\u00fcr Geschichte der Prignitz Geschichte der Westprignitz Ortsfamilienb\u00fccher Ortsfamilienbuch Gro\u00df Welle (Gemeinde Gumtow) Ortsfamilienbuch Kehrberg (Gro\u00df Pankow) Ortsfamilienbuch Krams (Gemeinde Gumtow) Ortsfamilienbuch Garz (Plattenburg) Ortsfamilienbuch Lindenberg (Gro\u00df Pankow) Ortsfamilienbuch Vettin (Gro\u00df Pankow) Wenn Sie weitere interessante Links zur Prignitz kennen, teilen Sie uns diese bitte hier mit.<\/p>\n","protected":false},"author":1458,"featured_media":0,"parent":346,"menu_order":0,"comment_status":"closed","ping_status":"closed","template":"","meta":{"_themeisle_gutenberg_block_has_review":false,"footnotes":""},"_links":{"self":[{"href":"https:\/\/testhp.bggroteradler.de\/index.php?rest_route=\/wp\/v2\/pages\/159"}],"collection":[{"href":"https:\/\/testhp.bggroteradler.de\/index.php?rest_route=\/wp\/v2\/pages"}],"about":[{"href":"https:\/\/testhp.bggroteradler.de\/index.php?rest_route=\/wp\/v2\/types\/page"}],"author":[{"embeddable":true,"href":"https:\/\/testhp.bggroteradler.de\/index.php?rest_route=\/wp\/v2\/users\/1458"}],"replies":[{"embeddable":true,"href":"https:\/\/testhp.bggroteradler.de\/index.php?rest_route=%2Fwp%2Fv2%2Fcomments&post=159"}],"version-history":[{"count":19,"href":"https:\/\/testhp.bggroteradler.de\/index.php?rest_route=\/wp\/v2\/pages\/159\/revisions"}],"predecessor-version":[{"id":2094,"href":"https:\/\/testhp.bggroteradler.de\/index.php?rest_route=\/wp\/v2\/pages\/159\/revisions\/2094"}],"up":[{"embeddable":true,"href":"https:\/\/testhp.bggroteradler.de\/index.php?rest_route=\/wp\/v2\/pages\/346"}],"wp:attachment":[{"href":"https:\/\/testhp.bggroteradler.de\/index.php?rest_route=%2Fwp%2Fv2%2Fmedia&parent=159"}],"curies":[{"name":"wp","href":"https:\/\/api.w.org\/{rel}","templated":true}]}}