{"id":180,"date":"2010-11-20T12:37:19","date_gmt":"2010-11-20T12:37:19","guid":{"rendered":"http:\/\/wp.bggroteradler.de\/?page_id=180"},"modified":"2018-03-14T17:06:05","modified_gmt":"2018-03-14T16:06:05","slug":"allgemeine-links","status":"publish","type":"page","link":"https:\/\/testhp.bggroteradler.de\/?page_id=180","title":{"rendered":"Allgemeine Links"},"content":{"rendered":"<h3><strong>Allgemeine Links<\/strong><\/h3>\n<p><a href=\"http:\/\/www.genealogy.net\" target=\"_blank\">genealogy.net &#8211; Der deutsche Genealogieserver<\/a><br \/>\n<a href=\"http:\/\/www.brandenburgikon.de\" target=\"_blank\">Brandenburgikon &#8211; Landesgeschichte online<\/a><br \/>\n<a href=\"http:\/\/www.familysearch.org\" target=\"_blank\">FamilySearch -Genealogische Forschung der Mormonen<\/a><br \/>\n<a href=\"http:\/\/www.zvab.de\" target=\"_blank\">ZVAB &#8211; Zentrales Verzeichnis antiquarischer B\u00fccher<\/a><br \/>\n<a href=\"http:\/\/www.volksbund.de\" target=\"_blank\">Direktsuche nach Gefallenen beider Weltkriege<\/a><br \/>\n<a href=\"http:\/\/www.genealogienetz.de\/reg\/DEU\/dzfg-de.html\" target=\"_blank\">Deutsche Zentralstelle f\u00fcr Genealogie Leipzig<\/a><br \/>\n<a href=\"http:\/\/www.adressbuecher.net\" target=\"_blank\">Datenbank historischer Adressb\u00fccher<\/a><br \/>\n<a href=\"http:\/\/www.denkmalprojekt.org\" target=\"_blank\">Onlineprojekt Gefallenendenkm\u00e4ler<\/a><br \/>\n<a href=\"http:\/\/www.kruenitz1.uni-trier.de\" target=\"_blank\">Enzyklop\u00e4die, erschienen 1773-1858 &#8211; alte Berufe, Ma\u00dfe, W\u00e4hrungen etc.<\/a><br \/>\n<a href=\"http:\/\/www.onomastik.com\" target=\"_blank\">Webseite zur Namenforschung<\/a><br \/>\n<a href=\"http:\/\/www.onomata.de\" target=\"_blank\">das Hamburger Institut f\u00fcr Namenforschung vermittelt einen unterhaltsamen Einstieg in die Namenkunde<\/a><br \/>\n<a href=\"http:\/\/www.suetterlinschrift.de\" target=\"_blank\">Seite von Peter Doerling zur Schriftenentwicklung allgemein und zur deutschen Schreibschrift im Speziellen<\/a><br \/>\n<a href=\"http:\/\/home.fonline.de\/fo0126\/\/geschichte\/groessen\/mas1.htm\" target=\"_blank\">Eine Webseite zu Ma\u00dfen und Gewichten<\/a><br \/>\n<a href=\"mailto:schriftenforschung@ecircle.de\" target=\"_blank\">Mailingliste zur Schriftentzifferung<\/a><br \/>\n<a href=\"http:\/\/wiki-de.genealogy.net\/Brandenburg\/Amtsbl%C3%A4tter\" target=\"_blank\">Brandenburgische Amtsbl\u00e4tter<\/a><br \/>\n<a href=\"http:\/\/wiki-de.genealogy.net\/Brandenburg\/Codex\" target=\"_blank\">Brandenburgische Urkundenb\u00fccher<\/a><br \/>\n<a href=\"http:\/\/wiki-de.genealogy.net\/Brandenburg\/Google_Buchtipps\" target=\"_blank\">Google-Buchtipps Brandenburg<\/a><br \/>\n<a href=\"http:\/\/www.verwaltungsgeschichte.de\" target=\"_blank\">Komplett\u00fcbersicht zur Verwaltungsgeschichte Preu\u00dfens<\/a><br \/>\n<a href=\"http:\/\/greif.uni-greifswald.de\/geogreif\/?cat=31\" target=\"_blank\">Topografische Me\u00dftischbl\u00e4tter<\/a><br \/>\n<a href=\"http:\/\/www.langzeitarchivierung.de\" target=\"_blank\">Kompetenznetzwerk nestor zur Langzeitarchivierung elektronischer Unterlagen<\/a><br \/>\n<a href=\"http:\/\/geschichte-brandenburg.de\" target=\"_blank\">Landesgeschichtliche Vereinigung f\u00fcr die Mark Brandenburg<\/a><\/p>\n<p>Wenn Sie weitere interessante Links kennen, teilen Sie uns diese bitte <a href=\"mailto:webmaster@bggroteradler.de\">hier<\/a> mit.<\/p>\n","protected":false},"excerpt":{"rendered":"<p>Allgemeine Links genealogy.net &#8211; Der deutsche Genealogieserver Brandenburgikon &#8211; Landesgeschichte online FamilySearch -Genealogische Forschung der Mormonen ZVAB &#8211; Zentrales Verzeichnis antiquarischer B\u00fccher Direktsuche nach Gefallenen beider Weltkriege Deutsche Zentralstelle f\u00fcr Genealogie Leipzig Datenbank historischer Adressb\u00fccher Onlineprojekt Gefallenendenkm\u00e4ler Enzyklop\u00e4die, erschienen 1773-1858 &#8211; alte Berufe, Ma\u00dfe, W\u00e4hrungen etc. Webseite zur Namenforschung das Hamburger Institut f\u00fcr Namenforschung vermittelt einen unterhaltsamen Einstieg in die Namenkunde Seite von Peter Doerling zur Schriftenentwicklung allgemein und zur deutschen Schreibschrift im Speziellen Eine Webseite zu Ma\u00dfen und Gewichten [&#8230;]<\/p>\n","protected":false},"author":1458,"featured_media":0,"parent":346,"menu_order":0,"comment_status":"closed","ping_status":"closed","template":"","meta":{"_themeisle_gutenberg_block_has_review":false,"footnotes":""},"_links":{"self":[{"href":"https:\/\/testhp.bggroteradler.de\/index.php?rest_route=\/wp\/v2\/pages\/180"}],"collection":[{"href":"https:\/\/testhp.bggroteradler.de\/index.php?rest_route=\/wp\/v2\/pages"}],"about":[{"href":"https:\/\/testhp.bggroteradler.de\/index.php?rest_route=\/wp\/v2\/types\/page"}],"author":[{"embeddable":true,"href":"https:\/\/testhp.bggroteradler.de\/index.php?rest_route=\/wp\/v2\/users\/1458"}],"replies":[{"embeddable":true,"href":"https:\/\/testhp.bggroteradler.de\/index.php?rest_route=%2Fwp%2Fv2%2Fcomments&post=180"}],"version-history":[{"count":12,"href":"https:\/\/testhp.bggroteradler.de\/index.php?rest_route=\/wp\/v2\/pages\/180\/revisions"}],"predecessor-version":[{"id":3715,"href":"https:\/\/testhp.bggroteradler.de\/index.php?rest_route=\/wp\/v2\/pages\/180\/revisions\/3715"}],"up":[{"embeddable":true,"href":"https:\/\/testhp.bggroteradler.de\/index.php?rest_route=\/wp\/v2\/pages\/346"}],"wp:attachment":[{"href":"https:\/\/testhp.bggroteradler.de\/index.php?rest_route=%2Fwp%2Fv2%2Fmedia&parent=180"}],"curies":[{"name":"wp","href":"https:\/\/api.w.org\/{rel}","templated":true}]}}