{"id":1809,"date":"2014-01-22T14:31:32","date_gmt":"2014-01-22T13:31:32","guid":{"rendered":"https:\/\/testhp.bggroteradler.de\/?page_id=1809"},"modified":"2021-12-05T15:55:41","modified_gmt":"2021-12-05T14:55:41","slug":"kriegsgraeberstaetten","status":"publish","type":"page","link":"https:\/\/testhp.bggroteradler.de\/?page_id=1809","title":{"rendered":"Verzeichnis der Denkmale f\u00fcr Kriegstote und Kriegsgr\u00e4berst\u00e4tten"},"content":{"rendered":"\n","protected":false},"excerpt":{"rendered":"","protected":false},"author":1458,"featured_media":0,"parent":5661,"menu_order":2,"comment_status":"closed","ping_status":"closed","template":"","meta":{"_themeisle_gutenberg_block_has_review":false,"footnotes":""},"_links":{"self":[{"href":"https:\/\/testhp.bggroteradler.de\/index.php?rest_route=\/wp\/v2\/pages\/1809"}],"collection":[{"href":"https:\/\/testhp.bggroteradler.de\/index.php?rest_route=\/wp\/v2\/pages"}],"about":[{"href":"https:\/\/testhp.bggroteradler.de\/index.php?rest_route=\/wp\/v2\/types\/page"}],"author":[{"embeddable":true,"href":"https:\/\/testhp.bggroteradler.de\/index.php?rest_route=\/wp\/v2\/users\/1458"}],"replies":[{"embeddable":true,"href":"https:\/\/testhp.bggroteradler.de\/index.php?rest_route=%2Fwp%2Fv2%2Fcomments&post=1809"}],"version-history":[{"count":10,"href":"https:\/\/testhp.bggroteradler.de\/index.php?rest_route=\/wp\/v2\/pages\/1809\/revisions"}],"predecessor-version":[{"id":7434,"href":"https:\/\/testhp.bggroteradler.de\/index.php?rest_route=\/wp\/v2\/pages\/1809\/revisions\/7434"}],"up":[{"embeddable":true,"href":"https:\/\/testhp.bggroteradler.de\/index.php?rest_route=\/wp\/v2\/pages\/5661"}],"wp:attachment":[{"href":"https:\/\/testhp.bggroteradler.de\/index.php?rest_route=%2Fwp%2Fv2%2Fmedia&parent=1809"}],"curies":[{"name":"wp","href":"https:\/\/api.w.org\/{rel}","templated":true}]}}