{"id":218,"date":"2010-11-19T12:20:09","date_gmt":"2010-11-19T12:20:09","guid":{"rendered":"http:\/\/wp.bggroteradler.de\/?page_id=218"},"modified":"2021-10-09T20:12:19","modified_gmt":"2021-10-09T19:12:19","slug":"mailingliste-bgg","status":"publish","type":"page","link":"https:\/\/testhp.bggroteradler.de\/?page_id=218","title":{"rendered":"BGG Mailingliste"},"content":{"rendered":"<p>An unserer Mailingliste k\u00f6nnen alle Mitglieder der Brandenburgischen Genealogischen Gesellschaft &#8220;Roter Adler&#8221; teilnehmen, dem parteipolitisch unabh\u00e4ngigen Verein aller an der genealogischen Forschung auf dem Gebiet der historischen Mark Brandenburg interessierten Einzelpersonen und Institutionen. We die Mailingliste ist auch das zugeh\u00f6rige Archiv geschlossen und nur f\u00fcr Mitglieder einsehbar.<\/p>\n<p>Auch wenn die Liste nicht moderiert wird, beh\u00e4lt sich der Betreuer der Liste vor, Abonnenten, die den guten Ton verletzen oder in anderer Weise die Kommunikation innerhalb der Liste sch\u00e4dlich beeintr\u00e4chtigen, aus der Liste zu entfernen bzw. die Beitr\u00e4ge des Nutzers zu moderieren.<\/p>\n<hr>\n<p>Weitere Informationen zur Mailingliste finden Sie hier:<\/p>\n<p><a href=\"http:\/\/list.genealogy.net\/mailman\/listinfo\/bgg-l\" target=\"_blank\" rel=\"noopener noreferrer\">Infoseite<\/a><\/p>\n<p><a href=\"https:\/\/testhp.bggroteradler.de\/download\/netiquette-bb-l.pdf\" target=\"_blank\" rel=\"noopener noreferrer\">Netiquette<\/a><\/p>\n","protected":false},"excerpt":{"rendered":"<p>An unserer Mailingliste k\u00f6nnen alle Mitglieder der Brandenburgischen Genealogischen Gesellschaft &#8220;Roter Adler&#8221; teilnehmen, dem parteipolitisch unabh\u00e4ngigen Verein aller an der genealogischen Forschung auf dem Gebiet der historischen Mark Brandenburg interessierten Einzelpersonen und Institutionen. We die Mailingliste ist auch das zugeh\u00f6rige Archiv geschlossen und nur f\u00fcr Mitglieder einsehbar. Auch wenn die Liste nicht moderiert wird, beh\u00e4lt sich der Betreuer der Liste vor, Abonnenten, die den guten Ton verletzen oder in anderer Weise die Kommunikation innerhalb der Liste sch\u00e4dlich beeintr\u00e4chtigen, aus der [&#8230;]<\/p>\n","protected":false},"author":1458,"featured_media":0,"parent":209,"menu_order":0,"comment_status":"closed","ping_status":"open","template":"","meta":{"_themeisle_gutenberg_block_has_review":false,"footnotes":""},"_links":{"self":[{"href":"https:\/\/testhp.bggroteradler.de\/index.php?rest_route=\/wp\/v2\/pages\/218"}],"collection":[{"href":"https:\/\/testhp.bggroteradler.de\/index.php?rest_route=\/wp\/v2\/pages"}],"about":[{"href":"https:\/\/testhp.bggroteradler.de\/index.php?rest_route=\/wp\/v2\/types\/page"}],"author":[{"embeddable":true,"href":"https:\/\/testhp.bggroteradler.de\/index.php?rest_route=\/wp\/v2\/users\/1458"}],"replies":[{"embeddable":true,"href":"https:\/\/testhp.bggroteradler.de\/index.php?rest_route=%2Fwp%2Fv2%2Fcomments&post=218"}],"version-history":[{"count":6,"href":"https:\/\/testhp.bggroteradler.de\/index.php?rest_route=\/wp\/v2\/pages\/218\/revisions"}],"predecessor-version":[{"id":7178,"href":"https:\/\/testhp.bggroteradler.de\/index.php?rest_route=\/wp\/v2\/pages\/218\/revisions\/7178"}],"up":[{"embeddable":true,"href":"https:\/\/testhp.bggroteradler.de\/index.php?rest_route=\/wp\/v2\/pages\/209"}],"wp:attachment":[{"href":"https:\/\/testhp.bggroteradler.de\/index.php?rest_route=%2Fwp%2Fv2%2Fmedia&parent=218"}],"curies":[{"name":"wp","href":"https:\/\/api.w.org\/{rel}","templated":true}]}}