{"id":280,"date":"2010-11-20T06:58:09","date_gmt":"2010-11-20T05:58:09","guid":{"rendered":"http:\/\/wp.bggroteradler.de\/?page_id=280"},"modified":"2020-01-26T21:54:09","modified_gmt":"2020-01-26T20:54:09","slug":"taufkartei-alt-berlin","status":"publish","type":"page","link":"https:\/\/testhp.bggroteradler.de\/?page_id=280","title":{"rendered":"Taufkartei Alt Berlin"},"content":{"rendered":"<h4>Das EZAB und \u00dcbersicht zu Tauf- und Generalregister der ev. Gemeinden von Berlin<\/h4>\n<p><em>(zusammengestellt von Martina Rohde und aus Daten von der Webseite des EZAB, Stand 07.02.2008) <\/em><\/p>\n<div><strong>Einer der wichtigsten Quellenstandorte f\u00fcr die genealogische Forschung in Berlin ist das:<\/strong><\/div>\n<p><strong><\/p>\n<h4><span style=\"color: blue;\"><a href=\"http:\/\/www.ezab.de\" target=\"_blank\" rel=\"noopener noreferrer\">Evangelische Zentralarchiv in Berlin (EZAB)<\/a> <\/span><\/br>Standort: Bethaniendamm 29, 10997 Berlin<\/h4>\n<p><span style=\"text-decoration: underline;\">Platzreservierung:<\/span><br \/>\nFax: 030 \/ 22 50 45 4<br \/>\n<a href=\"mailto:reservierung@ezab.de\">mailto:reservierung@ezab.de<\/a><\/p>\n<p><span style=\"text-decoration: underline;\">Allgemein:<\/span><br \/>\n030 \/ 22 50 45 20<br \/>\n<a href=\"mailto:archiv@ezab.de\">mailto:archiv@ezab.de<\/a><br \/>\nFax: 030 \/ 22 50 45 40<\/p>\n<p><span style=\"text-decoration: underline;\"><strong><span style=\"color: red;\">In der Kirchenbuchstelle des EZAB sind vorhanden:<\/span><\/strong><br \/>\n<\/span><\/p>\n<ul>\n<li>ca. 7000 Kirchenb\u00fccher aus evangelischen Kirchengemeinden, die in den ehemaligen Ostprovinzen der Evangelischen Kirche der altpreu\u00dfischen Union lagen<\/li>\n<li>ca. 763 Milit\u00e4rkirchenb\u00fccher der ehemaligen preu\u00dfischen Armee und der deutschen Wehrmacht<\/li>\n<li>ca. 70 Auslandskirchenb\u00fccher aus deutschsprachigen evangelischen Gemeinden im Ausland<\/li>\n<li>Personenstandsunterlagen aus d\u00e4nischen Fl\u00fcchtlingslagern (Nur zur amtlichen Benutzung)<\/li>\n<\/ul>\n<p><span style=\"color: red;\">Zur Erschlie\u00dfung der Berlin betreffenden Best\u00e4nde aus genealogischer Sicht sind die Taufkartei und das Generalregister Berliner Gemeinden.<\/span><\/p>\n<p>Die <span style=\"color: blue;\">Taufkartei<\/span> im Landeskirchlichen Archiv\/Evangelischen Zentralarchiv in Berlin beginnt 1750 und endet 1874. Es sind alle Taufen (au\u00dfer franz.-ref.) in &#8220;Alt-Berlin&#8221; erfasst, das ist das Einzugsgebiet der jeweiligen Kirchen vor 1874 (in etwa das heutige Innenstadtgebiet, also ohne K\u00f6penick, Spandau etc.). Diese Karteikarten sind verfilmt und als Fiches einsehbar, online nicht. Die Kartei ist in drei Zeitabschnitte gegliedert, 1750 &#8211; 1799, 1800 &#8211; 1849, 1850 &#8211; 1874, jeder dieser Abschnitte enth\u00e4lt die Namen alphabetisch geordnet, Jungen und M\u00e4dchen getrennt sortiert. Es ist also keine Katalogsuche n\u00f6tig (es gibt aber ein Nummernverzeichnis), die Entnahmekarte kann direkt am Schrank ausgef\u00fcllt werden (&#8220;TK&#8221; vor die Nummer setzen).<\/p>\n<p>Des weiteren gibt es <span style=\"color: blue;\">Generalregister<\/span> f\u00fcr Trauungen und Bestattungen.<\/p>\n<ul>\n<li>Trauungen: 1583-1799, 1800-1850, 1851-1874<\/li>\n<li>Bestattungen: 1800-1850, 1851-1874<\/li>\n<\/ul>\n<p><span style=\"color: red;\">Nutzungsbedingungen:<\/span><br \/>\nSie sind inzwischen verfilmt, die Qualit\u00e4t ist meist schlecht, da die schon nicht guten Papierkopien als Quelle genommen und oft noch verkleinert wurden. Eine Nutzung der alten Papierb\u00fccher ist nicht mehr m\u00f6glich. Die Generalregister sind nicht direkt alphabetisch sortiert, sondern zwar nach Anfangsbuchstaben A, B, C&#8230; aber dann nach den einzelnen Gemeinden &#8211; Altlutheraner bis Zw\u00f6lf Apostel geordnet. Umlaute oder ie, ck, ff o.\u00e4., sind in den fr\u00fchen Jahren bei den &#8220;normalen&#8221; Buchstaben mit einsortiert, \u00fc bei i, eu bei ei, \u00f6 bei e, Doppelbuchstaben gibt es nicht. Die Zuordnung zu den Gemeinden ist auf den Verfilmungen nur noch schwer heraus zu finden.<\/p>\n<p>Es gibt auch noch die sog. <span style=\"color: blue;\">&#8220;Judenkartei&#8221;<\/span>, das sind Taufen nichtchristlicher oder ausl\u00e4ndischer Personen Personen, z. B. auch Farbige u.\u00e4. (&#8220;ein Mohr&#8221;), die sich haben taufen lassen. Sie f\u00e4ngt hinter der normalen TK an.<br \/>\nDie <span style=\"color: blue;\">Charit\u00e9<\/span> (fast alles uneheliche Kinder) hat noch eine eigene Kartei ab 1727.<br \/>\nEin Teil der KB der Altberliner Gemeinden (vor 1874) sind nicht verfilmt, sondern nur als Lichtbildkopien (B\u00fccher) vorhanden. Diese m\u00fcssen bis 12 Uhr bestellt werden.<br \/>\nSiehe auch: &#8220;Verzeichnis der Kirchenb\u00fccher im Evangelischen Zentralarchiv in Berlin, Teil II, Alt-Berlin&#8221; Bearbeitet von Christa Stache, 1987, 192 S.<\/p>\n<p><span style=\"color: red;\">Gemeinden sind je nach Gr\u00fcndung:<\/span><\/p>\n<ul>\n<li>Altlutheraner<\/li>\n<li>St. Andreas<\/li>\n<li>Arbeitshaus Rummelsburg<\/li>\n<li>St. Bartholom\u00e4us<\/li>\n<li>Bethanien (Diakonissenhaus)<\/li>\n<li>Bethlehem und Br\u00fcdergemeinde (b\u00f6hm. und ref.)<\/li>\n<li>Charit\u00e9<\/li>\n<li>Dom (Personalgemeinde)<\/li>\n<li>Dorotheenstadt<\/li>\n<li>Dreifaltigkeit<\/li>\n<li>St. Elisabeth<\/li>\n<li>Friedrich-Wilhelm-Hospital<\/li>\n<li>Friedrichswerder<\/li>\n<li>St. Georgen<\/li>\n<li>St. Gertraudten (Hospital)<\/li>\n<li>Gnaden (Invaliden)<\/li>\n<li>Heilig Kreuz<\/li>\n<li>St. Jakobi<\/li>\n<li>Jerusalem<\/li>\n<li>St. Johannes-Evangelist<\/li>\n<li>St. Johannes &#8211; Moabit<\/li>\n<li>Luisenstadt<\/li>\n<li>St.Lukas<\/li>\n<li>St. Marien<\/li>\n<li>St. Markus<\/li>\n<li>St. Matth\u00e4us<\/li>\n<li>Nazareth<\/li>\n<li>Neue Kirche<\/li>\n<li>St. Nikolai<\/li>\n<li>Parochial<\/li>\n<li>St. Paul<\/li>\n<li>St. Petri<\/li>\n<li>St. Philippus Apostel<\/li>\n<li>St. Simeon<\/li>\n<li>Sophien<\/li>\n<li>St. Thomas<\/li>\n<li>Waisenhaus Rummelsburg<\/li>\n<li>Zion<\/li>\n<li>Zw\u00f6lf Apostel<\/li>\n<\/ul>\n<p>Die franz.-ref. Gemeinden sind nicht in der TK erfasst.<\/p>\n<hr \/>\n<p><span style=\"text-decoration: underline;\">Telefon \/ E-Mail:<\/span><br \/>\nFamilienforschung: 030 \/ 22 50 45 36<br \/>\n<a href=\"mailto:kirchenbuchstelle@ezab.de\">mailto:kirchenbuchstelle@ezab.de<\/a><\/p>\n<p><\/strong><\/p>\n","protected":false},"excerpt":{"rendered":"<p>Das EZAB und \u00dcbersicht zu Tauf- und Generalregister der ev. Gemeinden von Berlin (zusammengestellt von Martina Rohde und aus Daten von der Webseite des EZAB, Stand 07.02.2008) Einer der wichtigsten Quellenstandorte f\u00fcr die genealogische Forschung in Berlin ist das: Evangelische Zentralarchiv in Berlin (EZAB) Standort: Bethaniendamm 29, 10997 Berlin Platzreservierung: Fax: 030 \/ 22 50 45 4 mailto:reservierung@ezab.de Allgemein: 030 \/ 22 50 45 20 mailto:archiv@ezab.de Fax: 030 \/ 22 50 45 40 In der Kirchenbuchstelle des EZAB sind vorhanden: [&#8230;]<\/p>\n","protected":false},"author":1458,"featured_media":0,"parent":49,"menu_order":1,"comment_status":"closed","ping_status":"closed","template":"","meta":{"_themeisle_gutenberg_block_has_review":false,"footnotes":""},"_links":{"self":[{"href":"https:\/\/testhp.bggroteradler.de\/index.php?rest_route=\/wp\/v2\/pages\/280"}],"collection":[{"href":"https:\/\/testhp.bggroteradler.de\/index.php?rest_route=\/wp\/v2\/pages"}],"about":[{"href":"https:\/\/testhp.bggroteradler.de\/index.php?rest_route=\/wp\/v2\/types\/page"}],"author":[{"embeddable":true,"href":"https:\/\/testhp.bggroteradler.de\/index.php?rest_route=\/wp\/v2\/users\/1458"}],"replies":[{"embeddable":true,"href":"https:\/\/testhp.bggroteradler.de\/index.php?rest_route=%2Fwp%2Fv2%2Fcomments&post=280"}],"version-history":[{"count":9,"href":"https:\/\/testhp.bggroteradler.de\/index.php?rest_route=\/wp\/v2\/pages\/280\/revisions"}],"predecessor-version":[{"id":5647,"href":"https:\/\/testhp.bggroteradler.de\/index.php?rest_route=\/wp\/v2\/pages\/280\/revisions\/5647"}],"up":[{"embeddable":true,"href":"https:\/\/testhp.bggroteradler.de\/index.php?rest_route=\/wp\/v2\/pages\/49"}],"wp:attachment":[{"href":"https:\/\/testhp.bggroteradler.de\/index.php?rest_route=%2Fwp%2Fv2%2Fmedia&parent=280"}],"curies":[{"name":"wp","href":"https:\/\/api.w.org\/{rel}","templated":true}]}}