{"id":3048,"date":"2016-06-19T10:46:48","date_gmt":"2016-06-19T09:46:48","guid":{"rendered":"https:\/\/testhp.bggroteradler.de\/?page_id=3048"},"modified":"2020-01-26T22:03:48","modified_gmt":"2020-01-26T21:03:48","slug":"kirchenbuecher-und-andere-genealogische-quellen","status":"publish","type":"page","link":"https:\/\/testhp.bggroteradler.de\/?page_id=3048","title":{"rendered":"Kirchenb\u00fccher und andere genealogische Quellen"},"content":{"rendered":"<p>Bevor der Staat in der Uckermark die Standes\u00e4mter im Oktober 1874 einrichtete, waren die Religionsgemeinschaften zust\u00e4ndig f\u00fcr die Dokumentation von Geburt, Hochzeit und Tod.<\/p>\n<h4>Kirchenb\u00fccher:<\/h4>\n<p>Die wichtigste Quelle f\u00fcr Familienforscher sind Kirchenb\u00fccher. Seit dem 16. Jahrhundert wurden Kirchenb\u00fccher gef\u00fchrt. In der Uckermark beginnen die Kirchenb\u00fccher in der Regel in der 2. H\u00e4lfte des 17. Jahrhunderts. Jedoch gibt es f\u00fcr viel Orte gr\u00f6\u00dfere L\u00fccken in der \u00dcberlieferung. Die Forschungsstelle Uckermark versucht im <a href=\"https:\/\/testhp.bggroteradler.de\/?page_id=3049\">Projekt Rekonstruktion von &#8220;verschollenen&#8221; Kirchenb\u00fcchern<\/a> diese L\u00fccken zum Teil zu schlie\u00dfen.<\/p>\n<p>In der evangelischen Kirche Berlin-Brandenburg-schlesische Oberlausitz wurden in den 2000ern alle Kirchenb\u00fccher der Kirchengemeinden verfilmt und sind im Evangelischen Landeskirchlichen Archiv in Berlin (ELAB) einzusehen.<\/p>\n<blockquote><p>Evangelisches Landeskirchliches Archiv in Berlin (ELAB)<br \/>\nBethaniendamm 29<br \/>\n10997 Berlin (Kreuzberg)<br \/>\nMontags bis freitags 9 bis 16 Uhr<br \/>\n<a href=\"http:\/\/www.landeskirchenarchivberlin.de\" target=\"_blank\" rel=\"noopener noreferrer\">www.landeskirchenarchivberlin.de<\/a><\/p><\/blockquote>\n<p>Verzeichnis der Kirchenb\u00fccher im Evangelischen Landeskirchlichen Archiv in Berlin:<\/p>\n<ul>\n<li><a href=\"https:\/\/testhp.bggroteradler.de\/?page_id=329\">Kirchenkreis Prenzlau<\/a><\/li>\n<li><a href=\"https:\/\/testhp.bggroteradler.de\/?page_id=331\">Kirchenkreis Templin<\/a><\/li>\n<li><a href=\"https:\/\/testhp.bggroteradler.de\/?page_id=327\">Kirchenkreis Angerm\u00fcnde<\/a><\/li>\n<\/ul>\n<ul>\n<li><a href=\"https:\/\/testhp.bggroteradler.de\/?page_id=325\">Verfilmte Kirchenb\u00fccher der Uckermark bei Familysearch<\/a><\/li>\n<li><a href=\"https:\/\/testhp.bggroteradler.de\/?p=3099\">Kirchenb\u00fccher bei Ancestry<\/a><\/li>\n<\/ul>\n<p>Kirchenb\u00fccher von uckerm\u00e4rkischen Orten, die zur evangelischen Nordkirche geh\u00f6ren, k\u00f6nne nach Voranmeldung beim zust\u00e4ndigen Pfarramt eingesehen werden. Siehe <a href=\"http:\/\/www.kirche-mv.de\/Propstei-Pasewalk.propstei-pasewalk.0.html\" target=\"_blank\" rel=\"noopener noreferrer\">Propstei Pasewalk<\/a>.<\/p>\n<h4>Genealogische Literatur und Weblinks zur Uckermark<\/h4>\n<ul>\n<li>Dietz, Thomas: Die uckerm\u00e4rkischen Vorfahren der Eva Krause-Bergmann, geb. Zahn und ihre Familien. Selbstverlag, Berlin,1986<\/li>\n<li>Kern, Ernst-Heinrich: Die Nachkommen des m\u00e4rkischen Gutsp\u00e4chters Christian Friedrich Schulz (1742-1806). In: Deutsches Familienarchiv, Bd. 12, Neustadt a. d. Aisch 1959, S. 1-98.<\/li>\n<li><a href=\"http:\/\/www.hans-otto-bredendiek.de\/index.htm\" target=\"_blank\" rel=\"noopener noreferrer\">Homepage von Thomas Hans Otto Bredendiek zum Ort Gramzow \/ Uckermark<\/a><\/li>\n<li><a href=\"http:\/\/www.hugenotten-uckermark.de\/Hugenot.htm\" target=\"_blank\" rel=\"noopener noreferrer\">Hugenotten in der Uckermark<\/a><\/li>\n<\/ul>\n<p>Text: Christian Schulz <a href=\"https:\/\/testhp.bggroteradler.de\/?page_id=51\">Forschungsstelle Uckermark<\/a><\/p>\n","protected":false},"excerpt":{"rendered":"<p>Bevor der Staat in der Uckermark die Standes\u00e4mter im Oktober 1874 einrichtete, waren die Religionsgemeinschaften zust\u00e4ndig f\u00fcr die Dokumentation von Geburt, Hochzeit und Tod. Kirchenb\u00fccher: Die wichtigste Quelle f\u00fcr Familienforscher sind Kirchenb\u00fccher. Seit dem 16. Jahrhundert wurden Kirchenb\u00fccher gef\u00fchrt. In der Uckermark beginnen die Kirchenb\u00fccher in der Regel in der 2. H\u00e4lfte des 17. Jahrhunderts. Jedoch gibt es f\u00fcr viel Orte gr\u00f6\u00dfere L\u00fccken in der \u00dcberlieferung. Die Forschungsstelle Uckermark versucht im Projekt Rekonstruktion von &#8220;verschollenen&#8221; Kirchenb\u00fcchern diese L\u00fccken zum Teil [&#8230;]<\/p>\n","protected":false},"author":1458,"featured_media":0,"parent":51,"menu_order":3,"comment_status":"closed","ping_status":"closed","template":"","meta":{"_themeisle_gutenberg_block_has_review":false,"footnotes":""},"_links":{"self":[{"href":"https:\/\/testhp.bggroteradler.de\/index.php?rest_route=\/wp\/v2\/pages\/3048"}],"collection":[{"href":"https:\/\/testhp.bggroteradler.de\/index.php?rest_route=\/wp\/v2\/pages"}],"about":[{"href":"https:\/\/testhp.bggroteradler.de\/index.php?rest_route=\/wp\/v2\/types\/page"}],"author":[{"embeddable":true,"href":"https:\/\/testhp.bggroteradler.de\/index.php?rest_route=\/wp\/v2\/users\/1458"}],"replies":[{"embeddable":true,"href":"https:\/\/testhp.bggroteradler.de\/index.php?rest_route=%2Fwp%2Fv2%2Fcomments&post=3048"}],"version-history":[{"count":11,"href":"https:\/\/testhp.bggroteradler.de\/index.php?rest_route=\/wp\/v2\/pages\/3048\/revisions"}],"predecessor-version":[{"id":5651,"href":"https:\/\/testhp.bggroteradler.de\/index.php?rest_route=\/wp\/v2\/pages\/3048\/revisions\/5651"}],"up":[{"embeddable":true,"href":"https:\/\/testhp.bggroteradler.de\/index.php?rest_route=\/wp\/v2\/pages\/51"}],"wp:attachment":[{"href":"https:\/\/testhp.bggroteradler.de\/index.php?rest_route=%2Fwp%2Fv2%2Fmedia&parent=3048"}],"curies":[{"name":"wp","href":"https:\/\/api.w.org\/{rel}","templated":true}]}}