{"id":3067,"date":"2016-06-19T11:01:43","date_gmt":"2016-06-19T10:01:43","guid":{"rendered":"https:\/\/testhp.bggroteradler.de\/?page_id=3067"},"modified":"2020-01-26T22:07:17","modified_gmt":"2020-01-26T21:07:17","slug":"datenbanken-zu-berufs-und-gesellschaftsgruppen-in-der-uckermark","status":"publish","type":"page","link":"https:\/\/testhp.bggroteradler.de\/?page_id=3067","title":{"rendered":"Datenbanken zu Berufs- und Gesellschaftsgruppen in der Uckermark"},"content":{"rendered":"<p>Die Forschungsstelle Uckermark sammelt zu verschiedenen Berufs- und Gesellschaftsgruppen, die in der Uckermark eine gewisse Sonderrolle innehatten, familienkundliche Daten. Wenn Sie Vorfahren hatte, die zu den unten aufgelisteten Gruppen geh\u00f6rten, freuen wir uns als FS Uckermark sehr, wenn Sie mit uns Ihre Informationen teilen w\u00fcrden. Gerne schauen wir nach, ob wir vielleicht Ihren Vorfahren schon in unserer Datenbank haben und Ihnen zus\u00e4tzliche Informationen geben k\u00f6nnen. Erg\u00e4nzungen und Anfragen bitte an die E-Mail der <a href=\"mailto:bgg-fst-uckermark@bggroteradler.de?subject=Uckermark-Datenbanken\" target=\"_blank\" rel=\"noopener noreferrer\">FST Uckermark<\/a> senden.<\/p>\n<ul>\n<li>Adel in der Uckermark<\/li>\n<li>Altlutheraner<\/li>\n<li>Hugenotten<\/li>\n<li>Katholiken<\/li>\n<li>Sch\u00e4fer und Hirten<\/li>\n<li>Scharfrichter und Henker<\/li>\n<\/ul>\n<p>Text: Christian Schulz <a href=\"https:\/\/testhp.bggroteradler.de\/?page_id=51\">Forschungsstelle Uckermark<\/a><\/p>\n","protected":false},"excerpt":{"rendered":"<p>Die Forschungsstelle Uckermark sammelt zu verschiedenen Berufs- und Gesellschaftsgruppen, die in der Uckermark eine gewisse Sonderrolle innehatten, familienkundliche Daten. Wenn Sie Vorfahren hatte, die zu den unten aufgelisteten Gruppen geh\u00f6rten, freuen wir uns als FS Uckermark sehr, wenn Sie mit uns Ihre Informationen teilen w\u00fcrden. Gerne schauen wir nach, ob wir vielleicht Ihren Vorfahren schon in unserer Datenbank haben und Ihnen zus\u00e4tzliche Informationen geben k\u00f6nnen. Erg\u00e4nzungen und Anfragen bitte an die E-Mail der FST Uckermark senden. Adel in der Uckermark [&#8230;]<\/p>\n","protected":false},"author":1458,"featured_media":0,"parent":3070,"menu_order":2,"comment_status":"closed","ping_status":"closed","template":"","meta":{"_themeisle_gutenberg_block_has_review":false,"footnotes":""},"_links":{"self":[{"href":"https:\/\/testhp.bggroteradler.de\/index.php?rest_route=\/wp\/v2\/pages\/3067"}],"collection":[{"href":"https:\/\/testhp.bggroteradler.de\/index.php?rest_route=\/wp\/v2\/pages"}],"about":[{"href":"https:\/\/testhp.bggroteradler.de\/index.php?rest_route=\/wp\/v2\/types\/page"}],"author":[{"embeddable":true,"href":"https:\/\/testhp.bggroteradler.de\/index.php?rest_route=\/wp\/v2\/users\/1458"}],"replies":[{"embeddable":true,"href":"https:\/\/testhp.bggroteradler.de\/index.php?rest_route=%2Fwp%2Fv2%2Fcomments&post=3067"}],"version-history":[{"count":5,"href":"https:\/\/testhp.bggroteradler.de\/index.php?rest_route=\/wp\/v2\/pages\/3067\/revisions"}],"predecessor-version":[{"id":5653,"href":"https:\/\/testhp.bggroteradler.de\/index.php?rest_route=\/wp\/v2\/pages\/3067\/revisions\/5653"}],"up":[{"embeddable":true,"href":"https:\/\/testhp.bggroteradler.de\/index.php?rest_route=\/wp\/v2\/pages\/3070"}],"wp:attachment":[{"href":"https:\/\/testhp.bggroteradler.de\/index.php?rest_route=%2Fwp%2Fv2%2Fmedia&parent=3067"}],"curies":[{"name":"wp","href":"https:\/\/api.w.org\/{rel}","templated":true}]}}