{"id":311,"date":"2010-11-20T08:43:49","date_gmt":"2010-11-20T07:43:49","guid":{"rendered":"http:\/\/wp.bggroteradler.de\/?page_id=311"},"modified":"2020-01-26T22:22:17","modified_gmt":"2020-01-26T21:22:17","slug":"kb-im-ezab","status":"publish","type":"page","link":"https:\/\/testhp.bggroteradler.de\/?page_id=311","title":{"rendered":"KB im EZAB"},"content":{"rendered":"<h3>Das EZAB und \u00dcbersicht zu dort vorhandenen Kirchenb\u00fcchern der Neumark<\/h3>\n<p><em>(zusammengestellt von Martina Rohde und Gerd-Christian Treutler aus dem Verzeichnis der Kirchenb\u00fccher im EZAB, Teil I: Die \u00f6stlichen Kirchenprovinzen der Evangelischen Kirche der Altpreu\u00dfischen Union. Bearbeitet von Christa Stache, Berlin 1992, 3. Auflage und aus Daten von der Webseite des EZAB, Stand 21.05.2008) <\/em><\/p>\n<p><strong>Einer der in Brandenburg liegende Quellenstandort f\u00fcr die genealogische Forschung in der Neumark ist das:<\/strong><\/p>\n<h3><span style=\"color: blue;\"><a href=\"http:\/\/www.ezab.de\" target=\"_blank\" rel=\"noopener noreferrer\">Evangelische Zentralarchiv in Berlin (EZAB)<\/a><\/span><\/h3>\n<h3><span style=\"text-decoration: underline;\">Standort:<\/span> Bethaniendamm 29, 10997 Berlin<\/h3>\n<p><span style=\"text-decoration: underline;\">Telefon \/ E-Mail:<\/span><br \/>\nFamilienforschung: 030 \/ 22 50 45 36<br \/>\n<a href=\"mailto:kirchenbuchstelle@ezab.de\">mailto:kirchenbuchstelle@ezab.de<\/a><\/p>\n<p><strong><span style=\"text-decoration: underline;\">Platzreservierung:<\/span><br \/>\nFax: 030 \/ 22 50 45 4<br \/>\n<\/strong><a href=\"mailto:reservierung@ezab.de\"><strong>mailto:reservierung@ezab.de<\/strong><\/a><\/p>\n<p><strong><span style=\"text-decoration: underline;\">Allgemein:<\/span><br \/>\n030 \/ 22 50 45 20<br \/>\n<\/strong><a href=\"mailto:archiv@ezab.de\"><strong>mailto:archiv@ezab.de<\/strong><\/a><br \/>\n<strong>Fax: 030 \/ 22 50 45 40<\/strong><\/p>\n<p><span style=\"text-decoration: underline;\"><strong><span style=\"color: red;\">In der Kirchenbuchstelle des EZAB sind vorhanden:<\/span><br \/>\n<\/strong><\/span><\/p>\n<ul>\n<li><strong>ca. 7000 Kirchenb\u00fccher aus evangelischen Kirchengemeinden, die in den ehemaligen Ostprovinzen der Evangelischen Kirche der altpreu\u00dfischen Union lagen<\/strong><\/li>\n<li><strong>ca. 763 Milit\u00e4rkirchenb\u00fccher der ehemaligen preu\u00dfischen Armee und der deutschen Wehrmacht<\/strong><\/li>\n<li><strong>ca. 70 Auslandskirchenb\u00fccher aus deutschsprachigen evangelischen Gemeinden im Ausland<\/strong><\/li>\n<li><strong>Personenstandsunterlagen aus d\u00e4nischen Fl\u00fcchtlingslagern (Nur zur amtlichen Benutzung)<\/strong><\/li>\n<\/ul>\n<div><span style=\"color: red;\"><strong>Zur Erschlie\u00dfung der die Neumark betreffenden Best\u00e4nde des EZAB ist die o.a. Quelle entscheidend. Leider sind die Best\u00e4nde im Vergleich zu anderen ehemaligen \u00f6stlichen Provinzen sehr bescheiden. <\/strong><\/span><\/div>\n<div><span><strong><span style=\"color: blue;\">\u00a0<\/span><\/strong><\/span><\/div>\n<div><span><strong><span style=\"text-decoration: underline;\"><span style=\"color: blue;\">Nutzungsbedingungen:<\/span><br \/>\n<\/span><\/strong><\/span><\/div>\n<p>\u00a0<\/p>\n<div>\n<div><strong>B\u00fccher k\u00f6nnen nur bis 12 Uhr bestellt werden. Lesen kann man sie aber bis Feierabend. Umlaute oder ie, ck, ff o.\u00e4., sind in den fr\u00fchen Jahren bei den &#8220;normalen&#8221; Buchstaben mit einsortiert, \u00fc bei i, eu bei ei, \u00f6 bei e.<br \/>\nSiehe auch: &#8220;Verzeichnis der Kirchenb\u00fccher im Evangelischen Zentralarchiv in Berlin, Teil I, &#8220;Die \u00f6stlichen Kirchenprovinzen der Evangelischen Kirche der Altpreu\u00dfischen Union&#8221; Bearbeitet von Christa Stache, Berlin 1992, 3. Auflage, 307 S.<\/strong><\/div>\n<\/div>\n<p><span style=\"text-decoration: underline;\"><strong><span style=\"color: red;\">Bestand von Gemeinden der Neumark (Verwaltungsstand 1912):<\/span><br \/>\n<\/strong><\/span><\/p>\n<ul>\n<li><strong>Altenkirchen (Kirchgemeinde Wrechow), Kr. K\u00f6nigsberg\/Neumark: Taufen 1699-1733, Trauungen 1699-1874, Bestattungen 1699-1875 (Buch-Nr. 9149)<\/strong><\/li>\n<li><strong>Crossen a.O., Kr. Crossen\/Neumark: Taufen 1650-1688 (Buch-Nr. 9083-9090); Bestattungen 1641-1716 (Buch-Nr. 9091-9093)<\/strong><\/li>\n<li><strong>Drossen, Kr. Weststernberg\/Neumark: Taufen, Trauungen, Bestattungen und Konfirmationen 1701-1801 (Buch-Nr. 9158)inkl. Predigerverzeichnis und chronikal. Aufzeichnungen<\/strong><\/li>\n<li><strong>Friedrichsdorf, Kr. Friedeberg\/Neumark: Taufen 1855-1871, Trauungen, Bestattungen, Konfirmationen, Abendmahlsteilnehmer 1853-1870 (Buch-Nr. 9159)<\/strong><\/li>\n<li><strong>Gr\u00fcneberg-D\u00fcrrenselchow, Kr. K\u00f6nigsberg\/Neumark: Taufen, Trauungen, Bestattungen 1656-1800 (Buch-Nr. 9150)mit Namensverzeichnissen von Pfarrern, M\u00fcllern und Paten<\/strong><\/li>\n<li><strong>Klemzig, Kr. Z\u00fcllichau-Schwiebus\/Neumark: Taufen 1876-1917, Trauungen 1876-1911, Bestattungen 1876-1917 (Buch-Nr. 9138); Taufen, Trauungen, Bestattungen 1918-1944\/45 (Buch-Nr. 9139)und Namensregister der kath.-apost. Gemeinde 1846-1874 (Buch-Nr. 9140)<\/strong><\/li>\n<li><strong>Rehdorf (Kirchengemeinde Hanseberg), Kr. K\u00f6nigsberg\/Neumark: Taufen, Trauungen 1677\/78-1750 (Buch-Nr. 9149), da unter Bemerkungen &#8220;Kinder sind unter den Gestorbenen nicht aufgef\u00fchrt&#8221; ausgewiesen ist, k\u00f6nnte es sich bei den &#8220;Trauungen&#8221; irrt\u00fcmlich um die Bestattungen handeln<\/strong><\/li>\n<li><strong>Sorau, Kr. Sorau\/Brandenburg: Taufen 1708-1717 (Buch-Nr. 9002), Taufen, Bestattungen 1836 (Buch-Nr. 9001)<\/strong><\/li>\n<li><strong>Wrechow, Kreis K\u00f6nigsberg\/Neumark: Taufen 1699-1733, Trauungen 1699-1874, Bestattungen 1699-1875 (Buch-Nr. 9149)<\/strong><\/li>\n<li><strong>Zachow (Kirchgemeinde Wrechow), Kr. K\u00f6nigsberg\/Neumark: Taufen 1699-1733, Trauungen 1699-1874, Bestattungen 1699-1875 (Buch-Nr. 9149)<\/strong><\/li>\n<\/ul>\n","protected":false},"excerpt":{"rendered":"<p>Das EZAB und \u00dcbersicht zu dort vorhandenen Kirchenb\u00fcchern der Neumark (zusammengestellt von Martina Rohde und Gerd-Christian Treutler aus dem Verzeichnis der Kirchenb\u00fccher im EZAB, Teil I: Die \u00f6stlichen Kirchenprovinzen der Evangelischen Kirche der Altpreu\u00dfischen Union. Bearbeitet von Christa Stache, Berlin 1992, 3. Auflage und aus Daten von der Webseite des EZAB, Stand 21.05.2008) Einer der in Brandenburg liegende Quellenstandort f\u00fcr die genealogische Forschung in der Neumark ist das: Evangelische Zentralarchiv in Berlin (EZAB) Standort: Bethaniendamm 29, 10997 Berlin Telefon \/ [&#8230;]<\/p>\n","protected":false},"author":1458,"featured_media":0,"parent":5235,"menu_order":9,"comment_status":"closed","ping_status":"closed","template":"","meta":{"_themeisle_gutenberg_block_has_review":false,"footnotes":""},"_links":{"self":[{"href":"https:\/\/testhp.bggroteradler.de\/index.php?rest_route=\/wp\/v2\/pages\/311"}],"collection":[{"href":"https:\/\/testhp.bggroteradler.de\/index.php?rest_route=\/wp\/v2\/pages"}],"about":[{"href":"https:\/\/testhp.bggroteradler.de\/index.php?rest_route=\/wp\/v2\/types\/page"}],"author":[{"embeddable":true,"href":"https:\/\/testhp.bggroteradler.de\/index.php?rest_route=\/wp\/v2\/users\/1458"}],"replies":[{"embeddable":true,"href":"https:\/\/testhp.bggroteradler.de\/index.php?rest_route=%2Fwp%2Fv2%2Fcomments&post=311"}],"version-history":[{"count":7,"href":"https:\/\/testhp.bggroteradler.de\/index.php?rest_route=\/wp\/v2\/pages\/311\/revisions"}],"predecessor-version":[{"id":5657,"href":"https:\/\/testhp.bggroteradler.de\/index.php?rest_route=\/wp\/v2\/pages\/311\/revisions\/5657"}],"up":[{"embeddable":true,"href":"https:\/\/testhp.bggroteradler.de\/index.php?rest_route=\/wp\/v2\/pages\/5235"}],"wp:attachment":[{"href":"https:\/\/testhp.bggroteradler.de\/index.php?rest_route=%2Fwp%2Fv2%2Fmedia&parent=311"}],"curies":[{"name":"wp","href":"https:\/\/api.w.org\/{rel}","templated":true}]}}