{"id":3745,"date":"2018-04-16T21:03:36","date_gmt":"2018-04-16T20:03:36","guid":{"rendered":"https:\/\/testhp.bggroteradler.de\/?page_id=3745"},"modified":"2023-02-19T16:15:17","modified_gmt":"2023-02-19T15:15:17","slug":"datenschutzerklaerung-2","status":"publish","type":"page","link":"https:\/\/testhp.bggroteradler.de\/?page_id=3745","title":{"rendered":"Datenschutzerkl\u00e4rung"},"content":{"rendered":"<h4>Datenschutzerkl\u00e4rung der Brandenburgischen Genealogischen Gesellschaft \u201eRoter Adler\u201c e.V.<\/h4>\n<p>Postfach 60 03 13, 14403 Potsdam, Stand: 16.04.2018<\/p>\n<p>Mit dieser Datenschutzerkl\u00e4rung, gem. Datenschutzgrundverordnung (Art. 13 DSGVO) und Bundesdatenschutzgesetz (BDSG), erl\u00e4utern wir Ihnen, welche ggf. personenbezogenen Daten wir w\u00e4hrend Ihres Besuchs auf unserer Internetseite in welchem Umfang erheben und wie wir diese Informationen verwenden.<\/p>\n<h4>Abruf der Internetseiten<\/h4>\n<p>Alle Zugriffe auf unsere Internetseite werden protokolliert. Dabei wird die IP-Adresse, die Adressen der aufgerufenen Seiten und die Zugriffszeiten gespeichert. Die Speicherung erfolgt<\/p>\n<ul>\n<li>zur Abwehr missbr\u00e4uchlicher Nutzungen. Im Falle missbr\u00e4uchlicher Nutzungen oder gezielter Angriffe auf unsere Internetseite werten wir die aufgezeichneten Zugriffsdaten aus, um daraus R\u00fcckschl\u00fcsse auf die Identit\u00e4t des St\u00f6rers zu ziehen.<\/li>\n<li>zu statistischen Zwecken. Wir nutzen die gespeicherten Zugriffsdaten, um unsere Internetseite zu optimieren, insbesondere um die Sichtbarkeit der Seite auch f\u00fcr Suchmaschinen zu verbessern.<\/li>\n<\/ul>\n<p><strong>Wir nutzen keine Analysetools.<\/strong><\/p>\n<h4>Nutzung unserer Webformulare<\/h4>\n<p>Wenn Sie die auf unseren Seiten enthaltenen Webformulare ausf\u00fcllen und absenden, um unsere Angebote zu nutzen, z.B. um unsere Beratungsleistungen \u00fcber das Kontaktformular in Anspruch zu nehmen, speichern wir zus\u00e4tzlich die von Ihnen in das jeweilige Webformular eingegebenen Daten. Wir nutzen diese Daten ausschlie\u00dflich zur Erbringung der von Ihnen abgefragten Dienste und zur Verhinderung missbr\u00e4uchlicher Nutzungen.<\/p>\n<h4>Cookies<\/h4>\n<p>Wir verwenden Cookies. Das sind kleine Dateien, die vom Internetbrowser des Nutzers auf dessen Computer gespeichert werden. Cookies enthalten spezifische, auf den Nutzer bezogene Informationen. Sie erm\u00f6glichen es, den Nutzer bei einem erneuten Aufruf unserer Internetseite wiederzuerkennen und dadurch z.B. die Nutzungsh\u00e4ufigkeit und Nutzeranzahl der Seiten zu ermitteln und Verhaltensweisen der Seitennutzung zu analysieren. Wir nutzen notwendige Cookies. Diese helfen dabei, eine Webseite nutzbar zu machen, indem sie Grundfunktionen wie Seitennavigation und Zugriff auf sichere Bereiche der Webseite erm\u00f6glichen. Die Webseite kann ohne diese Cookies nicht richtig funktionieren. Cookies k\u00f6nnen \u00fcber das Ende einer Browser-Sitzung gespeichert bleiben und bei einem erneuten Seitenbesuch wieder aufgerufen werden. Wenn Sie die Nutzung von Cookies nicht w\u00fcnschen, sollten Sie die Annahme von Cookies in Ihrem Internetbrowser abschalten. Sie k\u00f6nnen unsere Internetseite auch mit abgeschalteten Cookies nutzen.<\/p>\n<p>Zur Verwaltung der eingesetzten Cookies und \u00e4hnlichen Technologien (Tracking-Pixel, Web-Beacons etc.) und diesbez\u00fcglicher Einwilligungen setzen wir das Consent Tool &#8220;Real Cookie Banner&#8221; ein. Details zur Funktionsweise von &#8220;Real Cookie Banner&#8221; finden Sie unter &lt;a href=&#8221;https:\/\/devowl.io\/de\/rcb\/datenverarbeitung\/&#8221; rel=&#8221;noreferrer&#8221; target=&#8221;_blank&#8221;&gt;https:\/\/devowl.io\/rcb\/data-processing\/&lt;\/a&gt;.<\/p>\n<p>Rechtsgrundlagen f\u00fcr die Verarbeitung von personenbezogenen Daten in diesem Zusammenhang sind Art. 6 Abs. 1 lit. c DS-GVO und Art. 6 Abs. 1 lit. f DS-GVO. Unser berechtigtes Interesse ist die Verwaltung der eingesetzten Cookies und \u00e4hnlichen Technologien und der diesbez\u00fcglichen Einwilligungen.<\/p>\n<p>Die Bereitstellung der personenbezogenen Daten ist nicht vertraglich vorgeschrieben und auch nicht f\u00fcr einen Vertragsabschluss erforderlich. Sie sind nicht verpflichtet die personenbezogenen Daten bereitzustellen. Wenn Sie die personenbezogenen Daten nicht bereitstellen, k\u00f6nnen wir Ihre Einwilligungen nicht verwalten.<\/p>\n<h4>Vereinsmitgliedschaft und Offlineformulare<\/h4>\n<p>Wenn Sie unserem Verein beitreten wollen, stellen wir Ihnen das Aufnahmeformular zum Download zur Verf\u00fcgung. Eine Onlineanmeldung ist nicht m\u00f6glich.<\/p>\n<p>Die uns offline \u00fcbermittelten Daten speichern wir f\u00fcr die Dauer Ihrer Mitgliedschaft bzw. zur Abwicklung ihrer Bestellung oder Anfrage. Wir verwenden Ihre Daten ausschlie\u00dflich zu Zwecken der Vereinsverwaltung und zur Erf\u00fcllung der satzungsm\u00e4\u00dfigen Aufgaben unseres Vereins.<\/p>\n<h4>Weitergabe der gespeicherten Daten an Dritte<\/h4>\n<p>Eine Weitergabe Ihrer pers\u00f6nlichen Daten an Dritte erfolgt nur an Mitglieder unseres Vereins, soweit dies gesetzlich vorgesehen und zur Erf\u00fcllung des Zweckes erforderlich ist.<\/p>\n<p>Auf unserer Webseite bieten wir die M\u00f6glichkeit, \u00fcber externe Links unsere Inhalte auf Facebook zu lesen. Benutzen Sie diese, werden Sie auf die Seiten der Anbieter weitergeleitet und entsprechende Nutzerinformationen weitergegeben, wenn Sie w\u00e4hrend der Benutzung unserer Seite auf einem dieser sozialen Netzwerke mit Ihrem Konto angemeldet sind. Wir als Betreiber haben keinen Einfluss auf die Daten, welche durch Plug-Ins an entsprechende Server vermittelt werden. In der Regel wird die IP-Adresse \u00fcbertragen.<\/p>\n<p>Weitere Informationen zum Umgang mit Ihren Daten entnehmen Sie bitte der Datenschutzerkl\u00e4rung des jeweiligen Anbieters:<\/p>\n<ul>\n<li>Facebook: https:\/\/de-de.facebook.com\/policy.php&gt;\/li&gt;<\/li>\n<\/ul>\n<h4>Ihre Rechte<\/h4>\n<p>Sie haben das Recht:<\/p>\n<ol>\n<li>die von Ihnen durch die Nutzung der Formulare erteilten Einwilligungen zur Speicherung, Verarbeitung und Weitergabe ihrer Daten jederzeit mit Wirkung f\u00fcr die Zukunft zu widerrufen.<\/li>\n<li>jederzeit Auskunft \u00fcber die zu Ihnen gespeicherten Daten zu verlangen.<\/li>\n<li>auf Berichtigung, L\u00f6schung und Einschr\u00e4nkung der Verarbeitung ihrer Daten.<\/li>\n<li>zur Beschwerde bei einer Aufsichtsbeh\u00f6rde.<\/li>\n<li>die \u00dcbertragung ihrer Daten von einer berechtigten Stelle auf eine andere zu verlangen (Daten\u00fcbertragbarkeit).<\/li>\n<\/ol>\n<h4>Kontaktdaten<\/h4>\n<p>Unsere, auch f\u00fcr Fragen des Datenschutzes zutreffenden, Kontaktdaten finden Sie in unserem <a href=\"?page_id=134\">Impressum<\/a>.<\/p>\n<p>Die Datenschutzerkl\u00e4rung k\u00f6nnen Sie auch als PDF-Datei in der jeweils g\u00fcltigen Form <a href=\"https:\/\/testhp.bggroteradler.de\/wp-content\/downloads\/datenschutz.pdf target=\" rel=\"noopener noreferrer\">herunterladen<\/a>.<\/p>\n","protected":false},"excerpt":{"rendered":"<p>Datenschutzerkl\u00e4rung der Brandenburgischen Genealogischen Gesellschaft \u201eRoter Adler\u201c e.V. Postfach 60 03 13, 14403 Potsdam, Stand: 16.04.2018 Mit dieser Datenschutzerkl\u00e4rung, gem. Datenschutzgrundverordnung (Art. 13 DSGVO) und Bundesdatenschutzgesetz (BDSG), erl\u00e4utern wir Ihnen, welche ggf. personenbezogenen Daten wir w\u00e4hrend Ihres Besuchs auf unserer Internetseite in welchem Umfang erheben und wie wir diese Informationen verwenden. Abruf der Internetseiten Alle Zugriffe auf unsere Internetseite werden protokolliert. Dabei wird die IP-Adresse, die Adressen der aufgerufenen Seiten und die Zugriffszeiten gespeichert. Die Speicherung erfolgt zur Abwehr missbr\u00e4uchlicher [&#8230;]<\/p>\n","protected":false},"author":1458,"featured_media":0,"parent":0,"menu_order":0,"comment_status":"closed","ping_status":"closed","template":"template-fullwidth.php","meta":{"_themeisle_gutenberg_block_has_review":false,"footnotes":""},"_links":{"self":[{"href":"https:\/\/testhp.bggroteradler.de\/index.php?rest_route=\/wp\/v2\/pages\/3745"}],"collection":[{"href":"https:\/\/testhp.bggroteradler.de\/index.php?rest_route=\/wp\/v2\/pages"}],"about":[{"href":"https:\/\/testhp.bggroteradler.de\/index.php?rest_route=\/wp\/v2\/types\/page"}],"author":[{"embeddable":true,"href":"https:\/\/testhp.bggroteradler.de\/index.php?rest_route=\/wp\/v2\/users\/1458"}],"replies":[{"embeddable":true,"href":"https:\/\/testhp.bggroteradler.de\/index.php?rest_route=%2Fwp%2Fv2%2Fcomments&post=3745"}],"version-history":[{"count":20,"href":"https:\/\/testhp.bggroteradler.de\/index.php?rest_route=\/wp\/v2\/pages\/3745\/revisions"}],"predecessor-version":[{"id":9279,"href":"https:\/\/testhp.bggroteradler.de\/index.php?rest_route=\/wp\/v2\/pages\/3745\/revisions\/9279"}],"wp:attachment":[{"href":"https:\/\/testhp.bggroteradler.de\/index.php?rest_route=%2Fwp%2Fv2%2Fmedia&parent=3745"}],"curies":[{"name":"wp","href":"https:\/\/api.w.org\/{rel}","templated":true}]}}