{"id":4044,"date":"2018-11-07T18:24:50","date_gmt":"2018-11-07T17:24:50","guid":{"rendered":"https:\/\/testhp.bggroteradler.de\/?page_id=4044"},"modified":"2022-02-10T23:23:09","modified_gmt":"2022-02-10T22:23:09","slug":"belletristikreihe","status":"publish","type":"page","link":"https:\/\/testhp.bggroteradler.de\/?page_id=4044","title":{"rendered":"Fabulas familiaris &#8211; Die Belletristikreihe (BR)"},"content":{"rendered":"<p><a href=\"https:\/\/testhp.bggroteradler.de\/wp-content\/uploads\/2010\/11\/mgdb2010-cover.jpg\"><img decoding=\"async\" class=\"alignright size-medium wp-image-671\" title=\"mgdb2010-cover\" src=\"https:\/\/testhp.bggroteradler.de\/wp-content\/uploads\/2010\/11\/mgdb2010-cover-209x300.jpg\" alt=\"\" width=\"147\" height=\"210\" srcset=\"https:\/\/testhp.bggroteradler.de\/wp-content\/uploads\/2010\/11\/mgdb2010-cover-209x300.jpg 209w, https:\/\/testhp.bggroteradler.de\/wp-content\/uploads\/2010\/11\/mgdb2010-cover-103x148.jpg 103w, https:\/\/testhp.bggroteradler.de\/wp-content\/uploads\/2010\/11\/mgdb2010-cover-21x31.jpg 21w, https:\/\/testhp.bggroteradler.de\/wp-content\/uploads\/2010\/11\/mgdb2010-cover-26x38.jpg 26w, https:\/\/testhp.bggroteradler.de\/wp-content\/uploads\/2010\/11\/mgdb2010-cover.jpg 242w\" sizes=\"(max-width: 147px) 100vw, 147px\" \/><\/a>Dies sind unregelm\u00e4\u00dfig erscheinende Werke, meist in Form von Erz\u00e4hlungen, die in der <strong><a name=\"Belletristikreihe\"><\/a><\/strong><span style=\"color: #ff0000;\"><strong>Belletristikreihe &#8220;Fabulas familiaris&#8221;<\/strong><\/span> der BGG &#8220;Roter Adler&#8221; e.V. ver\u00f6ffentlicht werden. Sie enthalten als Prosa verarbeitete Themen zur genealogischen oder regionalgeschichtlichen Forschung, die auf wahren Begebenheiten und realen Personen beruhen und regelm\u00e4\u00dfig mit einem ausf\u00fchrlichen Anhang zu den Hintergr\u00fcnden und ihren Quellen erg\u00e4nzt sind.<br>F\u00fcr Mitglieder des Vereins ist der Verkaufspreis reduziert. Der externe Verkauf erfolgt zzgl. Porto. Auch die Belletristikreihe ist \u00fcber das Verzeichnis lieferbarer B\u00fccher (VLB) in jeder Buchhandlung bestellbar.<\/p>\n<p>Bisher sind folgende B\u00fccher erschienen:<br><!--more--><\/p>\n<ul>\n<li><a href=\"?p=1289\">Treutler, Gerd-Christian: M\u00e4rkische Geschichten &#8211; Falkenhagen<\/a><\/li>\n<li><a href=\"?p=1272\">Kiesel, Iris: Familie Mette in Bredow im Havelland<\/a><\/li>\n<li><a href=\"?p=1470\">Biermann-Volke\/Steinbrecher\/Treutler: Sagenhafte Mark<\/a><\/li>\n<li><a href=\"?p=4013\">B\u00fcchtemann, Andreas: Zeitenwanderung. Durch 500 Jahre Familiengeschichte<\/a><\/li>\n<li><a href=\"https:\/\/testhp.bggroteradler.de\/wp-admin\/post.php?post=6317&amp;action=edit\">Berghahn, Lutz: Eine unbedeutende Familie in Spandau<\/a><\/li>\n<\/ul>\n\n\n<p><\/p>\n","protected":false},"excerpt":{"rendered":"<p>Dies sind unregelm\u00e4\u00dfig erscheinende Werke, meist in Form von Erz\u00e4hlungen, die in der Belletristikreihe &#8220;Fabulas familiaris&#8221; der BGG &#8220;Roter Adler&#8221; e.V. ver\u00f6ffentlicht werden. Sie enthalten als Prosa verarbeitete Themen zur genealogischen oder regionalgeschichtlichen Forschung, die auf wahren Begebenheiten und realen Personen beruhen und regelm\u00e4\u00dfig mit einem ausf\u00fchrlichen Anhang zu den Hintergr\u00fcnden und ihren Quellen erg\u00e4nzt sind.F\u00fcr Mitglieder des Vereins ist der Verkaufspreis reduziert. Der externe Verkauf erfolgt zzgl. Porto. Auch die Belletristikreihe ist \u00fcber das Verzeichnis lieferbarer B\u00fccher (VLB) in [&#8230;]<\/p>\n","protected":false},"author":1458,"featured_media":0,"parent":5668,"menu_order":7,"comment_status":"closed","ping_status":"closed","template":"","meta":{"_themeisle_gutenberg_block_has_review":false,"footnotes":""},"_links":{"self":[{"href":"https:\/\/testhp.bggroteradler.de\/index.php?rest_route=\/wp\/v2\/pages\/4044"}],"collection":[{"href":"https:\/\/testhp.bggroteradler.de\/index.php?rest_route=\/wp\/v2\/pages"}],"about":[{"href":"https:\/\/testhp.bggroteradler.de\/index.php?rest_route=\/wp\/v2\/types\/page"}],"author":[{"embeddable":true,"href":"https:\/\/testhp.bggroteradler.de\/index.php?rest_route=\/wp\/v2\/users\/1458"}],"replies":[{"embeddable":true,"href":"https:\/\/testhp.bggroteradler.de\/index.php?rest_route=%2Fwp%2Fv2%2Fcomments&post=4044"}],"version-history":[{"count":10,"href":"https:\/\/testhp.bggroteradler.de\/index.php?rest_route=\/wp\/v2\/pages\/4044\/revisions"}],"predecessor-version":[{"id":6807,"href":"https:\/\/testhp.bggroteradler.de\/index.php?rest_route=\/wp\/v2\/pages\/4044\/revisions\/6807"}],"up":[{"embeddable":true,"href":"https:\/\/testhp.bggroteradler.de\/index.php?rest_route=\/wp\/v2\/pages\/5668"}],"wp:attachment":[{"href":"https:\/\/testhp.bggroteradler.de\/index.php?rest_route=%2Fwp%2Fv2%2Fmedia&parent=4044"}],"curies":[{"name":"wp","href":"https:\/\/api.w.org\/{rel}","templated":true}]}}