{"id":4206,"date":"2019-01-19T19:13:03","date_gmt":"2019-01-19T18:13:03","guid":{"rendered":"https:\/\/testhp.bggroteradler.de\/?page_id=4206"},"modified":"2022-02-10T23:22:09","modified_gmt":"2022-02-10T22:22:09","slug":"forschungshilfen-bibliotheken","status":"publish","type":"page","link":"https:\/\/testhp.bggroteradler.de\/?page_id=4206","title":{"rendered":"Bibliotheken"},"content":{"rendered":"\n<p>Bibliotheken stellen in erster Linie Forschungsliteratur zur Verf\u00fcgung. F\u00fcr die Familiengeschichtsforschung empfehlen sich Spezialbibliotheken der Archive, Universit\u00e4ten und Museen, oft institutionell mit der Funktion einer Landesbibliothek verbunden.<\/p>\n<p>W\u00e4hrend die meisten Bibliotheken mit ihren online recherchierbaren Best\u00e4nden in einem der gro\u00dfen Verbundkataloge vertreten sind, ist dies in einer Reihe von Fach- und Dienstbibliotheken nicht der Fall. Dennoch verf\u00fcgen auch diese oft \u00fcber eine eigene Online-Recherche. Leider sind aber nicht selten eine Reihe von Best\u00e4nden noch nicht in Online-Katalogen erfasst, sondern nur \u00fcber analoge Findmittel vor Ort recherchierbar.<\/p><br>\n<table class=\"wp-block-advgb-table advgb-table-frontend\">\n  <tbody>\n    <tr>\n      <td style=\"background-color:#f0f0f0;color:#cc1111;border-top-color:#cc1111;border-right-color:#cc1111;border-bottom-color:#cc1111;border-left-color:#cc1111\" data-border-color=\"#cc1111\"><strong>Bibliothek<\/strong>\n      <\/td>\n      <td style=\"background-color:#f0f0f0;color:#cc1111;border-top-color:#cc1111;border-right-color:#cc1111;border-bottom-color:#cc1111;border-left-color:#cc1111\" data-border-color=\"#cc1111\"><strong>Hinweise und Links<\/strong>\n      <\/td>\n    <\/tr>\n    <tr>\n      <td><\/td>\n      <td><\/td>\n    <\/tr>\n    <tr>\n      <td><em><strong>Gemeinsamer Bibliotheksverbund (GVK)<\/strong><\/em>\n      <\/td>\n      <td>Der GVK ist der frei zug\u00e4ngliche Ausschnitt der <strong>Verbunddatenbank<\/strong> vieler Bibliotheken mit den f\u00fcr die Fernleihe und Direkt-Lieferdienste relevanten Materialien.<br><br>\n<strong>Links:<\/strong><br>\n<a href=\"https:\/\/gso.gbv.de\">Einfache Suche<\/a><br>\n<a href=\"https:\/\/gso.gbv.de\/DB=2.1\/ADVANCED_SEARCHFILTER\">Erweiterte Suche<\/a>\n      <\/td>\n    <\/tr>\n    <tr>\n      <td><\/td>\n      <td><\/td>\n    <\/tr>\n    <tr>\n      <td><strong><em>Bibliothek des Brandenburgischen Landeshauptarchivs (BLHA)<\/em><\/strong>\n      <\/td>\n      <td>Online-Katalog der wissenschaftlichen Pr\u00e4senzbibliothek zur <strong>brandenburgischen Landesgeschichte<\/strong> und Archivwissenschaft<br><br>\n<strong>Links:<\/strong><br>\n<a href=\"http:\/\/blha-bibliothek.brandenburg.de\/de-de\/\">Kontakt und \u00d6ffnungszeiten<\/a><br>\n<a href=\"http:\/\/blha-bibliothek.brandenburg.de\/de-de\/Mediensuche\/Erweiterte-Suche\">Erweiterte Suche<\/a>\n      <\/td>\n    <\/tr>\n    <tr>\n      <td><\/td>\n      <td><\/td>\n    <\/tr>\n    <tr>\n      <td><strong><em>Dienstbibliothek des Geheimen Staatsarchivs Preu\u00dfischer Kulturbesitz (GStA PK)<\/em><\/strong>\n      <\/td>\n      <td>Sammelgebiete der <strong>Bibliothek<\/strong> sind die Geschichte Brandenburg-Preu\u00dfens, dessen Vorl\u00e4uferstaaten, Territorialteile und Provinzen sowie die Historischen Hilfswissenschaften.<br><br>\n<strong>Links:<\/strong><br>\n<a href=\"https:\/\/www.gsta.spk-berlin.de\/benutzung_und_bestellung_1509.html\">Hinweise zur Benutzung und Bestellung<\/a><br>\n<a href=\"https:\/\/lhiai.gbv.de\/DB=4\/\">Einfach Suche<\/a><br>\n<a href=\"https:\/\/lhiai.gbv.de\/DB=4\/LNG=DU\/SID=8dfa7687-1\/ADVANCED_SEARCHFILTER\">Erweiterte Suche<\/a>\n      <\/td>\n    <\/tr>\n    <tr>\n      <td><\/td>\n      <td><\/td>\n    <\/tr>\n    <tr>\n      <td><strong><em>Landesgeschichtliche Vereinigung f\u00fcr die Mark Brandenburg e.V.<\/em><\/strong>\n      <\/td>\n      <td>Bibliothekskatalog online zu den Best\u00e4nden mit dem <strong>Sammelschwerpunkt brandenburgischer Landesgeschichte<\/strong>, insbesondere auch mit sonst kaum in Bibliotheken verzeichneter &#8220;Grauer Literatur&#8221; und Alltagsdrucken.<br><br>\n<strong>Links:<\/strong><br>\n<a href=\"http:\/\/www.geschichte-brandenburg.de\/lv-neu\/\">Kontakt und \u00d6ffnungszeiten<\/a><br>\n<a href=\"http:\/\/geschichte-brandenburg.allegronet.de\/\">Suche<\/a>\n      <\/td>\n    <\/tr>\n    <tr>\n      <td><\/td>\n      <td><\/td>\n    <\/tr>\n    <tr>\n      <td><strong><em>Berlin &#8211; Digitale Landesbibliothek<\/em><\/strong>\n      <\/td>\n      <td>Die Zentral- und Landesbibliothek <strong>Berlin<\/strong> bietet hier <strong>retrodigitalisierte historische Best\u00e4nde<\/strong> online an, darunter die Adressb\u00fccher seit 1799.<br><br>\n<strong>Links:<\/strong><br>\n<a href=\"https:\/\/digital.zlb.de\/viewer\/index\">Startseite + Kontakt<\/a><br>\n<a href=\"https:\/\/digital.zlb.de\/viewer\/search\/\">Suche<\/a><br>\n<a href=\"https:\/\/digital.zlb.de\/viewer\/cms\/155\/\">Berliner Adress- und Telefonb\u00fccher<\/a><br>\n<a href=\"https:\/\/digital.zlb.de\/viewer\/term\/MD_TITLE_UNTOKENIZED\/1\/\">Historische Zeitschriften und Zeitungen<\/a>\n      <\/td>\n    <\/tr>\n    <tr>\n      <td><\/td>\n      <td><\/td>\n    <\/tr>\n    <tr>\n      <td><strong><em>ZEFYS Historische Zeitschriften<\/em><\/strong>\n      <\/td><td>Die Zeitungsabteilung der Staatsbibliothek zu Berlin bietet im <strong>Zeitschrifteninformationssystem<\/strong> ZEFYS den Zugang zu \u00fcber 250.000 Ausgaben von 193 digitalisierten historischen deutschsprachigen Zeitungen, darunter die Amtspresse Preu\u00dfens.<br><br>\n<strong>Links:<\/strong><br>\n<a href=\"http:\/\/zefys.staatsbibliothek-berlin.de\/index.php?id=list\">Liste der digitalisierten Zeitungen<\/a><br>\n<a href=\"http:\/\/zefys.staatsbibliothek-berlin.de\/index.php?id=overview\">Metasuche<\/a>\n      <\/td>\n    <\/tr>\n    <tr>\n      <td><\/td>\n      <td><\/td>\n    <\/tr>\n    <tr>\n      <td><strong><em>Deutsche Digitale Bibliothek<\/em><\/strong>\n      <\/td>\n      <td>Anbieter ist die <strong>Stiftung Preu\u00dfischer Kulturbesitz<\/strong> Berlin, welche hier mehr als 24 Mio. Objekte, davon \u00fcber 9 Mio. Digitalisate online zug\u00e4nglich macht.<br><br>\n<strong>Link:<\/strong><br>\n<a href=\"https:\/\/www.deutsche-digitale-bibliothek.de\/\">Einfache Suche<\/a><br>\n<a href=\"https:\/\/www.deutsche-digitale-bibliothek.de\/advancedsearch\">Erweiterte Suche<\/a>\n      <\/td>\n    <\/tr>\n    <tr>\n      <td><\/td>\n      <td><\/td>\n    <\/tr>\n    <tr>\n      <td><strong><em>M\u00fcnchner Digitalisierungszentrum (MDZ) Digitale Bibliothek<\/em><\/strong>\n      <\/td>\n      <td>Das MDZ bringt die reichhaltigen Best\u00e4nde der <strong>Bayerischen Staatsbibliothek<\/strong> (BSB) ins Internet.<br><br>\n<strong>Links:<strong><br>\n<a href=\"https:\/\/www.digitale-sammlungen.de\/index.html?c=suchen&#038;l=de\">Einfache Suche<\/a><br>\n<a href=\"https:\/\/www.digitale-sammlungen.de\/index.html?c=suchenm&amp;l=de\">Erweiterte Suche<\/a>\n      <\/td>\n    <\/tr>\n    <tr>\n      <td><\/td>\n      <td><\/td>\n    <\/tr>\n    <tr>\n      <td><strong><em>Virtuelle Deutsche Landesbibliographie (KIT-Bibliothek Karlsruhe)<\/em><\/strong>\n      <\/td>\n      <td>Meta-Katalog zum <strong>Nachweis landeskundlicher Literatur<\/strong> in Deutschland, u.a. nach Bundesl\u00e4ndern ausw\u00e4hlbar.<br><br>\n<strong>Link:<\/strong><br>\n<a href=\"http:\/\/kvk.bibliothek.kit.edu\/vdl\/\">Suche<\/a>\n      <\/td>\n    <\/tr>\n    <tr>\n      <td><\/td>\n      <td><\/td>\n    <\/tr>\n    <tr>\n      <td><em><strong>\u00d6sterreichische Nationalbibliothek &#8211; digital<\/strong><\/em>\n      <\/td>\n     <td>Digitaler Lesesaal und <strong>Zugang zu Katalogen und Datenbanken<\/strong> u.a. mit vielen historischen Volltexten.<br><br>\n<strong>Link:<\/strong><br>\n<a href=\"https:\/\/search.onb.ac.at\/primo-explore\/search?vid=ONB&#038;lang=de_DE&#038;sortby=rank\">Einfache Suche<\/a><br>\n<a href=\"https:\/\/search.onb.ac.at\/primo-explore\/search?vid=ONB&amp;sortby=rank&amp;lang=de_DE\">Erweiterte Suche<\/a>\n      <\/td>\n    <\/tr>\n    <tr>\n      <td><\/td>\n      <td><\/td>\n    <\/tr>\n    <tr>\n      <td><strong><em>ANNO &#8211; AustriaN Newspapers Online<\/em><\/strong>\n      <\/td>\n      <td>ANNO ist der digitale Zeitungs- und Zeitschriftenlesesaal der \u00d6sterreichischen Nationalbibliothek. Hier kann in <strong>historischen \u00f6sterreichischen Zeitungen und Zeitschriften<\/strong> online gebl\u00e4ttert, gesucht und gelesen werden.<br><br>\n<strong>Link:<\/strong><br>\n<a href=\"http:\/\/anno.onb.ac.at\">ANNO &#8211; AustriaN Newspapers Online<\/a><br>\n<a href=\"http:\/\/anno.onb.ac.at\/anno-suche#searchMode=complex&amp;dateMode=period&amp;from=1\">Erweiterte Suche<\/a>\n      <\/td>\n    <\/tr>\n    <tr>\n      <td><\/td>\n      <td><\/td>\n    <\/tr>\n    <tr>\n      <td><strong><em>Zeno.org Volltextbibliothek<\/em><\/strong>\n      <\/td>\n      <td>Die Contumax GmbH &amp; Co. KG Berlin stellt <strong>Digitalisate historischer Werke<\/strong> z. B. zur Geschichte und von Lexika online.<br><br\n<strong>Link:<\/strong><br>\n<a href=\"http:\/\/www.zeno.org\/Lesesaal\">Lesesaal<\/a><br>\n<a href=\"http:\/\/www.zeno.org\/Zeno\/0\/Profisuche?m=1\">Erweiterte Suche<\/a>\n      <\/td>\n    <\/tr>\n    <tr>\n      <td><\/td>\n      <td><\/td>\n    <\/tr>\n    <tr>\n      <td><strong><em>DigiZeitschriften e.V.<\/em><\/strong>\n      <\/td>\n      <td>Das Deutsche Digitale <strong>Zeitschriftenarchiv<\/strong> ist ein Service f\u00fcr das wissenschaftliche Arbeiten mit 736 digitalisierten Kernzeitschriften der deutschen Forschung in \u00fcber 9 Mio. Beitr\u00e4gen. DigiZeitschriften bietet Hochschulen, sonstigen wissenschaftlichen und \u00f6ffentlichen Einrichtungen \u00fcber ein kostenpflichtiges Abonnement den Zugriff auf ein digitales Archiv. Diese Institutionen k\u00f6nnen den Service dann Ihren Mitarbeitern, Studierenden, Kunden oder sonstigen Personen \u00fcber Ihre Rechner zur Verf\u00fcgung stellen. Ein Abonnement durch Einzelpersonen ist nicht m\u00f6glich. Es gibt jedoch auch einen Bereich &#8220;Open Access&#8221; in dem jedermann Zugriff auf Jahrg\u00e4nge hat, die entweder gemeinfrei sind oder bei denen DigiZeitschriften e.V. vom Rechteinhaber die Berechtigung erworben hat, diese frei zur Verf\u00fcgung zu stellen.<br><br>\n<strong>Link:<\/strong><br>\n<a href=\"http:\/\/www.digizeitschriften.de\/openaccess\/\">Open Access Bereich<\/a>\n      <\/td>\n    <\/tr>\n  <\/tbody>\n<\/table>\n\n\n\n<p><\/p>\n","protected":false},"excerpt":{"rendered":"<p>Bibliotheken stellen in erster Linie Forschungsliteratur zur Verf\u00fcgung. F\u00fcr die Familiengeschichtsforschung empfehlen sich Spezialbibliotheken der Archive, Universit\u00e4ten und Museen, oft institutionell mit der Funktion einer Landesbibliothek verbunden. W\u00e4hrend die meisten Bibliotheken mit ihren online recherchierbaren Best\u00e4nden in einem der gro\u00dfen Verbundkataloge vertreten sind, ist dies in einer Reihe von Fach- und Dienstbibliotheken nicht der Fall. Dennoch verf\u00fcgen auch diese oft \u00fcber eine eigene Online-Recherche. Leider sind aber nicht selten eine Reihe von Best\u00e4nden noch nicht in Online-Katalogen erfasst, sondern nur [&#8230;]<\/p>\n","protected":false},"author":1458,"featured_media":4207,"parent":5641,"menu_order":11,"comment_status":"closed","ping_status":"closed","template":"template-fullwidth.php","meta":{"_themeisle_gutenberg_block_has_review":false,"footnotes":""},"_links":{"self":[{"href":"https:\/\/testhp.bggroteradler.de\/index.php?rest_route=\/wp\/v2\/pages\/4206"}],"collection":[{"href":"https:\/\/testhp.bggroteradler.de\/index.php?rest_route=\/wp\/v2\/pages"}],"about":[{"href":"https:\/\/testhp.bggroteradler.de\/index.php?rest_route=\/wp\/v2\/types\/page"}],"author":[{"embeddable":true,"href":"https:\/\/testhp.bggroteradler.de\/index.php?rest_route=\/wp\/v2\/users\/1458"}],"replies":[{"embeddable":true,"href":"https:\/\/testhp.bggroteradler.de\/index.php?rest_route=%2Fwp%2Fv2%2Fcomments&post=4206"}],"version-history":[{"count":19,"href":"https:\/\/testhp.bggroteradler.de\/index.php?rest_route=\/wp\/v2\/pages\/4206\/revisions"}],"predecessor-version":[{"id":4837,"href":"https:\/\/testhp.bggroteradler.de\/index.php?rest_route=\/wp\/v2\/pages\/4206\/revisions\/4837"}],"up":[{"embeddable":true,"href":"https:\/\/testhp.bggroteradler.de\/index.php?rest_route=\/wp\/v2\/pages\/5641"}],"wp:featuredmedia":[{"embeddable":true,"href":"https:\/\/testhp.bggroteradler.de\/index.php?rest_route=\/wp\/v2\/media\/4207"}],"wp:attachment":[{"href":"https:\/\/testhp.bggroteradler.de\/index.php?rest_route=%2Fwp%2Fv2%2Fmedia&parent=4206"}],"curies":[{"name":"wp","href":"https:\/\/api.w.org\/{rel}","templated":true}]}}