{"id":4453,"date":"2019-04-22T22:22:56","date_gmt":"2019-04-22T21:22:56","guid":{"rendered":"https:\/\/testhp.bggroteradler.de\/?page_id=4453"},"modified":"2022-02-17T00:38:11","modified_gmt":"2022-02-16T23:38:11","slug":"freistellungsbescheid","status":"publish","type":"page","link":"https:\/\/testhp.bggroteradler.de\/?page_id=4453","title":{"rendered":"Freistellungsbescheid"},"content":{"rendered":"\n<p><strong>Hinweis zur steuerlichen Absetzbarkeit von Mitgliedsbeitr\u00e4gen und Spenden:<\/strong><br class=\"\u201cclear\u201d\">Nach allgemeiner Rechtsprechung (zuletzt OFD Koblenz 2009) sind f\u00fcr Spenden bis 100 Euro generell und bis 200 Euro mit Einzelaufstellung keine gesonderten Spendenbescheinigungen f\u00fcr die Steuererkl\u00e4rung notwendig. Zur Erleichterung und Kostenminderung f\u00fcr Sie und uns bitten wir sie daher, ihren Mitgliedsbeitrag bzw. Spende unterhalb dieser Beitragsgrenze unter Nachweis der Einzahlung\/Abbuchung ohne Spendenbescheinigung bei ihrem Finanzamt einzureichen. F\u00fcr den Nachweis unserer steuerbeg\u00fcnstigten Gemeinn\u00fctzigkeit stellen wir Ihnen unseren aktuellen Freistellungsbescheid nachfolgend zur Verf\u00fcgung,<\/p>\n<br class=\"\u201cclear\u201d\"><a rel=\"noreferrer noopener\" aria-label=\" (\u00f6ffnet in neuem Tab)\" href=\"https:\/\/testhp.bggroteradler.de\/wp-content\/uploads\/2021\/07\/FA-Freistellung-2018-2020.pdf\" target=\"_blank\">Freistellungsbescheid 2018-2020<\/a><br class=\"\u201cclear\u201d\"><br class=\"\u201cclear\u201d\"><a rel=\"noreferrer noopener\" aria-label=\" (\u00f6ffnet in neuem Tab)\" href=\"https:\/\/testhp.bggroteradler.de\/downloads\/fa-freistellung_2015-2017.pdf\" target=\"_blank\">Freistellungsbescheid 2015-2017<\/a><\/p>\n","protected":false},"excerpt":{"rendered":"<p>Hinweis zur steuerlichen Absetzbarkeit von Mitgliedsbeitr\u00e4gen und Spenden:Nach allgemeiner Rechtsprechung (zuletzt OFD Koblenz 2009) sind f\u00fcr Spenden bis 100 Euro generell und bis 200 Euro mit Einzelaufstellung keine gesonderten Spendenbescheinigungen f\u00fcr die Steuererkl\u00e4rung notwendig. Zur Erleichterung und Kostenminderung f\u00fcr Sie und uns bitten wir sie daher, ihren Mitgliedsbeitrag bzw. Spende unterhalb dieser Beitragsgrenze unter Nachweis der Einzahlung\/Abbuchung ohne Spendenbescheinigung bei ihrem Finanzamt einzureichen. F\u00fcr den Nachweis unserer steuerbeg\u00fcnstigten Gemeinn\u00fctzigkeit stellen wir Ihnen unseren aktuellen Freistellungsbescheid nachfolgend zur Verf\u00fcgung, Freistellungsbescheid 2018-2020Freistellungsbescheid [&#8230;]<\/p>\n","protected":false},"author":1458,"featured_media":0,"parent":5635,"menu_order":7,"comment_status":"closed","ping_status":"closed","template":"","meta":{"_themeisle_gutenberg_block_has_review":false,"footnotes":""},"_links":{"self":[{"href":"https:\/\/testhp.bggroteradler.de\/index.php?rest_route=\/wp\/v2\/pages\/4453"}],"collection":[{"href":"https:\/\/testhp.bggroteradler.de\/index.php?rest_route=\/wp\/v2\/pages"}],"about":[{"href":"https:\/\/testhp.bggroteradler.de\/index.php?rest_route=\/wp\/v2\/types\/page"}],"author":[{"embeddable":true,"href":"https:\/\/testhp.bggroteradler.de\/index.php?rest_route=\/wp\/v2\/users\/1458"}],"replies":[{"embeddable":true,"href":"https:\/\/testhp.bggroteradler.de\/index.php?rest_route=%2Fwp%2Fv2%2Fcomments&post=4453"}],"version-history":[{"count":7,"href":"https:\/\/testhp.bggroteradler.de\/index.php?rest_route=\/wp\/v2\/pages\/4453\/revisions"}],"predecessor-version":[{"id":6951,"href":"https:\/\/testhp.bggroteradler.de\/index.php?rest_route=\/wp\/v2\/pages\/4453\/revisions\/6951"}],"up":[{"embeddable":true,"href":"https:\/\/testhp.bggroteradler.de\/index.php?rest_route=\/wp\/v2\/pages\/5635"}],"wp:attachment":[{"href":"https:\/\/testhp.bggroteradler.de\/index.php?rest_route=%2Fwp%2Fv2%2Fmedia&parent=4453"}],"curies":[{"name":"wp","href":"https:\/\/api.w.org\/{rel}","templated":true}]}}