{"id":51,"date":"2010-11-18T12:02:10","date_gmt":"2010-11-18T11:02:10","guid":{"rendered":"http:\/\/wp.bggroteradler.de\/?page_id=51"},"modified":"2021-08-27T21:14:42","modified_gmt":"2021-08-27T20:14:42","slug":"uckermark","status":"publish","type":"page","link":"https:\/\/testhp.bggroteradler.de\/?page_id=51","title":{"rendered":"Uckermark"},"content":{"rendered":"<p>Forschungsstelle Uckermark (gegr\u00fcndet am 13.07.2006)<br \/>\nForschungsstellenleiter ist <strong>vakant<\/strong>.<br \/>\nAnfragen \u00fcber <a href=\"mailto:bgg-fstuckermark@bggroteradler.de\">BGG-FST-Uckermark<\/a><\/p>\n<hr>\n<h3>Ziele der Forschungsstelle (FST) Uckermark<\/h3>\n<p>Die Forschungsstelle Uckermark wurde am 13.07.2006 als Teil der Brandenburgischen Genealogischen Gesellschaft (BGG) \u201eRoter Adler\u201c e.V. gegr\u00fcndet. Die Forschungsstelle hat sich das Ziel gesetzt, die genealogische Forschung in der Uckermark zu f\u00f6rdern. Das Forschungsgebiet umfasst die historische Uckermark, so wie sie im Historischen Ortslexikon f\u00fcr Brandenburg Teil VIII Uckermark von Lieselott Enders (1986) beschrieben worden ist.<\/p>\n<h3>Beschreibung des Forschungsgebiets<\/h3>\n<p>Die Uckermark ist eine historische Landschaft in Nordostdeutschland. Bis 1952 bestand die Uckermark verwaltungstechnisch aus den drei Landkreisen Prenzlau, Templin und Angerm\u00fcnde. Heute repr\u00e4sentiert der brandenburgische Kreis Uckermark den gr\u00f6\u00dften Teil der historischen Uckermark. Jedoch geh\u00f6ren heute auch uckerm\u00e4rkische Gebiete zu den brandenburgischen Kreisen Barnim und Oberhavel sowie zu den Kreisen Vorpommern-Greifswald und Mecklenburgische Seenplatte des Bundeslandes Mecklenburg-Vorpommern.<\/p>\n<p><span style=\"text-decoration: underline;\"><img decoding=\"async\" src=\"wp-content\/uploads\/2010\/11\/umk.jpg\" alt=\"\" width=\"690\" height=\"695\"><\/span><\/p>\n<h4>Was wir anbieten!<\/h4>\n<ul>\n<li>Unterst\u00fctzung bei der Erforschung von Vorfahren in der Uckermark (Hinweise auf Quellen, Literatur und allgemeine Ratschl\u00e4ge)<\/li>\n<li>Plattform sich mit Forschern desselben Forschungsgebietes auszutauschen<\/li>\n<li>M\u00f6glichkeit seine Forschungsergebnisse mit Schwerpunkt Uckermark zu ver\u00f6ffentlichen<\/li>\n<\/ul>\n<h4>Was wir nicht leisten k\u00f6nnen!<\/h4>\n<ul>\n<li>Durchf\u00fchrung von genealogischen Forschungen f\u00fcr einzelne Personen<\/li>\n<\/ul>\n<h4>Mitarbeit ist herzlich willkommen<\/h4>\n<p>Mitarbeit kann bedeuten:<\/p>\n<ul>\n<li>Ansprechpartner f\u00fcr bestimmte Orte und\/oder Familiennamen in der Uckermark zu sein<\/li>\n<li>Auswertung von Kirchenbuchduplikate (KBD) der Uckermark<\/li>\n<li>Artikel f\u00fcr BGN und BGJ zu schreiben<\/li>\n<\/ul>\n<h4>Weitere Informationen<\/h4>\n<ul>\n<li><a href=\"https:\/\/testhp.bggroteradler.de\/?page_id=3030\">Die Uckermark<\/a><\/li>\n<li><a href=\"https:\/\/testhp.bggroteradler.de\/?page_id=3038\">Konfessionen in der Uckermark<\/a><\/li>\n<li><a href=\"https:\/\/testhp.bggroteradler.de\/?page_id=3048\">Kirchenb\u00fccher und andere genealogische Quellen<\/a><\/li>\n<li><a href=\"https:\/\/testhp.bggroteradler.de\/?page_id=3061\">Ortsfamilienb\u00fccher (OFB) der Uckermark<\/a><\/li>\n<li><a href=\"https:\/\/testhp.bggroteradler.de\/?page_id=3070\">Projekte der FS Uckermark<\/a><\/li>\n<\/ul>\n<p>Text: Christian Schulz <a href=\"https:\/\/testhp.bggroteradler.de\/?page_id=51\">Forschungsstelle Uckermark<\/a><\/p>\n","protected":false},"excerpt":{"rendered":"<p>Forschungsstelle Uckermark (gegr\u00fcndet am 13.07.2006) Forschungsstellenleiter ist vakant. Anfragen \u00fcber BGG-FST-Uckermark Ziele der Forschungsstelle (FST) Uckermark Die Forschungsstelle Uckermark wurde am 13.07.2006 als Teil der Brandenburgischen Genealogischen Gesellschaft (BGG) \u201eRoter Adler\u201c e.V. gegr\u00fcndet. Die Forschungsstelle hat sich das Ziel gesetzt, die genealogische Forschung in der Uckermark zu f\u00f6rdern. Das Forschungsgebiet umfasst die historische Uckermark, so wie sie im Historischen Ortslexikon f\u00fcr Brandenburg Teil VIII Uckermark von Lieselott Enders (1986) beschrieben worden ist. Beschreibung des Forschungsgebiets Die Uckermark ist eine historische [&#8230;]<\/p>\n","protected":false},"author":1458,"featured_media":0,"parent":5641,"menu_order":7,"comment_status":"closed","ping_status":"closed","template":"","meta":{"_themeisle_gutenberg_block_has_review":false,"footnotes":""},"_links":{"self":[{"href":"https:\/\/testhp.bggroteradler.de\/index.php?rest_route=\/wp\/v2\/pages\/51"}],"collection":[{"href":"https:\/\/testhp.bggroteradler.de\/index.php?rest_route=\/wp\/v2\/pages"}],"about":[{"href":"https:\/\/testhp.bggroteradler.de\/index.php?rest_route=\/wp\/v2\/types\/page"}],"author":[{"embeddable":true,"href":"https:\/\/testhp.bggroteradler.de\/index.php?rest_route=\/wp\/v2\/users\/1458"}],"replies":[{"embeddable":true,"href":"https:\/\/testhp.bggroteradler.de\/index.php?rest_route=%2Fwp%2Fv2%2Fcomments&post=51"}],"version-history":[{"count":19,"href":"https:\/\/testhp.bggroteradler.de\/index.php?rest_route=\/wp\/v2\/pages\/51\/revisions"}],"predecessor-version":[{"id":7039,"href":"https:\/\/testhp.bggroteradler.de\/index.php?rest_route=\/wp\/v2\/pages\/51\/revisions\/7039"}],"up":[{"embeddable":true,"href":"https:\/\/testhp.bggroteradler.de\/index.php?rest_route=\/wp\/v2\/pages\/5641"}],"wp:attachment":[{"href":"https:\/\/testhp.bggroteradler.de\/index.php?rest_route=%2Fwp%2Fv2%2Fmedia&parent=51"}],"curies":[{"name":"wp","href":"https:\/\/api.w.org\/{rel}","templated":true}]}}