{"id":5235,"date":"2019-08-15T22:31:21","date_gmt":"2019-08-15T21:31:21","guid":{"rendered":"https:\/\/testhp.bggroteradler.de\/?page_id=5235"},"modified":"2022-02-10T23:03:49","modified_gmt":"2022-02-10T22:03:49","slug":"kirchenbuecher-und-kirchenbuchduplikate","status":"publish","type":"page","link":"https:\/\/testhp.bggroteradler.de\/?page_id=5235","title":{"rendered":"Kirchenb\u00fccher und Kirchenbuchduplikate"},"content":{"rendered":"<p><br class=\"\u201cclear\u201d\"><\/p>\n<div style=\"font-weight: bold; text-align: justify; font-style: italic;\">Was sind Kirchenb\u00fccher?<\/div>\n<p><br class=\"\u201cclear\u201d\">Erst 1874 ging das Personenstandswesen mit der Einf\u00fchrung der Standes\u00e4mter in staatliche H\u00e4nde \u00fcber. Geburten, Heiraten und Sterbef\u00e4lle m\u00fcssen seitdem beim zust\u00e4ndigen Standesamt angezeigt und erfasst werden. Fr\u00fcher war dies jedoch Sache der Kirchen.<\/p>\n<p>Die Daten der Standes\u00e4mter reichen meist zur\u00fcck bis etwa Mitte des 19. Jahrhunderts. Will man weiter zur\u00fcck in die Vergangenheit, dann kommt man an den Kirchenb\u00fcchern der jeweiligen Pfarrgemeinden nicht vorbei. Kirchenb\u00fccher &#8211; im amtlichen Sprachgebrauch als Amtshandlungsverzeichnisse bezeichnet &#8211; wurden bereits seit dem 15. Jahrhundert und unabh\u00e4ngig von Stand, Geschlecht und Verm\u00f6gen einer Person gef\u00fchrt und darin s\u00e4mtliche kirchliche Amtshandlungen beurkundet. In Brandenburg reichen die allermeisten heute noch existierenden Kirchenb\u00fccher jedoch nur bis ins 17. Jahrhundert zur\u00fcck.<\/p>\n<p>Allgemein bekannt und auch heute noch in den einzelnen Pfarreien gef\u00fchrt werden Taufb\u00fccher, Konfirmationsb\u00fccher, Trauungsb\u00fccher und Beerdigungsb\u00fccher. Zu den Kirchenb\u00fcchern werden im landl\u00e4ufigen Sprachgebrauch auch die im 19. Jahrhundert aufgekommenen Familienregister gez\u00e4hlt, auch wenn in ihnen keine Beurkundung einer kirchlichen Amtshandlung erfolgt. Zur Gruppe der heute nicht mehr gebr\u00e4uchlichen Kirchenb\u00fccher geh\u00f6ren zudem die Verlobungsb\u00fccher (Proklamationen), die Kommunikantenregister, in denen die Abendmahlsteilnehmer verzeichnet wurden, sowie die Seelenregister, seit ungef\u00e4hr Mitte des 18. Jahrhunderts als Vorl\u00e4ufer der Familienregister gef\u00fchrt wurden.<\/p>\n<p>F\u00fcr die Provinz Brandenburg existieren zudem auch eine Vielzahl an Kirchenbuch-Duplikaten. Diese Abschriften wurden von ca. 1795 bis zur Einf\u00fchrung der Standes\u00e4mter im Jahr 1874 im Auftrag des jeweils zust\u00e4ndigen Amtsgerichts angefertigt und nach Ende eines jeden Jahres dort abgegeben.<br \/>\n<br class=\"\u201cclear\u201d\"><br class=\"\u201cclear\u201d\"><\/p>\n<div style=\"font-weight: bold; text-align: justify; font-style: italic;\">Wo kann ich die Kirchenb\u00fccher einsehen?<\/div>\n<p><br class=\"\u201cclear\u201d\"><\/p>\n<div style=\"font-weight: bold; text-align: justify;\">1. Evangelische Kirchenb\u00fccher<\/div>\n<p>Dies ist von Region zu Region unterschiedlich. Der gr\u00f6\u00dfte Teil der Evangelischen Kirchenb\u00fccher der ehemaligen Mark Brandenburg befindet sich heute noch immer in den jeweiligen Pfarrgemeinden. Diese wurden jedoch zum \u00fcberwiegenden Teil verfilmt und k\u00f6nnen daher als Verfilmung im <a href=\"https:\/\/www.landeskirchenarchivberlin.de\/\" target=\"_blank\" rel=\"noopener noreferrer\">Evangelischen Landeskirchlichen Archiv in Berlin<\/a> (ELAB) im Bethaniendamm 29 in 10997 Berlin-Kreuzberg Montags bis Freitags von 9 bis 16 Uhr eingesehen werden.<\/p>\n<p>Ein Teil dieser Kirchenb\u00fccher wurde inzwischen bereits digitalisiert und kann kostenpflichtig bei <a href=\"https:\/\/www.archion.de\/de\/browse\/?no_cache=1#https:\/\/www.archion.de\/de\/browse\/?no_cache=1&amp;path=36694\" target=\"_blank\" rel=\"noopener noreferrer\">Archion<\/a>, dem gemeinsame Portal der evangelischen Kirchen in Deutschland, online eingesehen werden. Und auch im Familienforschungs-Portal <a href=\"https:\/\/testhp.bggroteradler.de\/?page_id=3134\" target=\"_blank\" rel=\"noopener noreferrer\">Ancestry<\/a> (ebenfalls kostenpflichtig) sind zahlreiche Brandenburger und Berliner Kirchenb\u00fccher digitalisiert online einsehbar. Zu empfehlen sind dort vor allem die folgenden Sammlungen, die eine Vielzahl an Kirchenb\u00fcchern sowohl aus dem aktuellen Deutschen Staatsgebiet als auch aus den ehemaligen Deutschen Gebieten enthalten:<br \/>\n<br class=\"\u201cclear\u201d\"><a href=\"https:\/\/www.ancestry.de\/search\/collections\/glugermany\/\">Deutschland, ausgew\u00e4hlte evangelische Kirchenb\u00fccher 1567-1945<\/a><br \/>\n<br class=\"\u201cclear\u201d\"><a href=\"https:\/\/www.ancestry.de\/search\/collections\/glugermany2\/\">Deutschland, ausgew\u00e4hlte evangelische Kirchenb\u00fccher 1518-1921<\/a><br \/>\n<br class=\"\u201cclear\u201d\"><a href=\"https:\/\/www.ancestry.de\/search\/collections\/glutherangermany\/\">Deutschland, ausgew\u00e4hlte evangelische Kirchenb\u00fccher 1500-1971<\/a><br \/>\n<br class=\"\u201cclear\u201d\">Kirchenb\u00fccher von uckerm\u00e4rkischen Orten, die zur evangelischen Nordkirche geh\u00f6ren (Propstei Pasewalk), k\u00f6nnen nach Voranmeldung beim <a href=\"http:\/\/www.kirche-mv.de\/Propstei-Pasewalk.propstei-pasewalk.0.html\" target=\"_blank\" rel=\"noopener noreferrer\">zust\u00e4ndigen Pfarramt<\/a> eingesehen werden.<\/p>\n<p>Zahlreiche Evangelische Kirchenb\u00fccher vor allem aus dem Havelland, Teilen von Prignitz und Barnim, dem Kreis Zauch-Belzig, der Region und Stadt Brandenburg und der Stadt Potsdam befinden sich zudem im <a href=\"https:\/\/www.dom-brandenburg.de\/archiv\/\" target=\"_blank\" rel=\"noopener noreferrer\">Domstiftsarchiv Brandenburg<\/a>, Burghof 10, 14776 Brandenburg und k\u00f6nnen dort Dienstags und Mittwochs von 9 bis 17 Uhr eingesehen. Ein Verzeichnis der dort deponierten Pfarrarchive (und damit auch Kirchenb\u00fccher) k\u00f6nnen <a href=\"https:\/\/www.dom-brandenburg.de\/fileadmin\/user_upload\/archiv\/Verzeichnis_der_deponierten_Pfarrarchive.pdf\" target=\"_blank\" rel=\"noopener noreferrer\">hier<\/a> online eingesehen werden.<\/p>\n<p>Einige wenige erhaltene Evangelische Kirchenb\u00fccher der Neumark befinden sich im <a href=\"http:\/\/www.ezab.de\/\" target=\"_blank\" rel=\"noopener noreferrer\">Evangelischen Zentralarchiv Berlin<\/a> (EZAB), welches sich ebenfalls im Bethaniendamm 29 in 10997 Berlin befindet und sich den Lesesaal mit dem ELAB teilt. Auch diese B\u00fccher wurden zum Teil bereits digitalisiert und sind ggf. bei <a href=\"https:\/\/www.archion.de\/de\/browse\/?no_cache=1#https:\/\/www.archion.de\/de\/browse\/?no_cache=1&amp;path=3\" target=\"_blank\" rel=\"noopener noreferrer\">Archion<\/a> online einsehbar. Dar\u00fcberhinaus befinden sich einige Neum\u00e4rkische Evangelische Kirchenb\u00fccher in polnischen Staatsarchiven. Diese betreiben das gemeinsame Portal <a href=\"https:\/\/www.szukajwarchiwach.gov.pl\/\" target=\"_blank\" rel=\"noopener noreferrer\">Szukaj W Archiwach<\/a>. Hier k\u00f6nnen Sie nach Best\u00e4nden suchen, und sofern bereits digitalisiert, die gefundenen Kirchenb\u00fccher online durchbl\u00e4ttern.<\/p>\n<p>Die Evangelischen Kirchenb\u00fccher der Altmark sind zum \u00fcberwiegenden Teil bereits verfilmt worden und k\u00f6nnen im <a href=\"https:\/\/www.landeskirchenarchiv-magdeburg.de\/\" target=\"_blank\" rel=\"noopener noreferrer\">Landeskirchenarchiv Magdeburg<\/a>, Freiherr-vom-Stein-Str. 47, 39108 Magdeburg, Montags bis Donnerstags 8:30 Uhr bis 15 Uhr als Verfilmung eingesehen werden. Hierf\u00fcr ist allerdings eine Anmeldung vorab erforderlich, da die Pl\u00e4tze begrenzt sind.<\/p>\n<p>Brandenburgische Kirchenbuch-Duplikate befinden sich im <a href=\"http:\/\/blha.brandenburg.de\/\" target=\"_blank\" rel=\"noopener noreferrer\">Brandenburgischen Landeshauptarchiv<\/a>, Am M\u00fchlenberg 3, 14776 Potsdam-Golm und k\u00f6nnen dort Montags, Dienstags und Mittwochs von 8 bis 16 Uhr, Donnerstags von 10 bis 18 Uhr sowie Freitags von 8 bis 14 Uhr eingesehen. Ein gro\u00dfer Teil dieser Kirchenbuch-Duplikate kann auch als Digitalisat online bei <a href=\"https:\/\/www.familysearch.org\/search\/collection\/1491272\" target=\"_blank\" rel=\"noopener noreferrer\">Familysearch<\/a> (kostenfrei) eingesehen werden.<br \/>\n<br class=\"\u201cclear\u201d\"><br class=\"\u201cclear\u201d\"><\/p>\n<div style=\"font-weight: bold; text-align: justify;\">2. Katholische Kirchenb\u00fccher<\/div>\n<p><br class=\"\u201cclear\u201d\">Dieser Abschnitt wird demn\u00e4chst erg\u00e4nzt.<br \/>\n<br class=\"\u201cclear\u201d\"><br class=\"\u201cclear\u201d\"><\/p>\n<div style=\"font-weight: bold; text-align: justify;\">3. Milit\u00e4r-Kirchenb\u00fccher<\/div>\n<p>Neben den Kirchenb\u00fcchern in den Pfarrgemeinden wurden in den Garnisionen sowie bei verschiedensten Regimentern eigene Kirchenb\u00fccher f\u00fcr die dort von den Pfarrern bzw. Priestern vorgenommenen Amtshandlungen gef\u00fchrt &#8211; die sogenannten Milit\u00e4rkirchenb\u00fcchern. Auch hier gibt es zahlreiche Verlust auf Grund der beiden Weltkriege. Diese Kirchenb\u00fccher k\u00f6nnen zum gr\u00f6\u00dften teil bereits online eingesehen werden.<\/p>\n<p>Evangelische Milit\u00e4rkirchenb\u00fccher sind vor allem bei Ancestry (kostenpflichtig) einsehbar. Enthalten sind diese vor allem in folgenden Sammlungen:<br \/>\n<br class=\"\u201cclear\u201d\"><a href=\"https:\/\/www.ancestry.de\/search\/collections\/glugermany\/\">Deutschland, ausgew\u00e4hlte evangelische Kirchenb\u00fccher 1567-1945<\/a><br \/>\n<br class=\"\u201cclear\u201d\"><a href=\"https:\/\/www.ancestry.de\/search\/collections\/glugermany2\/\">Deutschland, ausgew\u00e4hlte evangelische Kirchenb\u00fccher 1518-1921<\/a><br \/>\n<br class=\"\u201cclear\u201d\"><a href=\"https:\/\/www.ancestry.de\/search\/collections\/glutherangermany\/\">Deutschland, ausgew\u00e4hlte evangelische Kirchenb\u00fccher 1500-1971<\/a><br \/>\n<br class=\"\u201cclear\u201d\"><a href=\"https:\/\/www.ancestry.de\/search\/collections\/glutheranrheinland\/\">Rheinland, Deutschland, evangelische Kirchenb\u00fccher 1533-1950<\/a><br \/>\n<br class=\"\u201cclear\u201d\">Katholische Milit\u00e4rkirchenb\u00fccher wurden vor Kurzem bei <a href=\"http:\/\/data.matricula-online.eu\/de\/deutschland\/akmb\/militaerkirchenbuecher\/\">Matricula<\/a> eingestellt, einer Plattform, auf der \u00fcberwiegend katholischen Kirchenb\u00fccher zunehmen online einsehbar zur Verf\u00fcgung gestellt werden. Darunter befinden sich f\u00fcr Brandenburg vor allem Milit\u00e4rkirchenb\u00fccher folgender Orte bwz. Kirchen: Angerm\u00fcnde, Bad Freienwalde, Berlin, K\u00f6nigliches Invalidenhaus. Berlin, St. Johannes Basilika, Berlin, St. Michael, Spandau, Brandenburg, Cottbus, Frankfurt\/Oder, F\u00fcrstenwalde, Gardelegen, Guben, J\u00fcterbog, K\u00fcstrin, Neuruppin, Potsdam, Prenzlau, Salzwedel, Stendal, Wriezen, Z\u00fcllichau.<br \/>\n<br class=\"\u201cclear\u201d\"><br class=\"\u201cclear\u201d\"><\/p>\n<div style=\"font-weight: bold; text-align: justify; font-style: italic;\">Weitere Hilfreiche Links zum Thema Kirchenb\u00fccher in Brandenburg<\/div>\n<p style=\"text-weight:bold; background: #99ddff; padding: 10px;\"><a href=\"https:\/\/testhp.bggroteradler.de\/?page_id=511\">Datenbank f\u00fcr Kirchenbuchabschriften<\/a><\/p>\n<p><a href=\"https:\/\/testhp.bggroteradler.de\/?p=2814\">Kirchenb\u00fccher bei Archion<\/a><\/p>\n<p><a href=\"https:\/\/testhp.bggroteradler.de\/?page_id=283\">Verfilmte Kirchenb\u00fccher des Kreises Havelland im ELAB<\/a><\/p>\n<p><a href=\"https:\/\/testhp.bggroteradler.de\/?page_id=327\">Verfilmte Kirchenb\u00fccher des Kirchenkreises Angerm\u00fcnde im ELAB<\/a><\/p>\n<p><a href=\"https:\/\/testhp.bggroteradler.de\/?page_id=329\">Verfilmte Kirchenb\u00fccher des Kirchenkreises Prenzlau im ELAB<\/a><\/p>\n<p><a href=\"https:\/\/testhp.bggroteradler.de\/?page_id=331\">Verfilmte Kirchenb\u00fccher des Kirchenkreises Templin im ELAB<\/a><\/p>\n<p><a href=\"https:\/\/testhp.bggroteradler.de\/?page_id=325\">Verfilmte Kirchenb\u00fccher der Uckermark bei Familysearch<\/a><\/p>\n<p><a href=\"https:\/\/testhp.bggroteradler.de\/?page_id=1159\">Verfilmte Kirchenb\u00fccher der Prignitz bei Familysearch<\/a><\/p>\n<p><a href=\"https:\/\/testhp.bggroteradler.de\/?page_id=311\">Kirchenb\u00fccher aus der Neumark im EZAB<\/a><\/p>\n<p><a href=\"https:\/\/testhp.bggroteradler.de\/?page_id=5220\">Kirchenbuch-Duplikate der Provinz Brandenburg<\/a><\/p>\n","protected":false},"excerpt":{"rendered":"<p>Was sind Kirchenb\u00fccher? Erst 1874 ging das Personenstandswesen mit der Einf\u00fchrung der Standes\u00e4mter in staatliche H\u00e4nde \u00fcber. Geburten, Heiraten und Sterbef\u00e4lle m\u00fcssen seitdem beim zust\u00e4ndigen Standesamt angezeigt und erfasst werden. Fr\u00fcher war dies jedoch Sache der Kirchen. Die Daten der Standes\u00e4mter reichen meist zur\u00fcck bis etwa Mitte des 19. Jahrhunderts. Will man weiter zur\u00fcck in die Vergangenheit, dann kommt man an den Kirchenb\u00fcchern der jeweiligen Pfarrgemeinden nicht vorbei. Kirchenb\u00fccher &#8211; im amtlichen Sprachgebrauch als Amtshandlungsverzeichnisse bezeichnet &#8211; wurden bereits seit [&#8230;]<\/p>\n","protected":false},"author":1458,"featured_media":0,"parent":5641,"menu_order":9,"comment_status":"closed","ping_status":"closed","template":"","meta":{"_themeisle_gutenberg_block_has_review":false,"footnotes":""},"_links":{"self":[{"href":"https:\/\/testhp.bggroteradler.de\/index.php?rest_route=\/wp\/v2\/pages\/5235"}],"collection":[{"href":"https:\/\/testhp.bggroteradler.de\/index.php?rest_route=\/wp\/v2\/pages"}],"about":[{"href":"https:\/\/testhp.bggroteradler.de\/index.php?rest_route=\/wp\/v2\/types\/page"}],"author":[{"embeddable":true,"href":"https:\/\/testhp.bggroteradler.de\/index.php?rest_route=\/wp\/v2\/users\/1458"}],"replies":[{"embeddable":true,"href":"https:\/\/testhp.bggroteradler.de\/index.php?rest_route=%2Fwp%2Fv2%2Fcomments&post=5235"}],"version-history":[{"count":31,"href":"https:\/\/testhp.bggroteradler.de\/index.php?rest_route=\/wp\/v2\/pages\/5235\/revisions"}],"predecessor-version":[{"id":5654,"href":"https:\/\/testhp.bggroteradler.de\/index.php?rest_route=\/wp\/v2\/pages\/5235\/revisions\/5654"}],"up":[{"embeddable":true,"href":"https:\/\/testhp.bggroteradler.de\/index.php?rest_route=\/wp\/v2\/pages\/5641"}],"wp:attachment":[{"href":"https:\/\/testhp.bggroteradler.de\/index.php?rest_route=%2Fwp%2Fv2%2Fmedia&parent=5235"}],"curies":[{"name":"wp","href":"https:\/\/api.w.org\/{rel}","templated":true}]}}