{"id":5373,"date":"2019-09-01T16:24:30","date_gmt":"2019-09-01T15:24:30","guid":{"rendered":"https:\/\/testhp.bggroteradler.de\/?page_id=5373"},"modified":"2022-02-10T23:15:23","modified_gmt":"2022-02-10T22:15:23","slug":"bgj-2018","status":"publish","type":"page","link":"https:\/\/testhp.bggroteradler.de\/?page_id=5373","title":{"rendered":"BGJ 2018"},"content":{"rendered":"\n<table id=\"tablepress-14\" class=\"tablepress tablepress-id-14\">\n<tbody class=\"row-hover\">\n<tr class=\"row-1\">\n\t<td rowspan=\"4\" class=\"column-1\"><a href=\"https:\/\/testhp.bggroteradler.de\/wp-content\/uploads\/2019\/07\/bgj2018_klein.jpg\"><img decoding=\"async\" src=\"https:\/\/testhp.bggroteradler.de\/wp-content\/uploads\/2019\/07\/bgj2018_klein.jpg\" alt=\"\" width=\"400\" height=\"5744\" \/><\/a><\/td><td class=\"column-2\"><strong><em>Aus dem Inhalt:<\/em><\/td>\n<\/tr>\n<tr class=\"row-2\">\n\t<td class=\"column-2\"><strong>Vorwort des Herausgebers<\/strong><\/td>\n<\/tr>\n<tr class=\"row-3\">\n\t<td class=\"column-2\"><strong>Allgemeine Geschichte<\/strong><br><ul><li>Der Einfluss der Industriellen Revolution auf die Methoden der Nahrungsmittelhaltbarmachung an den Beispielen des Salzens und Einkochens (G.-C. Treutler, Falkensee)<\/li><li>Luthers Wirken und sein Verdienst um eine einheitliche deutsche Schriftsprache (Fritz Westphal, Erfurt)<\/li><\/ul><\/td>\n<\/tr>\n<tr class=\"row-4\">\n\t<td class=\"column-2\"><strong>Brandenburgische Geschichte<\/strong><br><ul><li>Im Dienst des Herrn - Aufstieg und Fall des Gardedivisionspredigers Kober (Michael Vogel, Berlin)<\/li><li>Die Kleinorgeln in den m\u00e4rkischen Dorfkirchen - Ein gef\u00e4hrdetes Kulturgut (Dr. Ulrich Euent, Loxstedt)<\/li><li>Jules Albert Schnatter, Direktor des Franz\u00f6sischen Gymnasiums in Berlin (Lutz Bachmann, Bielefeld)<\/li><\/ul><\/td>\n<\/tr>\n<tr class=\"row-5\">\n\t<td rowspan=\"2\" class=\"column-1\"><br><br><strong><em>Bibliographische Angaben:<\/em><\/strong><br><br \/>\nBrandenburgisches Genealogisches Jahrbuch,<br><em>Herausgeber:<\/em> Brandenburgische Genealogische Gesellschaft \u201eRoter Adler\u201c e.V., AG Potsdam VR 6801 P<br>ISSN: 1865-567X, ISBN 978-3-945402-13-9<br>Preis 18,00 \u20ac<br><br><br>Mitglieder erhalten das Jahrbuch kostenlos zugeschickt. Nichtmitglieder k\u00f6nnen es \u00fcber den Verein beziehen.<\/td><td class=\"column-2\"><strong>Brandenburgische Genealogie - Prignitz<\/strong><br><ul><li>Die alteingesessene Bauernfamilie Lemke aus Wulfersdorf bei Wittstock in der Ostprignitz, Teil 1 (Maik Senninger, Pritzwark und G.-C. Treutler, Falkensee)<\/li><\/ul><\/td>\n<\/tr>\n<tr class=\"row-6\">\n\t<td class=\"column-2\"><strong>Buchbesprechungen<\/strong><br><ul><li>Sorbische Kostbarkeiten (Henry Kuritz, Freital)<\/li><li>Werneuchen - Aus alter Zeit (I. Wirthinger, Rosenheim)<\/li><li>Was lange w\u00e4hrt wird gut - Historisches Ortslexikon f\u00fcr die Altmark erschienen (R\u00fcdiger Sachtjen, Bochow)<\/li><li>Die Maler, Lackierer und Vergolder in und um Potsdam nebst einigen Kunstmalern 1670 - 1990 (F. Spring, Berlin)<\/li><\/ul><\/td>\n<\/tr>\n<\/tbody>\n<\/table>\n<!-- #tablepress-14 from cache -->\n","protected":false},"excerpt":{"rendered":"","protected":false},"author":1458,"featured_media":0,"parent":5674,"menu_order":2,"comment_status":"closed","ping_status":"closed","template":"","meta":{"_themeisle_gutenberg_block_has_review":false,"footnotes":""},"_links":{"self":[{"href":"https:\/\/testhp.bggroteradler.de\/index.php?rest_route=\/wp\/v2\/pages\/5373"}],"collection":[{"href":"https:\/\/testhp.bggroteradler.de\/index.php?rest_route=\/wp\/v2\/pages"}],"about":[{"href":"https:\/\/testhp.bggroteradler.de\/index.php?rest_route=\/wp\/v2\/types\/page"}],"author":[{"embeddable":true,"href":"https:\/\/testhp.bggroteradler.de\/index.php?rest_route=\/wp\/v2\/users\/1458"}],"replies":[{"embeddable":true,"href":"https:\/\/testhp.bggroteradler.de\/index.php?rest_route=%2Fwp%2Fv2%2Fcomments&post=5373"}],"version-history":[{"count":1,"href":"https:\/\/testhp.bggroteradler.de\/index.php?rest_route=\/wp\/v2\/pages\/5373\/revisions"}],"predecessor-version":[{"id":5374,"href":"https:\/\/testhp.bggroteradler.de\/index.php?rest_route=\/wp\/v2\/pages\/5373\/revisions\/5374"}],"up":[{"embeddable":true,"href":"https:\/\/testhp.bggroteradler.de\/index.php?rest_route=\/wp\/v2\/pages\/5674"}],"wp:attachment":[{"href":"https:\/\/testhp.bggroteradler.de\/index.php?rest_route=%2Fwp%2Fv2%2Fmedia&parent=5373"}],"curies":[{"name":"wp","href":"https:\/\/api.w.org\/{rel}","templated":true}]}}