{"id":5471,"date":"2019-09-06T18:28:41","date_gmt":"2019-09-06T17:28:41","guid":{"rendered":"https:\/\/testhp.bggroteradler.de\/?page_id=5471"},"modified":"2022-12-08T00:01:57","modified_gmt":"2022-12-07T23:01:57","slug":"anfrage-an-den-bgg-roter-adler-e-v","status":"publish","type":"page","link":"https:\/\/testhp.bggroteradler.de\/?page_id=5471","title":{"rendered":"Anfrage  an den BGG Roter Adler e. V."},"content":{"rendered":"<p><br class=\u201dclear\u201d \/>F\u00fcr Anfragen zu Familien- oder Regionalforschung in Brandenburg, zu unsere Datenbanken, Ver\u00f6ffentlichungen oder unserer Homepage oder zu unserem Verein allgemein stehen wir als Ansprechpartner gerne zur Verf\u00fcgung. Nutzen Sie dazu einfach das nachfolgende Formular. Die mit * gekennzeichneten Felder sind hierbei Pflichtfelder.<\/p>\n<p><br class=\"\u201dclear\u201d\">\n<div class=\"wpcf7 no-js\" id=\"wpcf7-f8562-o1\" lang=\"de-DE\" dir=\"ltr\">\n<div class=\"screen-reader-response\"><p role=\"status\" aria-live=\"polite\" aria-atomic=\"true\"><\/p> <ul><\/ul><\/div>\n<form action=\"\/index.php?rest_route=%2Fwp%2Fv2%2Fpages%2F5471#wpcf7-f8562-o1\" method=\"post\" class=\"wpcf7-form init\" aria-label=\"Kontaktformular\" novalidate=\"novalidate\" data-status=\"init\">\n<div style=\"display: none;\">\n<input type=\"hidden\" name=\"_wpcf7\" value=\"8562\" \/>\n<input type=\"hidden\" name=\"_wpcf7_version\" value=\"5.7.5.1\" \/>\n<input type=\"hidden\" name=\"_wpcf7_locale\" value=\"de_DE_formal\" \/>\n<input type=\"hidden\" name=\"_wpcf7_unit_tag\" value=\"wpcf7-f8562-o1\" \/>\n<input type=\"hidden\" name=\"_wpcf7_container_post\" value=\"0\" \/>\n<input type=\"hidden\" name=\"_wpcf7_posted_data_hash\" value=\"\" \/>\n<input type=\"hidden\" name=\"_cf7a__timestamp\" value=\"\/rBud52oM7pdeNPcu+xZxw==\" \/>\n<input type=\"hidden\" name=\"_cf7a_version\" value=\"1.0\" \/>\n<input type=\"hidden\" name=\"_cf7a_address\" value=\"ocb8GS68mt2JsJ8ZT\/J4AA==\" \/>\n<input type=\"hidden\" name=\"_cf7a_referer\" value=\"vf9xk+L\/L2QN5isfsj2eDw==\" \/>\n<input type=\"hidden\" name=\"_cf7a_protocol\" value=\"GH6uPajdrn5BFWOl4toyDw==\" \/>\n<input type=\"hidden\" name=\"_wpcf7_recaptcha_response\" value=\"\" \/>\n<input type=\"hidden\" name=\"_cf7a_bot_fingerprint\" value=\"\/rBud52oM7pdeNPcu+xZxw==\" \/>\n<input type=\"hidden\" name=\"_cf7a_bot_fingerprint_extras\" value=\"\" \/>\n<input type=\"hidden\" name=\"_cf7a_append_on_submit\" value=\"\" \/>\n<\/div>\n<p><label> Vor- und Nachname*<br \/>\n<span class=\"wpcf7-form-control-wrap\" data-name=\"your-name\"><input size=\"40\" class=\"wpcf7-form-control wpcf7-text wpcf7-validates-as-required\" aria-required=\"true\" aria-invalid=\"false\" value=\"\" type=\"text\" name=\"your-name\" \/><input type=\"text\" name=\"name\" value=\"\" autocomplete=\"fill\" class=\"fit-the-fullspace\" tabindex=\"-1\" \/><\/span> <\/label>\n<\/p>\n<p><label> E-Mail-Adresse*<br \/>\n<span class=\"wpcf7-form-control-wrap\" data-name=\"your-email\"><input size=\"40\" class=\"wpcf7-form-control wpcf7-text wpcf7-email wpcf7-validates-as-required wpcf7-validates-as-email\" aria-required=\"true\" aria-invalid=\"false\" value=\"\" type=\"email\" name=\"your-email\" \/><\/span> <\/label>\n<\/p>\n<p><label> Telefonnummer<br \/>\n<span class=\"wpcf7-form-control-wrap\" data-name=\"telefon\"><input size=\"40\" class=\"wpcf7-form-control wpcf7-text wpcf7-tel wpcf7-validates-as-tel\" aria-invalid=\"false\" value=\"\" type=\"tel\" name=\"telefon\" \/><\/span> <\/label><br \/>\n<br class=\u201dclear\u201d \/><br \/>\n<label> Bitte w\u00e4hlen Sie Ihr Thema*<br \/>\n<span class=\"wpcf7-form-control-wrap\" data-name=\"sel_rec\"><select class=\"wpcf7-form-control wpcf7-select wpcf7-validates-as-required\" aria-required=\"true\" aria-invalid=\"false\" name=\"sel_rec\"><option value=\"BGG Verlag + Redaktion\">BGG Verlag + Redaktion<\/option><option value=\"Datenbanken\">Datenbanken<\/option><option value=\"Familienforschung\">Familienforschung<\/option><option value=\"Homepage\">Homepage<\/option><option value=\"Mitgliederbetreuung\">Mitgliederbetreuung<\/option><option value=\"Presseanfrage\">Presseanfrage<\/option><option value=\"Vorstand\">Vorstand<\/option><\/select><\/span> <\/label>\n<\/p>\n<p><label> Bitte nennen Sie Ihr Anliegen*<br \/>\n<span class=\"wpcf7-form-control-wrap\" data-name=\"anliegen\"><input size=\"40\" class=\"wpcf7-form-control wpcf7-text wpcf7-validates-as-required\" aria-required=\"true\" aria-invalid=\"false\" value=\"\" type=\"text\" name=\"anliegen\" \/><input type=\"text\" name=\"zip\" value=\"\" autocomplete=\"fill\" class=\"fit-the-fullspace\" tabindex=\"-1\" \/><\/span> <\/label><br \/>\n<label> Bitte geben Sie Ihre Nachricht ein*<br \/>\n<span class=\"wpcf7-form-control-wrap\" data-name=\"your-message\"><textarea cols=\"40\" rows=\"10\" class=\"wpcf7-form-control wpcf7-textarea wpcf7-validates-as-required\" aria-required=\"true\" aria-invalid=\"false\" name=\"your-message\"><\/textarea><\/span> <\/label><br \/>\n<br class=\u201dclear\u201d \/><br \/>\n<span class=\"wpcf7-form-control-wrap\" data-name=\"acceptance-8\"><span class=\"wpcf7-form-control wpcf7-acceptance\"><span class=\"wpcf7-list-item\"><label><input type=\"checkbox\" name=\"acceptance-8\" value=\"1\" aria-invalid=\"false\" \/><span class=\"wpcf7-list-item-label\">Ich stimme der Verarbeitung meiner Daten im Rahmen meiner Kontaktanfrage unter Einhaltung der <a href=\"https:\/\/testhp.bggroteradler.de\/?page_id=3745\" target=\"_blank\">Datenschutzbestimmungen<\/a> zu.<\/span><\/label><\/span><\/span><\/span><br \/>\n<br class=\u201dclear\u201d \/><br \/>\n[cf7ic]<br \/>\n<br class=\u201dclear\u201d \/><br \/>\n<input class=\"wpcf7-form-control has-spinner wpcf7-submit\" type=\"submit\" value=\"Senden\" \/><br \/>\n<br class=\u201dclear\u201d \/><br class=\u201dclear\u201d \/>\n<\/p><div class=\"wpcf7-response-output\" aria-hidden=\"true\"><\/div>\n<\/form>\n<\/div>\n\n","protected":false},"excerpt":{"rendered":"<p>F\u00fcr Anfragen zu Familien- oder Regionalforschung in Brandenburg, zu unsere Datenbanken, Ver\u00f6ffentlichungen oder unserer Homepage oder zu unserem Verein allgemein stehen wir als Ansprechpartner gerne zur Verf\u00fcgung. Nutzen Sie dazu einfach das nachfolgende Formular. Die mit * gekennzeichneten Felder sind hierbei Pflichtfelder.<\/p>\n","protected":false},"author":1458,"featured_media":0,"parent":0,"menu_order":0,"comment_status":"closed","ping_status":"closed","template":"","meta":{"_themeisle_gutenberg_block_has_review":false,"footnotes":""},"_links":{"self":[{"href":"https:\/\/testhp.bggroteradler.de\/index.php?rest_route=\/wp\/v2\/pages\/5471"}],"collection":[{"href":"https:\/\/testhp.bggroteradler.de\/index.php?rest_route=\/wp\/v2\/pages"}],"about":[{"href":"https:\/\/testhp.bggroteradler.de\/index.php?rest_route=\/wp\/v2\/types\/page"}],"author":[{"embeddable":true,"href":"https:\/\/testhp.bggroteradler.de\/index.php?rest_route=\/wp\/v2\/users\/1458"}],"replies":[{"embeddable":true,"href":"https:\/\/testhp.bggroteradler.de\/index.php?rest_route=%2Fwp%2Fv2%2Fcomments&post=5471"}],"version-history":[{"count":9,"href":"https:\/\/testhp.bggroteradler.de\/index.php?rest_route=\/wp\/v2\/pages\/5471\/revisions"}],"predecessor-version":[{"id":8927,"href":"https:\/\/testhp.bggroteradler.de\/index.php?rest_route=\/wp\/v2\/pages\/5471\/revisions\/8927"}],"wp:attachment":[{"href":"https:\/\/testhp.bggroteradler.de\/index.php?rest_route=%2Fwp%2Fv2%2Fmedia&parent=5471"}],"curies":[{"name":"wp","href":"https:\/\/api.w.org\/{rel}","templated":true}]}}