{"id":6618,"date":"2021-01-21T23:45:15","date_gmt":"2021-01-21T22:45:15","guid":{"rendered":"https:\/\/testhp.bggroteradler.de\/?page_id=6618"},"modified":"2023-02-03T19:47:56","modified_gmt":"2023-02-03T18:47:56","slug":"angebot-jetzt-schnuppermitgliedschaft-beantragen","status":"publish","type":"page","link":"https:\/\/testhp.bggroteradler.de\/?page_id=6618","title":{"rendered":"Angebot: Jetzt Schnuppermitgliedschaft beantragen!"},"content":{"rendered":"<p><br class=\"\u201cclear\u201d\">Auch im Jahr 2023 bietet die BGG Roter Adler weiterhin allen interessierten Ahnenforschern eine einmalige Schnuppermitgliedschaft an. Diese erm\u00f6glicht, zu einem erm\u00e4\u00dfigten Beitrag von nur 20 Euro pro Jahr, unseren Verein ein Jahr lang kennenzulernen und alle Vorteile einer Mitgliedschaft zu genie\u00dfen. <strong>Als Beitragsjahr gilt Zeit vom 01.01.2023 bis 31.12.2023.<\/strong> Bei einem sp\u00e4teren Eintritt verk\u00fcrzt sich der Schnupper-Zeitraum entsprechend. Ab dem 01.01.2024 wird die Schnuppermitgliedschaft dann in eine regul\u00e4re Mitgliedschaft umgewandelt.<\/p>\n<p><br class=\"\u201cclear\u201d\">Als Mitglied der Brandenburgischen Genealogischen Gesellschaft \u201eRoter Adler\u201c e. V. haben Sie unter anderem folgende Vorteile:<br class=\"\u201cclear\u201d\"><br \/>\n<em>&#8211; kostenloser Bezug der Brandenburgischen Genealogischen Nachrichten (4x im Jahr) und des Brandenburgischen Genealogischen Jahrbuches<br class=\"\u201cclear\u201d\"><br \/>\n&#8211; alle anderen Publikationen zum Mitgliederpreis (in der Regel 50% des \u00f6ffentlichen Verkaufspreises, maximal f\u00fcr drei Exemplare)<br class=\"\u201cclear\u201d\"><br \/>\n&#8211; Zugriff auf die vereinsinternen und gesamten Datenbanken im gesch\u00fctzten Bereich der Genealogischen Quellen Brandenburgs (Stammbaumdatenbank, vollst\u00e4ndige Pfarrerdatenbank, vollst\u00e4ndige Friedhofsdatenbanken etc.)<br class=\"\u201cclear\u201d\"><br \/>\n&#8211; Mitgliedschaft in der vereinsinternen Mailingliste<\/em><br class=\"\u201cclear\u201d\"><br class=\"\u201cclear\u201d\"><\/p>\n<p>Sie haben Interesse? Dann laden Sie sich das <a href=\"https:\/\/testhp.bggroteradler.de\/?page_id=515\">Antragsformular<\/a> herunter und senden es uns vollst\u00e4ndig ausgef\u00fcllt und mit dem Vermerk auf eine Schnupper-Mitgliedschaft zu.<br class=\"\u201cclear\u201d\"><\/p>\n<p><br class=\"\u201cclear\u201d\">Der Mitgliedsbeitrag und auch Spenden sind im \u00dcbrigen steuerlich absetzbar.<\/p>\n","protected":false},"excerpt":{"rendered":"<p>Auch im Jahr 2023 bietet die BGG Roter Adler weiterhin allen interessierten Ahnenforschern eine einmalige Schnuppermitgliedschaft an. Diese erm\u00f6glicht, zu einem erm\u00e4\u00dfigten Beitrag von nur 20 Euro pro Jahr, unseren Verein ein Jahr lang kennenzulernen und alle Vorteile einer Mitgliedschaft zu genie\u00dfen. Als Beitragsjahr gilt Zeit vom 01.01.2023 bis 31.12.2023. Bei einem sp\u00e4teren Eintritt verk\u00fcrzt sich der Schnupper-Zeitraum entsprechend. Ab dem 01.01.2024 wird die Schnuppermitgliedschaft dann in eine regul\u00e4re Mitgliedschaft umgewandelt. Als Mitglied der Brandenburgischen Genealogischen Gesellschaft \u201eRoter Adler\u201c e. [&#8230;]<\/p>\n","protected":false},"author":1458,"featured_media":0,"parent":7856,"menu_order":0,"comment_status":"closed","ping_status":"closed","template":"","meta":{"_themeisle_gutenberg_block_has_review":false,"footnotes":""},"_links":{"self":[{"href":"https:\/\/testhp.bggroteradler.de\/index.php?rest_route=\/wp\/v2\/pages\/6618"}],"collection":[{"href":"https:\/\/testhp.bggroteradler.de\/index.php?rest_route=\/wp\/v2\/pages"}],"about":[{"href":"https:\/\/testhp.bggroteradler.de\/index.php?rest_route=\/wp\/v2\/types\/page"}],"author":[{"embeddable":true,"href":"https:\/\/testhp.bggroteradler.de\/index.php?rest_route=\/wp\/v2\/users\/1458"}],"replies":[{"embeddable":true,"href":"https:\/\/testhp.bggroteradler.de\/index.php?rest_route=%2Fwp%2Fv2%2Fcomments&post=6618"}],"version-history":[{"count":15,"href":"https:\/\/testhp.bggroteradler.de\/index.php?rest_route=\/wp\/v2\/pages\/6618\/revisions"}],"predecessor-version":[{"id":9164,"href":"https:\/\/testhp.bggroteradler.de\/index.php?rest_route=\/wp\/v2\/pages\/6618\/revisions\/9164"}],"up":[{"embeddable":true,"href":"https:\/\/testhp.bggroteradler.de\/index.php?rest_route=\/wp\/v2\/pages\/7856"}],"wp:attachment":[{"href":"https:\/\/testhp.bggroteradler.de\/index.php?rest_route=%2Fwp%2Fv2%2Fmedia&parent=6618"}],"curies":[{"name":"wp","href":"https:\/\/api.w.org\/{rel}","templated":true}]}}