{"id":7564,"date":"2021-12-30T01:53:32","date_gmt":"2021-12-30T00:53:32","guid":{"rendered":"https:\/\/testhp.bggroteradler.de\/?page_id=7564"},"modified":"2022-02-10T23:20:11","modified_gmt":"2022-02-10T22:20:11","slug":"allgemeine-geschaeftsbedingungen-agb","status":"publish","type":"page","link":"https:\/\/testhp.bggroteradler.de\/?page_id=7564","title":{"rendered":"Allgemeine Gesch\u00e4ftsbedingungen (AGB)"},"content":{"rendered":"<p><br class=\"\u201dclear\u201d\"><\/p>\n<p><strong><em>\u00a71 Verwender<\/em><\/strong><\/p>\n<p>Als Verwender dieser AGB gilt:<\/p>\n<p>BGG-Verlag, gemeinn\u00fctziger Zweckbetrieb der Brandenburgischen Genealogischen Gesellschaft \u201eRoter Adler\u201c e.V.<br \/>\nBGG-Online-Buchhandlung<br \/>\nPostfach 60 06 13<br \/>\n14403 Potsdam<br \/>\nRegisternummer: VR 6801 P<br \/>\nRegistergericht: Amtsgericht Potsdam<\/p>\n<p><br class=\"\u201dclear\u201d\"><\/p>\n<p><strong><em>\u00a72 Geltungsbereich<\/em><\/strong><\/p>\n<p>Diese Allgemeinen Gesch\u00e4ftsbedingungen gelten f\u00fcr alle Rechtsgesch\u00e4fte zwischen dem Verwender und Ihnen als Kunde. Das Produktangebot der BGG-Online-Buchhandlung richtet sich gleicherma\u00dfen an Verbraucher, Unternehmer und Kaufleute.  Sollten Sie eigene Allgemeine Gesch\u00e4ftsbedingungen in den Vertrag einbeziehen wollen, die unseren Allgemeinen Gesch\u00e4ftsbedingungen widersprechen, sind wir mit deren Geltung nicht einverstanden.<\/p>\n<p><br class=\"\u201dclear\u201d\"><\/p>\n<p><strong><em>\u00a73 Begriffsbestimmungen<\/em><\/strong><\/p>\n<p>(1) Verbraucher im Sinne dieser AGB ist jede nat\u00fcrliche Person, die ein Rechtsgesch\u00e4ft zu einem Zwecke abschlie\u00dft, der \u00fcberwiegend weder ihrer gewerblichen noch ihrer selbstst\u00e4ndigen beruflichen T\u00e4tigkeit zugerechnet werden kann (\u00a7 13 BGB).<\/p>\n<p>(2) Unternehmer im Sinne dieser AGB ist eine nat\u00fcrliche oder juristische Person oder rechtsf\u00e4hige Personengesellschaft, die bei Abschluss eines Rechtsgesch\u00e4fts in Aus\u00fcbung ihrer gewerblichen oder selbst\u00e4ndigen beruflichen T\u00e4tigkeit handelt (\u00a7 14 BGB).<\/p>\n<p>(3) Kaufmann im Sinne dieser AGB ist entweder derjenige, der ein Handelsgewerbe betreibt (\u00a7 1 HGB) oder derjenige, der die Firma seines Unternehmens in das Handelsregister eintragen lassen hat (\u00a7 2 HGB).<\/p>\n<p><br class=\"\u201dclear\u201d\"><\/p>\n<p><strong><em>\u00a74 Vertragsschluss und Speicherung des Vertragstextes<\/em><\/strong><\/p>\n<p>(1) Die Vorstellung und Beschreibung der Waren auf den Seiten der BGG-Online-Buchhandlung &#8211; unter www.bggroteradler.de &#8211; stellt kein Vertragsangebot, sondern die Aufforderung zur Abgabe einer Bestellung dar.<\/p>\n<p>(2) Sie k\u00f6nnen aus dem Sortiment der BGG-Online-Buchhandlung Produkte ausw\u00e4hlen und diese im digitalen Warenkorb sammeln. \u00dcber die Schaltfl\u00e4che &#8220;kostenpflichtig bestellen\u201c geben Sie ein verbindliches Angebot zum Kauf der im Warenkorb befindlichen Waren ab. Im Anschluss senden wir Ihnen unverz\u00fcglich eine automatische Empfangsbest\u00e4tigung per E-Mail zu, in welcher Ihre Bestellung nochmals aufgef\u00fchrt wird. Die automatische Empfangsbest\u00e4tigung dokumentiert lediglich, dass Ihre Bestellung bei uns eingegangen ist. Sie stellt keine Annahme Ihres Kaufangebots dar. Der Kaufvertrag kommt erst dann zustande, wenn wir Ihr Kaufangebot durch Versand einer separaten Auftragsbest\u00e4tigung per E-Mail annehmen, oder wenn wir die Ware ohne vorherige ausdr\u00fcckliche Annahmeerkl\u00e4rung aussondern und an Sie versenden.<\/p>\n<p>(3) Der Vertragstext wird bei Bestellungen gespeichert. Sie k\u00f6nnen den Vertragstext vor der Abgabe der Bestellung ausdrucken, indem Sie im letzten Schritt der Bestellung die &#8220;Drucken&#8221;-Funktion Ihres Browsers nutzen. Mit der automatischen Empfangsbest\u00e4tigung erhalten Sie au\u00dferdem alle Bestelldaten, sowie eine Kopie der AGB nebst Widerrufsbelehrung per E-Mail. Sofern Sie sich mit einem Kundenkonto\tregistriert haben sollten, k\u00f6nnen Sie in Ihrem Profil ihre aufgegebenen Bestellungen einsehen. Dar\u00fcber hinaus speichern wir den Vertragstext, machen ihn jedoch im Internet nicht zug\u00e4nglich.<\/p>\n<p>(4) Vertragssprache ist deutsch.<\/p>\n<p><br class=\"\u201dclear\u201d\"><\/p>\n<p><strong><em>\u00a75 Widerrufsrecht<\/em><\/strong><\/p>\n<p>(1) Wenn Sie Verbraucher gem\u00e4\u00df \u00a72 (1) dieser AGB sind, steht Ihnen nach Ma\u00dfgabe der gesetzlichen Bestimmungen ein Widerrufsrecht zu.<\/p>\n<p>(2) Machen Sie als Verbraucher von Ihrem Widerrufsrecht nach Absatz 1 Gebrauch, so haben Sie die regelm\u00e4\u00dfigen Kosten der R\u00fccksendung zu tragen.<\/p>\n<p>(3) Im \u00dcbrigen gelten f\u00fcr das Widerrufsrecht die Regelungen, die im Einzelnen wiedergegeben sind in der folgenden Widerrufsbelehrung\u00b9<\/p>\n<p><strong>Widerrufsrecht<\/strong><\/p>\n<p>Sie haben das Recht, binnen vierzehn Tagen ohne Angabe von Gr\u00fcnden diesen Vertrag zu widerrufen. Die Widerrufsfrist betr\u00e4gt vierzehn Tage ab dem Tag, an dem Sie oder ein von Ihnen benannter Dritter, der nicht der Bef\u00f6rderer ist, die Waren in Besitz genommen haben bzw. hat. Um Ihr Widerrufsrecht auszu\u00fcben, m\u00fcssen Sie uns an<\/p>\n<p><em>BGG-Online-Buchhandlung<br \/>\nc\/o Gerd-Christian Treutler<br \/>\nRuppiner Str. 61<br \/>\n14612 Falkensee<br \/>\nFax: 03322 234387<br \/>\nE-Mail: bestellung@bggroteradler.de<\/em><\/p>\n<p>mittels einer eindeutigen Erkl\u00e4rung (z. B. ein mit der Post versandter Brief, Telefax oder E-Mail) \u00fcber Ihren Entschluss, diesen Vertrag zu widerrufen, informieren. Sie k\u00f6nnen daf\u00fcr das beigef\u00fcgte Muster-Widerrufsformular verwenden, das jedoch nicht vorgeschrieben ist. Zur Wahrung der Widerrufsfrist reicht es aus, dass Sie die Mitteilung \u00fcber die Aus\u00fcbung des Widerrufsrechts vor Ablauf der Widerrufsfrist absenden.<\/p>\n<p><strong>Folgen des Widerrufs<\/strong><\/p>\n<p>Wenn Sie diesen Vertrag widerrufen, haben wir Ihnen alle Zahlungen, die wir von Ihnen erhalten haben, einschlie\u00dflich der Lieferkosten, unverz\u00fcglich und sp\u00e4testens binnen vierzehn Tagen ab dem Tag zur\u00fcckzuzahlen, an dem die Mitteilung \u00fcber Ihren Widerruf dieses Vertrags bei uns eingegangen ist. F\u00fcr diese R\u00fcckzahlung verwenden wir das selbe Zahlungsmittel, das Sie bei der urspr\u00fcnglichen Transaktion eingesetzt haben, es sei denn, mit Ihnen wurde ausdr\u00fccklich etwas anderes vereinbart. In \u200bkeinem Fall werden Ihnen wegen dieser R\u00fcckzahlung Entgelte berechnet. Wir k\u00f6nnen die R\u00fcckzahlung verweigern, bis wir die Waren wieder zur\u00fcckerhalten haben oder bis Sie den Nachweis erbracht haben, dass Sie die Waren zur\u00fcckgesandt haben; je nachdem, welches der fr\u00fchere Zeitpunkt ist. Sie haben die Waren unverz\u00fcglich und in jedem Fall sp\u00e4testens binnen vierzehn Tagen ab dem Tag, an dem Sie uns \u00fcber den Widerruf dieses Vertrages unterrichten, an uns zur\u00fcckzusenden oder zu \u00fcbergeben. Die Frist ist gewahrt, wenn Sie die Waren vor Ablauf der Frist von vierzehn Tagen absenden. Sie tragen die unmittelbaren Kosten der R\u00fccksendung der Waren. Sie m\u00fcssen f\u00fcr einen etwaigen Wertverlust der Waren nur aufkommen, wenn dieser Wertverlust auf einen zur Pr\u00fcfung der Beschaffenheit, Eigenschaften und Funktionsweise der Waren nicht\tnotwendigen Umgang mit ihnen zur\u00fcckzuf\u00fchren ist.<\/p>\n<p><em>&#8211; Ende der Widerrufsbelehrung &#8211;<\/em><\/p>\n<p><em>\u00b9 Diese Widerrufsbelehrung gilt nicht f\u00fcr die getrennte Lieferung von Waren.<\/em><\/p>\n<p><br class=\"\u201dclear\u201d\"><\/p>\n<p><strong><em>\u00a76 Zahlungsbedingungen<\/em><\/strong><\/p>\n<p>Die &#8220;BGG-Verlag Online-Buchhandlung&#8221; macht Gebrauch von der Kleinunternehmerregelung gem\u00e4\u00df \u00a7 19 UstG. Umsatzsteuer wird daher weder ausgewiesen noch berechnet. Weitere Preisbestandteile sind in den angegebenen Preisen inbegriffen. Verpackungs- und Versandkosten sind nicht im angezeigten Preis enthalten und k\u00f6nnen ggf. zus\u00e4tzlich anfallen.<\/p>\n<p>Wir akzeptieren grunds\u00e4tzlich folgende Zahlungsoptionen:<\/p>\n<li>Paypal<\/li>\n<li>Lastschrifteinzug (\u00fcber Paypal)<\/li>\n<li>Kreditkartenzahlung (\u00fcber Paypal)<\/li>\n<li>Vorkasse (\u00dcberweisung)<\/li>\n<li>Nachnahme<\/li>\n<li>Rechnung (nur f\u00fcr Unternehmer und Kaufleute gem\u00e4\u00df \u00a72 Absatz 2 und 3 dieser AGB)<\/li>\n<p>Bei Auswahl der Zahlungsart Vorkasse nennen wir Ihnen unsere Bankverbindung. Der Rechnungsbetrag ist innerhalb von 7 Tagen auf unser Konto zu \u00fcberweisen. Sollten Sie in Zahlungsverzug geraten, so ist der Kaufpreis w\u00e4hrend des Verzuges in H\u00f6he von 5 Prozentpunkten \u00fcber dem Basiszinssatz zu verzinsen. Wir berechnen Ihnen f\u00fcr jedes Mahnschreiben, welches nach Eintritt des Verzuges an Sie versandt wird, eine Mahngeb\u00fchr in H\u00f6he von 2,50 \u20ac, sofern nicht im Einzelfall ein niedrigerer bzw. h\u00f6herer Schaden nachgewiesen wird.<\/p>\n<p><br class=\"\u201dclear\u201d\"><\/p>\n<p><strong><em>\u00a77 Lieferbedingungen<\/em><\/strong><\/p>\n<p>Die Lieferung erfolgt \u2013 sofern die Beschreibung eines gew\u00e4hlten Produkts nicht explizit Abweichendes festlegt \u2013 innerhalb von 7 Werktagen. Diese Frist beginnt im Falle der Zahlung via \u00dcberweisung oder Paypal am Tag nach Erteilung des Zahlungsauftrages. Bei Zahlung auf Rechnung beginnt die Frist mit der Auftragsbest\u00e4tigung.<\/p>\n<p><br class=\"\u201dclear\u201d\"><\/p>\n<p><strong><em>\u00a78 Gefahren\u00fcbergang (Transportsch\u00e4den)<\/em><\/strong><\/p>\n<p>Ist der Kunde Verbraucher, dann geht die Gefahr des zuf\u00e4lligen Untergangs, der zuf\u00e4lligen Besch\u00e4digung oder Verlusts der gelieferten Ware in dem Zeitpunkt auf den Kunden \u00fcber, in dem die Ware an den Kunden ausgeliefert wird oder der Kunde in Annahmeverzug ger\u00e4t. In allen anderen F\u00e4llen geht die Gefahr, sofern der Verwender nur die Versendung schuldet, mit der Auslieferung der Ware an das Transportunternehmen auf den Kunden \u00fcber.<\/p>\n<p><br class=\"\u201dclear\u201d\"><\/p>\n<p><strong><em>\u00a79 Eigentumsvorbehalt<\/em><\/strong><\/p>\n<p>(1) Bis zum vollst\u00e4ndigen Empfang des Kaufpreises beh\u00e4lt sich der Verwender das Eigentum an der Ware vor.<\/p>\n<p>(2) Sofern Sie Unternehmer oder Kaufmann sind, behalten wir uns das Eigentum an der Ware bis zur vollst\u00e4ndigen Begleichung aller gegenw\u00e4rtigen und k\u00fcnftigen Forderungen aus einer laufenden Gesch\u00e4ftsbeziehung vor. Als Unternehmer oder Kaufmann sind Sie dazu berechtigt, die Vorbehaltsware im ordnungsgem\u00e4\u00dfen Gesch\u00e4ftsverkehr weiterzuver\u00e4u\u00dfern. In diesem Fall treten Sie zur Sicherung der Kaufpreisforderung bereits jetzt die hieraus entstehenden Anspr\u00fcche gegen den Erwerber an uns ab. Wir erm\u00e4chtigen Sie, die an uns abgetretenen Forderungen im eigenen Namen und f\u00fcr unsere Rechnung einzuziehen.<\/p>\n<p><br class=\"\u201dclear\u201d\"><\/p>\n<p><strong><em>\u00a710 Gew\u00e4hrleistung<\/em><\/strong><\/p>\n<p>Es gelten die gesetzlichen Gew\u00e4hrleistungsregelungen.<\/p>\n<p><br class=\"\u201dclear\u201d\"><\/p>\n<p><strong><em>\u00a7 9 Schlussbestimmungen<\/em><\/strong><\/p>\n<p>(1) Gerichtstand ist unser Gesch\u00e4ftssitz (falls Sie Kaufmann, juristische Person des \u00f6ffentlichen Rechts oder \u00f6ffentlich-rechtliches Sonderverm\u00f6gen sind).<\/p>\n<p>(2) Sofern Sie Unternehmer sind, ist auf Vertr\u00e4ge zwischen Ihnen und uns ausschlie\u00dflich deutsches Recht anwendbar unter Ausschluss der Bestimmungen der United Nations Convention on Contracts for the international Sale of Goods (CISG, \u201eUN-Kaufrecht\u201c).<\/p>\n<p>(3) Die Europ\u00e4ische Kommission stellt eine Plattform zur Online-Streitbeilegung (OS) bereit, die Sie hier finden:<br \/>\nhttps:\/\/ec.eu-ropa.eu\/consumers\/odr\/<br \/>\nZur Teilnahme an einem Streitbeilegungsverfahren vor einer Verbraucherschlichtungsstelle sind wir weder bereit noch verpflichtet.<\/p>\n<p>(4)  Sollte eine der Bestimmungen in diesen Gesch\u00e4ftsbedingungen nichtig sein oder werden, ber\u00fchrt dies nicht die Wirksamkeit der sonstigen Bestimmungen. Anstelle der unwirksamen Bestimmung gelten die einschl\u00e4gigen gesetzlichen Vorschriften.\u200b<\/p>\n<p><br class=\"\u201dclear\u201d\"><br class=\"\u201dclear\u201d\"><br class=\"\u201dclear\u201d\"><\/p>\n<p><strong><em>Muster-Widerrufsformular<\/em><\/strong><br \/>\n<em>(Wenn Sie den Vertrag widerrufen wollen, dann f\u00fcllen Sie bitte dieses Formular aus und senden Sie es zur\u00fcck.)<\/em><\/p>\n<p><br class=\"\u201dclear\u201d\"><\/p>\n<p>An<br \/>\nBGG-Online-Buchhandlung<br \/>\nc\/o Gerd-Christian Treutler<br \/>\nRuppiner Str. 61<br \/>\n14612 Falkensee<br \/>\nFax: 03322 234387<br \/>\nE-Mail: bestellung@bggroteradler.de<\/p>\n<p>Hiermit widerrufe(n) ich\/wir (*) den von mir\/uns (*) abgeschlossenen Vertrag \u00fcber den Kauf der\tfolgenden Waren\t:<\/p>\n<p>Bestellt am \/ erhalten am (*):<\/p>\n<p>Name des\/der Verbraucher(s):<br \/>\nAnschrift des\/der Verbraucher(s):<\/p>\n<p>Telefon\/E \/ Mail (*):<\/p>\n<p>Datum \/ Unterschrift des\/der Verbraucher(s)<br \/>\n(nur bei Mitteilung auf Papier)<\/p>\n<p>___________<br \/>\n<em>(*) Unzutreffendes streichen<\/em><\/p>\n","protected":false},"excerpt":{"rendered":"<p>\u00a71 Verwender Als Verwender dieser AGB gilt: BGG-Verlag, gemeinn\u00fctziger Zweckbetrieb der Brandenburgischen Genealogischen Gesellschaft \u201eRoter Adler\u201c e.V. BGG-Online-Buchhandlung Postfach 60 06 13 14403 Potsdam Registernummer: VR 6801 P Registergericht: Amtsgericht Potsdam \u00a72 Geltungsbereich Diese Allgemeinen Gesch\u00e4ftsbedingungen gelten f\u00fcr alle Rechtsgesch\u00e4fte zwischen dem Verwender und Ihnen als Kunde. Das Produktangebot der BGG-Online-Buchhandlung richtet sich gleicherma\u00dfen an Verbraucher, Unternehmer und Kaufleute. Sollten Sie eigene Allgemeine Gesch\u00e4ftsbedingungen in den Vertrag einbeziehen wollen, die unseren Allgemeinen Gesch\u00e4ftsbedingungen widersprechen, sind wir mit deren Geltung nicht [&#8230;]<\/p>\n","protected":false},"author":1458,"featured_media":0,"parent":7472,"menu_order":4,"comment_status":"closed","ping_status":"closed","template":"","meta":{"_themeisle_gutenberg_block_has_review":false,"footnotes":""},"_links":{"self":[{"href":"https:\/\/testhp.bggroteradler.de\/index.php?rest_route=\/wp\/v2\/pages\/7564"}],"collection":[{"href":"https:\/\/testhp.bggroteradler.de\/index.php?rest_route=\/wp\/v2\/pages"}],"about":[{"href":"https:\/\/testhp.bggroteradler.de\/index.php?rest_route=\/wp\/v2\/types\/page"}],"author":[{"embeddable":true,"href":"https:\/\/testhp.bggroteradler.de\/index.php?rest_route=\/wp\/v2\/users\/1458"}],"replies":[{"embeddable":true,"href":"https:\/\/testhp.bggroteradler.de\/index.php?rest_route=%2Fwp%2Fv2%2Fcomments&post=7564"}],"version-history":[{"count":19,"href":"https:\/\/testhp.bggroteradler.de\/index.php?rest_route=\/wp\/v2\/pages\/7564\/revisions"}],"predecessor-version":[{"id":7625,"href":"https:\/\/testhp.bggroteradler.de\/index.php?rest_route=\/wp\/v2\/pages\/7564\/revisions\/7625"}],"up":[{"embeddable":true,"href":"https:\/\/testhp.bggroteradler.de\/index.php?rest_route=\/wp\/v2\/pages\/7472"}],"wp:attachment":[{"href":"https:\/\/testhp.bggroteradler.de\/index.php?rest_route=%2Fwp%2Fv2%2Fmedia&parent=7564"}],"curies":[{"name":"wp","href":"https:\/\/api.w.org\/{rel}","templated":true}]}}