{"id":7767,"date":"2022-02-10T21:40:57","date_gmt":"2022-02-10T20:40:57","guid":{"rendered":"https:\/\/testhp.bggroteradler.de\/?page_id=7767"},"modified":"2023-03-05T19:18:38","modified_gmt":"2023-03-05T18:18:38","slug":"rootstech-2022-und-der-rote-adler-ist-dabei","status":"publish","type":"page","link":"https:\/\/testhp.bggroteradler.de\/?page_id=7767","title":{"rendered":"RootsTech 2023 &#8211; Der &#8220;Rote Adler&#8221; ist wieder dabei gewesen!"},"content":{"rendered":"<p>Die <a href=\"https:\/\/www.familysearch.org\/rootstech\/home\" target=\"_blank\" rel=\"noopener\">RootsTech 2023 &#8211;<\/a> das waren drei wunderbare Tage mit vielf\u00e4ltigen Informationen zur Familiengeschichtsforschung!\u00a0 Wir freuen uns, das auch in diesem Jahr die Brandenburgische Genealogische Gesellschaft \u201cRoter Adler\u201d wieder mit einem eigenen Stand dabei sein konnte. Wir bedanken uns beim Veranstalter &#8211; <a href=\"https:\/\/familysearch.org\" target=\"_blank\" rel=\"noopener\">FamilySearch<\/a> &#8211;\u00a0 f\u00fcr eine hervorragend organisierte und mit vielen genealogischen H\u00f6hepunkten versehene Veranstaltung. Alle Beitr\u00e4ge der RootsTech 2023 sind bis zur n\u00e4chsten RootsTech auch weiterhin abrufbar sind.<\/p>\n<p><a href=\"https:\/\/www.familysearch.org\/rootstech\/home\" target=\"_blank\" rel=\"noopener\"><img decoding=\"async\" class=\"alignnone wp-image-9327 size-medium\" src=\"https:\/\/testhp.bggroteradler.de\/wp-content\/uploads\/2023\/03\/RootsTech2023-1-300x160.jpg\" alt=\"\" width=\"300\" height=\"160\" srcset=\"https:\/\/testhp.bggroteradler.de\/wp-content\/uploads\/2023\/03\/RootsTech2023-1-300x160.jpg 300w, https:\/\/testhp.bggroteradler.de\/wp-content\/uploads\/2023\/03\/RootsTech2023-1-1024x546.jpg 1024w, https:\/\/testhp.bggroteradler.de\/wp-content\/uploads\/2023\/03\/RootsTech2023-1-768x410.jpg 768w, https:\/\/testhp.bggroteradler.de\/wp-content\/uploads\/2023\/03\/RootsTech2023-1-1536x820.jpg 1536w, https:\/\/testhp.bggroteradler.de\/wp-content\/uploads\/2023\/03\/RootsTech2023-1-600x320.jpg 600w, https:\/\/testhp.bggroteradler.de\/wp-content\/uploads\/2023\/03\/RootsTech2023-1.jpg 1831w\" sizes=\"(max-width: 300px) 100vw, 300px\" \/><\/a><\/p>\n<figure class=\"wp-block-embed aligncenter is-type-video is-provider-youtube wp-block-embed-youtube wp-embed-aspect-16-9 wp-has-aspect-ratio\">\n<div class=\"wp-block-embed__wrapper\">\n<p>So werden wir einige Beitr\u00e4ge unseres <a href=\"https:\/\/www.youtube.com\/@bggroteradler6344\" target=\"_blank\" rel=\"noopener\">YouTube-Kanals<\/a> pr\u00e4sentieren. Hier der <a href=\"https:\/\/www.familysearch.org\/rootstech\/series\/bgg-brandenburgische-genealogische-gesellschaft-roter-adler-e-v\" target=\"_blank\" rel=\"noopener\">Link zum Stand<\/a> der BGG \u201cRoter Adler\u201d in der der Ausstellerhalle.<\/p>\n<\/div>\n<\/figure>\n<p><a href=\"https:\/\/www.familysearch.org\/rootstech\/series\/bgg-brandenburgische-genealogische-gesellschaft-roter-adler-e-v\" target=\"_blank\" rel=\"noopener\"><img decoding=\"async\" class=\"wp-image-8326 size-medium alignnone\" src=\"https:\/\/en.bggroteradler.de\/wp-content\/uploads\/2023\/03\/Link-Aussteller-BGG-300x241.jpg\" sizes=\"(max-width: 300px) 100vw, 300px\" srcset=\"https:\/\/en.bggroteradler.de\/wp-content\/uploads\/2023\/03\/Link-Aussteller-BGG-300x241.jpg 300w, https:\/\/en.bggroteradler.de\/wp-content\/uploads\/2023\/03\/Link-Aussteller-BGG-1024x822.jpg 1024w, https:\/\/en.bggroteradler.de\/wp-content\/uploads\/2023\/03\/Link-Aussteller-BGG-768x616.jpg 768w, https:\/\/en.bggroteradler.de\/wp-content\/uploads\/2023\/03\/Link-Aussteller-BGG-600x481.jpg 600w, https:\/\/en.bggroteradler.de\/wp-content\/uploads\/2023\/03\/Link-Aussteller-BGG.jpg 1037w\" alt=\"\" width=\"300\" height=\"241\" \/><\/a><\/p>\n","protected":false},"excerpt":{"rendered":"<p>Die RootsTech 2023 &#8211; das waren drei wunderbare Tage mit vielf\u00e4ltigen Informationen zur Familiengeschichtsforschung!\u00a0 Wir freuen uns, das auch in diesem Jahr die Brandenburgische Genealogische Gesellschaft \u201cRoter Adler\u201d wieder mit einem eigenen Stand dabei sein konnte. Wir bedanken uns beim Veranstalter &#8211; FamilySearch &#8211;\u00a0 f\u00fcr eine hervorragend organisierte und mit vielen genealogischen H\u00f6hepunkten versehene Veranstaltung. Alle Beitr\u00e4ge der RootsTech 2023 sind bis zur n\u00e4chsten RootsTech auch weiterhin abrufbar sind. So werden wir einige Beitr\u00e4ge unseres YouTube-Kanals pr\u00e4sentieren. Hier der Link [&#8230;]<\/p>\n","protected":false},"author":1447,"featured_media":0,"parent":0,"menu_order":11,"comment_status":"closed","ping_status":"closed","template":"","meta":{"_themeisle_gutenberg_block_has_review":false,"footnotes":""},"_links":{"self":[{"href":"https:\/\/testhp.bggroteradler.de\/index.php?rest_route=\/wp\/v2\/pages\/7767"}],"collection":[{"href":"https:\/\/testhp.bggroteradler.de\/index.php?rest_route=\/wp\/v2\/pages"}],"about":[{"href":"https:\/\/testhp.bggroteradler.de\/index.php?rest_route=\/wp\/v2\/types\/page"}],"author":[{"embeddable":true,"href":"https:\/\/testhp.bggroteradler.de\/index.php?rest_route=\/wp\/v2\/users\/1447"}],"replies":[{"embeddable":true,"href":"https:\/\/testhp.bggroteradler.de\/index.php?rest_route=%2Fwp%2Fv2%2Fcomments&post=7767"}],"version-history":[{"count":78,"href":"https:\/\/testhp.bggroteradler.de\/index.php?rest_route=\/wp\/v2\/pages\/7767\/revisions"}],"predecessor-version":[{"id":9329,"href":"https:\/\/testhp.bggroteradler.de\/index.php?rest_route=\/wp\/v2\/pages\/7767\/revisions\/9329"}],"wp:attachment":[{"href":"https:\/\/testhp.bggroteradler.de\/index.php?rest_route=%2Fwp%2Fv2%2Fmedia&parent=7767"}],"curies":[{"name":"wp","href":"https:\/\/api.w.org\/{rel}","templated":true}]}}