{"id":806,"date":"2011-04-09T21:06:08","date_gmt":"2011-04-09T21:06:08","guid":{"rendered":"https:\/\/testhp.bggroteradler.de\/?page_id=806"},"modified":"2016-09-07T08:41:24","modified_gmt":"2016-09-07T07:41:24","slug":"literatur-zu-brandenburg","status":"publish","type":"page","link":"https:\/\/testhp.bggroteradler.de\/?page_id=806","title":{"rendered":"Literatur zu Brandenburg"},"content":{"rendered":"<p>Links zu digitalisierten B\u00fcchern rund um die Brandenburgische Geschichte<\/p>\n<ul>\n<li>\n\t\t<a href=\"http:\/\/books.google.de\/books?id=ibZLAAAAYAAJ&amp;pg=PR5&amp;dq=Landbuch+Pommern&amp;lr=&amp;as_brr=1&amp;ei=XKXcS5KiJKL4yASRsqitCQ&amp;cd=4#v=onepage&amp;q&amp;f=false\" target=\"_blank\">Landbuch  des Churf\u00fcrstenthums und der Mark Branendburg, welches Kayser Carl IV.  k\u00f6nig von B\u00f6hmen und marggraf zu Brandenburg, im jahr 1375. anfertigen  lassen: wie auch das register des landschosses einiger creise der  churmark vom jahr 1451<\/a>\n\t<\/li>\n<li>\n\t\tBerghaus, Heinrich Karl Wilhelm (1797-1884): Landbuch der Mark  Brandenburg und des Markgrafthums Nieder-Lausitz in der Mitte des 19.  Jahrhunderts: oder geographisch-historisch-statistische Beschreibung der  Provinz Brandenburg<\/p>\n<ul>\n<li>\n\t\t\t\t<a href=\"http:\/\/books.google.com\/books?id=0XUOAAAAYAAJ&amp;dq=intitle:Landbuch&amp;source=gbs_navlinks_s\" target=\"_blank\">Band 1<\/a>\n\t\t\t<\/li>\n<li>\n\t\t\t\t<a href=\"http:\/\/books.google.com\/books?id=o3YOAAAAYAAJ&amp;dq=editions:HARVARD32044098652498&amp;source=gbs_navlinks_s\" target=\"_blank\">Band 2<\/a>\n\t\t\t<\/li>\n<\/ul>\n<\/li>\n<li>\n\t\tRaumer, Georg Wilhelm von: Codex diplomaticus Brandenburgensis continuatus: Sammlung ungedruckter Urkunden zur brandenburgischen Geschichte<\/p>\n<ul>\n<li>\n\t\t\t\t<a href=\"http:\/\/books.google.de\/books?id=VRsEAAAAYAAJ&#038;pg=PR3#v=onepage&#038;q&#038;f=false\" target=\"_blank\">Teil 1<\/a> 1831\n\t\t\t<\/li>\n<\/ul>\n<\/li>\n<li>\n\t\tRiedel, Adolph Friedrich: Codex diplomaticus Brandenburgensis: Sammlung der Urkunden, Chroniken und sonstigen Quellenschriften f\u00fcr die Geschichte der Mark Brandenburg und ihrer Regenten<\/p>\n<ul>\n<li>Erster Hauptteil: Geschichte der geistlichen Stiftungen, der adlichen Familien, so wie der St\u00e4dte und Burgen der Mark Brandenburg\n<ul>\n<li>\n\t\t\t\t\t\t<a href=\"http:\/\/books.google.de\/books?id=6hY_AAAAcAAJ&#038;dq=editions%3AOCLC213496554&#038;lr&#038;as_brr=1&#038;pg=PP6#v=onepage&#038;q&#038;f=false\" target=\"_blank\">Band I<\/a> 1838\n\t\t\t\t\t<\/li>\n<li>\n\t\t\t\t\t\t<a href=\"http:\/\/books.google.de\/books?id=9xY_AAAAcAAJ&#038;dq=editions%3AOCLC213496554&#038;lr&#038;as_brr=1&#038;pg=PP6#v=onepage&#038;q&#038;f=false\" target=\"_blank\">Band II<\/a> 1842\n\t\t\t\t\t<\/li>\n<li>\n\t\t\t\t\t\t<a href=\"http:\/\/books.google.de\/books?id=TBs_AAAAcAAJ&#038;dq=editions%3AOCLC213496554&#038;lr&#038;as_brr=1&#038;pg=PP6#v=onepage&#038;q&#038;f=false\" target=\"_blank\">Band III<\/a> 1843\n\t\t\t\t\t<\/li>\n<li>\n\t\t\t\t\t\t<a href=\"http:\/\/books.google.de\/books?id=Whc_AAAAcAAJ&#038;dq=editions%3AOCLC213496554&#038;lr&#038;as_brr=1&#038;pg=PP6#v=onepage&#038;q&#038;f=false\" target=\"_blank\">Band IV<\/a> 1844\n\t\t\t\t\t<\/li>\n<li>\n\t\t\t\t\t\t<a href=\"http:\/\/books.google.de\/books?id=dBc_AAAAcAAJ&#038;dq=editions%3AOCLC213496554&#038;lr&#038;as_brr=1&#038;pg=PP6#v=onepage&#038;q&#038;f=false\" target=\"_blank\">Band V<\/a> 1845\n\t\t\t\t\t<\/li>\n<li>\n\t\t\t\t\t\t<a href=\"http:\/\/books.google.de\/books?id=KRw_AAAAcAAJ&#038;dq=editions%3AOCLC213496554&#038;lr&#038;as_brr=1&#038;pg=PR5#v=onepage&#038;q&#038;f=false\" target=\"_blank\">Band VI<\/a> 1846\n\t\t\t\t\t<\/li>\n<li>\n\t\t\t\t\t\t<a href=\"http:\/\/books.google.de\/books?id=qBc_AAAAcAAJ&#038;dq=editions%3AOCLC213496554&#038;lr&#038;as_brr=1&#038;pg=PP6#v=onepage&#038;q&#038;f=false\" target=\"_blank\">Band VII<\/a> 1847\n\t\t\t\t\t<\/li>\n<li>\n\t\t\t\t\t\t<a href=\"http:\/\/books.google.de\/books?id=fBw_AAAAcAAJ&#038;dq=editions%3AOCLC213496554&#038;lr&#038;as_brr=1&#038;pg=PP6#v=onepage&#038;q&#038;f=false\" target=\"_blank\">Band VIII<\/a> 1847\n\t\t\t\t\t<\/li>\n<li>\n\t\t\t\t\t\t<a href=\"http:\/\/books.google.de\/books?id=0xc_AAAAcAAJ&#038;dq=editions%3AOCLC213496554&#038;lr&#038;as_brr=1&#038;pg=PP6#v=onepage&#038;q&#038;f=false\" target=\"_blank\">Band IX<\/a> 1849\n\t\t\t\t\t<\/li>\n<li>\n\t\t\t\t\t\t<a href=\"http:\/\/books.google.de\/books?id=uBw_AAAAcAAJ&#038;dq=editions%3AOCLC213496554&#038;lr&#038;as_brr=1&#038;pg=PP5#v=onepage&#038;q&#038;f=false\" target=\"_blank\">Band X<\/a> 1856\n\t\t\t\t\t<\/li>\n<li>\n\t\t\t\t\t\t<a href=\"http:\/\/books.google.de\/books?id=5Bw_AAAAcAAJ&#038;dq=editions%3AOCLC213496554&#038;lr&#038;as_brr=1&#038;pg=PP5#v=onepage&#038;q&#038;f=false\" target=\"_blank\">Band XI<\/a> 1856\n\t\t\t\t\t<\/li>\n<li>\n\t\t\t\t\t\t<a href=\"http:\/\/books.google.de\/books?id=_Bw_AAAAcAAJ&#038;dq=editions%3AOCLC213496554&#038;lr&#038;as_brr=1&#038;pg=PP5#v=onepage&#038;q&#038;f=false\" target=\"_blank\">Band XII<\/a> 1857\n\t\t\t\t\t<\/li>\n<li>\n\t\t\t\t\t\t<a href=\"http:\/\/books.google.de\/books?id=Kh0_AAAAcAAJ&#038;dq=editions%3AOCLC213496554&#038;lr&#038;as_brr=1&#038;pg=PP5#v=onepage&#038;q&#038;f=false\" target=\"_blank\">Band XIII<\/a> 1857\n\t\t\t\t\t<\/li>\n<li>\n\t\t\t\t\t\t<a href=\"http:\/\/books.google.de\/books?id=fhk_AAAAcAAJ&#038;dq=editions%3AOCLC213496554&#038;lr&#038;as_brr=1&#038;pg=PP5#v=onepage&#038;q&#038;f=false\" target=\"_blank\">Band XIV<\/a> 1857\n\t\t\t\t\t<\/li>\n<li>\n\t\t\t\t\t\t<a href=\"http:\/\/books.google.de\/books?id=hxQ_AAAAcAAJ&#038;dq=editions%3AOCLC213496554&#038;lr&#038;as_brr=1&#038;pg=PP5#v=onepage&#038;q&#038;f=false\" target=\"_blank\">Band XV<\/a> 1858\n\t\t\t\t\t<\/li>\n<li>\n\t\t\t\t\t\t<a href=\"http:\/\/books.google.de\/books?id=QxQ_AAAAcAAJ&#038;dq=editions%3AOCLC213496554&#038;lr&#038;as_brr=1&#038;pg=PP5#v=onepage&#038;q&#038;f=false\" target=\"_blank\">Band XVI<\/a> 1859\n\t\t\t\t\t<\/li>\n<li>\n\t\t\t\t\t\t<a href=\"http:\/\/books.google.de\/books?id=whQ_AAAAcAAJ&#038;dq=editions%3AOCLC213496554&#038;lr&#038;as_brr=1&#038;pg=PP5#v=onepage&#038;q&#038;f=false\" target=\"_blank\">Band XVII<\/a> 1859\n\t\t\t\t\t<\/li>\n<li>\n\t\t\t\t\t\t<a href=\"http:\/\/books.google.de\/books?id=3RQ_AAAAcAAJ&#038;dq=editions%3AOCLC213496554&#038;lr&#038;as_brr=1&#038;pg=PP5#v=onepage&#038;q&#038;f=false\" target=\"_blank\">Band XVIII<\/a> 1859\n\t\t\t\t\t<\/li>\n<li>\n\t\t\t\t\t\t<a href=\"http:\/\/books.google.de\/books?id=8xQ_AAAAcAAJ&#038;dq=editions%3AOCLC213496554&#038;lr&#038;as_brr=1&#038;pg=PP5#v=onepage&#038;q&#038;f=false\" target=\"_blank\">Band XIX<\/a> 1860\n\t\t\t\t\t<\/li>\n<li>\n\t\t\t\t\t\t<a href=\"http:\/\/books.google.de\/books?id=BhU_AAAAcAAJ&#038;dq=editions%3AOCLC213496554&#038;as_brr=1&#038;pg=PP5#v=onepage&#038;q&#038;f=false\" target=\"_blank\">Band XX<\/a> 1861\n\t\t\t\t\t<\/li>\n<li>\n\t\t\t\t\t\t<a href=\"http:\/\/books.google.de\/books?id=IBU_AAAAcAAJ&#038;dq=editions%3AOCLC213496554&#038;as_brr=1&#038;pg=PP7#v=onepage&#038;q&#038;f=false\" target=\"_blank\">Band XXI<\/a> 1861\n\t\t\t\t\t<\/li>\n<li>\n\t\t\t\t\t\t<a href=\"http:\/\/books.google.de\/books?id=8RQ_AAAAcAAJ&#038;dq=editions%3AOCLC213496554&#038;as_brr=1&#038;pg=PP5#v=onepage&#038;q&#038;f=false\" target=\"_blank\">Band XXII<\/a> 1862\n\t\t\t\t\t<\/li>\n<li>\n\t\t\t\t\t\t<a href=\"http:\/\/books.google.de\/books?id=EBU_AAAAcAAJ&#038;dq=editions%3AOCLC213496554&#038;as_brr=1&#038;pg=PP5#v=onepage&#038;q&#038;f=false\" target=\"_blank\">Band XXIII<\/a> 1862\n\t\t\t\t\t<\/li>\n<li>\n\t\t\t\t\t\t<a href=\"http:\/\/books.google.de\/books?id=fBU_AAAAcAAJ&#038;dq=editions%3AOCLC213496554&#038;as_brr=1&#038;pg=PP5#v=onepage&#038;q&#038;f=false\" target=\"_blank\">Band XXIV<\/a> 1863\n\t\t\t\t\t<\/li>\n<li>\n\t\t\t\t\t\t<a href=\"http:\/\/books.google.de\/books?id=RhU_AAAAcAAJ&#038;dq=editions%3AOCLC213496554&#038;as_brr=1&#038;pg=PP5#v=onepage&#038;q&#038;f=false\" target=\"_blank\">Band XXV<\/a> 1863\n\t\t\t\t\t<\/li>\n<\/ul>\n<\/li>\n<li>Zweiter Hauptteil: Urkundensammlung zur Geschichte der ausw\u00e4rtigen Verh\u00e4ltnisse der Mark Brandenburg und der Beziehungen ihrer Regenten zum Auslande\n<ul>\n<li>\n\t\t\t\t\t\t<a href=\"http:\/\/books.google.de\/books?id=fzwOAAAAQAAJ&#038;pg=PP5#v=onepage&#038;q&#038;f=false\" target=\"_blank\">Band I<\/a> 1843\n\t\t\t\t\t<\/li>\n<li>\n\t\t\t\t\t\t<a href=\"http:\/\/books.google.de\/books?id=qjwOAAAAQAAJ&#038;dq=editions%3AOXFORD555078520&#038;lr&#038;as_brr=1&#038;pg=PP8#v=onepage&#038;q&#038;f=false\" target=\"_blank\">Band II<\/a> 1845\n\t\t\t\t\t<\/li>\n<li>\n\t\t\t\t\t\t<a href=\"http:\/\/books.google.de\/books?id=3DwOAAAAQAAJ&#038;dq=editions%3AOXFORD555078520&#038;lr&#038;as_brr=1&#038;pg=PR2#v=onepage&#038;q&#038;f=false\" target=\"_blank\">Band III<\/a> 1846\n\t\t\t\t\t<\/li>\n<li>\n\t\t\t\t\t\t<a href=\"http:\/\/books.google.de\/books?id=Cj0OAAAAQAAJ&#038;dq=editions%3AOXFORD555078520&#038;lr&#038;as_brr=1&#038;pg=PP8#v=onepage&#038;q&#038;f=false\" target=\"_blank\">Band IV<\/a> 1847\n\t\t\t\t\t<\/li>\n<li>\n\t\t\t\t\t\t<a href=\"http:\/\/books.google.de\/books?id=UD0OAAAAQAAJ&#038;dq=editions%3AOXFORD555078520&#038;lr&#038;as_brr=1&#038;pg=PP8#v=onepage&#038;q&#038;f=false\" target=\"_blank\">Band V<\/a> 1848\n\t\t\t\t\t<\/li>\n<li>\n\t\t\t\t\t\t<a href=\"http:\/\/books.google.de\/books?id=aj0OAAAAQAAJ&#038;dq=editions%3AOXFORD555078520&#038;as_brr=1&#038;pg=PP5#v=onepage&#038;q&#038;f=false\" target=\"_blank\">Band VI<\/a> 1857\n\t\t\t\t\t<\/li>\n<\/ul>\n<\/li>\n<li>Dritter Hauptteil: Urkundensammlung f\u00fcr die Geschichte der allgemeinen Landes- und kurf\u00fcrstlichen Hausangelegenheiten\n<ul>\n<li>\n\t\t\t\t\t\t<a href=\"http:\/\/books.google.de\/books?id=jT0OAAAAQAAJ&#038;dq=editions%3AOXFORD555078520&#038;as_brr=1&#038;pg=PP5#v=onepage&#038;q&#038;f=false\" target=\"_blank\">Band I<\/a> 1859\n\t\t\t\t\t<\/li>\n<li>\n\t\t\t\t\t\t<a href=\"http:\/\/books.google.de\/books?id=tT0OAAAAQAAJ&#038;dq=editions%3AOXFORD555078520&#038;as_brr=1&#038;pg=PP7#v=onepage&#038;q&#038;f=false\" target=\"_blank\">Band II<\/a> 1860\n\t\t\t\t\t<\/li>\n<li>\n\t\t\t\t\t\t<a href=\"http:\/\/books.google.de\/books?id=yz0OAAAAQAAJ&#038;pg=PP7#v=onepage&#038;q&#038;f=false\" target=\"_blank\">Band III<\/a> 1861\n\t\t\t\t\t<\/li>\n<\/ul>\n<\/li>\n<li>Vierter Hauptteil: Sammlung der \u00dcberreste alter Brandenburgischer Geschichtsschreibung\n<ul>\n<li>\n\t\t\t\t\t\t<a href=\"http:\/\/books.google.de\/books?id=4D0OAAAAQAAJ&#038;dq=editions%3AOXFORD555078520&#038;as_brr=1&#038;pg=PP5#v=onepage&#038;q&#038;f=false\" target=\"_blank\">Band I<\/a> (einziger Band) 1862\n\t\t\t\t\t<\/li>\n<\/ul>\n<\/li>\n<li>\n\t\t\t\t<a href=\"http:\/\/books.google.de\/books?id=DD4OAAAAQAAJ&#038;pg=PP7#v=onepage&#038;q&#038;f=false\" target=\"_blank\">Supplementband<\/a> 1865\n\t\t\t<\/li>\n<li>Chronologisches Register zu s\u00e4mmtlichen B\u00e4nden\n<ul>\n<li>\n\t\t\t\t\t\t<a href=\"http:\/\/books.google.de\/books?id=mCE_AAAAcAAJ&#038;dq=editions%3ABSBBSB10478020&#038;pg=PP5#v=onepage&#038;q&#038;f=false\" target=\"_blank\">Band I 786 &#8211; 1414<\/a> 1867\n\t\t\t\t\t<\/li>\n<li>\n\t\t\t\t\t\t<a href=\"http:\/\/books.google.de\/books?id=tyE_AAAAcAAJ&#038;pg=PP5#v=onepage&#038;q&#038;f=false\" target=\"_blank\">Band II 1415 &#8211; 1751<\/a> 1869\n\t\t\t\t\t<\/li>\n<\/ul>\n<\/li>\n<li>Namenverzeichnis zu s\u00e4mmtlichen B\u00e4nden\n<ul>\n<li>\n\t\t\t\t\t\t<a href=\"http:\/\/books.google.de\/books?id=eSE_AAAAcAAJ&#038;dq=editions%3ABSBBSB10478020&#038;pg=PP5#v=onepage&#038;q&#038;f=false\" target=\"_blank\">Band I<\/a> 1867\n\t\t\t\t\t<\/li>\n<li>\n\t\t\t\t\t\t<a href=\"http:\/\/books.google.de\/books?id=aiE_AAAAcAAJ&#038;dq=editions%3ABSBBSB10478020&#038;pg=PP5#v=onepage&#038;q&#038;f=false\" target=\"_blank\">Band II<\/a> 1868\n\t\t\t\t\t<\/li>\n<li>\n\t\t\t\t\t\t<a href=\"http:\/\/books.google.de\/books?id=WCE_AAAAcAAJ&#038;pg=PP5#v=onepage&#038;q&#038;f=false\" target=\"_blank\">Band III<\/a> 1868\n\t\t\t\t\t<\/li>\n<\/ul>\n<\/ul>\n<\/li>\n<li>Genealogisches Handbuch b&uuml;rgerlicher Familien\n<ul>\n<li>Band 111: <a href=\"http:\/\/mbc.cyfrowemazowsze.pl\/dlibra\/docmetadata?id=8127\" target=\"_blank\">Brandenburgisches Geschlechterbuch. 1. Bd.<\/a>, C. A. Starke, G\u00f6rlitz, 1941<\/li>\n<\/ul>\n<\/li>\n<li>M&auml;rkische Forschungen\n<ul>\n<li><a href=\"http:\/\/reader.digitale-sammlungen.de\/resolve\/display\/bsb10012927.html\" target=\"_blank\">Band 1<\/a>, 1841<\/li>\n<li><a href=\"http:\/\/reader.digitale-sammlungen.de\/resolve\/display\/bsb10012928.html\" target=\"_blank\">Band 2<\/a>, 1843\/44<\/li>\n<li><a href=\"http:\/\/reader.digitale-sammlungen.de\/resolve\/display\/bsb10012929.html\" target=\"_blank\">Band 3<\/a>, 1845\/47<\/li>\n<li><a href=\"http:\/\/reader.digitale-sammlungen.de\/resolve\/display\/bsb10012930.html\" target=\"_blank\">Band 4<\/a>, 1847\/50<\/li>\n<li><a href=\"http:\/\/reader.digitale-sammlungen.de\/resolve\/display\/bsb10012931.html\" target=\"_blank\">Band 5<\/a>, 1857<\/li>\n<li><a href=\"http:\/\/reader.digitale-sammlungen.de\/resolve\/display\/bsb10012932.html\" target=\"_blank\">Band 6<\/a>, 1858<\/li>\n<li><a href=\"http:\/\/reader.digitale-sammlungen.de\/resolve\/display\/bsb10012933.html\" target=\"_blank\">Band 7<\/a>, 1861<\/li>\n<li><a href=\"http:\/\/reader.digitale-sammlungen.de\/resolve\/display\/bsb10012934.html\" target=\"_blank\">Band 8<\/a>, 1863<\/li>\n<li><a href=\"http:\/\/reader.digitale-sammlungen.de\/resolve\/display\/bsb10012935.html\" target=\"_blank\">Band 9<\/a>, 1865<\/li>\n<li><a href=\"http:\/\/reader.digitale-sammlungen.de\/resolve\/display\/bsb10012936.html\" target=\"_blank\">Band 10<\/a>, 1867<\/li>\n<li><a href=\"http:\/\/reader.digitale-sammlungen.de\/resolve\/display\/bsb10012939.html\" target=\"_blank\">Band 11<\/a>, 1867<\/li>\n<li><a href=\"http:\/\/reader.digitale-sammlungen.de\/resolve\/display\/bsb10012938.html\" target=\"_blank\">Band 12<\/a>, 1868<\/li>\n<li><a href=\"http:\/\/books.google.com\/books?id=FqwrAQAAIAAJ&#038;source=gbs_book_other_versions\" target=\"_blank\">Band 13\/14<\/a>, 1876\/78<\/li>\n<li><a href=\"http:\/\/books.google.com\/books?id=HK0rAQAAIAAJ&#038;source=gbs_book_other_versions\" target=\"_blank\">Band 17\/18<\/a>, 1882\/84<\/li>\n<li><a href=\"http:\/\/books.google.com\/books?id=Va4rAQAAIAAJ&#038;dq=M%C3%A4rkische+Forschungen&#038;source=gbs_navlinks_s\" target=\"_blank\">Band 19\/20<\/a>, 1886\/87<\/li>\n<\/ul>\n<\/li>\n<\/ul>\n","protected":false},"excerpt":{"rendered":"<p>Links zu digitalisierten B\u00fcchern rund um die Brandenburgische Geschichte Landbuch des Churf\u00fcrstenthums und der Mark Branendburg, welches Kayser Carl IV. k\u00f6nig von B\u00f6hmen und marggraf zu Brandenburg, im jahr 1375. anfertigen lassen: wie auch das register des landschosses einiger creise der churmark vom jahr 1451 Berghaus, Heinrich Karl Wilhelm (1797-1884): Landbuch der Mark Brandenburg und des Markgrafthums Nieder-Lausitz in der Mitte des 19. Jahrhunderts: oder geographisch-historisch-statistische Beschreibung der Provinz Brandenburg Band 1 Band 2 Raumer, Georg Wilhelm von: Codex diplomaticus [&#8230;]<\/p>\n","protected":false},"author":1458,"featured_media":0,"parent":346,"menu_order":0,"comment_status":"closed","ping_status":"open","template":"","meta":{"_themeisle_gutenberg_block_has_review":false,"footnotes":""},"_links":{"self":[{"href":"https:\/\/testhp.bggroteradler.de\/index.php?rest_route=\/wp\/v2\/pages\/806"}],"collection":[{"href":"https:\/\/testhp.bggroteradler.de\/index.php?rest_route=\/wp\/v2\/pages"}],"about":[{"href":"https:\/\/testhp.bggroteradler.de\/index.php?rest_route=\/wp\/v2\/types\/page"}],"author":[{"embeddable":true,"href":"https:\/\/testhp.bggroteradler.de\/index.php?rest_route=\/wp\/v2\/users\/1458"}],"replies":[{"embeddable":true,"href":"https:\/\/testhp.bggroteradler.de\/index.php?rest_route=%2Fwp%2Fv2%2Fcomments&post=806"}],"version-history":[{"count":16,"href":"https:\/\/testhp.bggroteradler.de\/index.php?rest_route=\/wp\/v2\/pages\/806\/revisions"}],"predecessor-version":[{"id":3182,"href":"https:\/\/testhp.bggroteradler.de\/index.php?rest_route=\/wp\/v2\/pages\/806\/revisions\/3182"}],"up":[{"embeddable":true,"href":"https:\/\/testhp.bggroteradler.de\/index.php?rest_route=\/wp\/v2\/pages\/346"}],"wp:attachment":[{"href":"https:\/\/testhp.bggroteradler.de\/index.php?rest_route=%2Fwp%2Fv2%2Fmedia&parent=806"}],"curies":[{"name":"wp","href":"https:\/\/api.w.org\/{rel}","templated":true}]}}