{"id":8088,"date":"2022-03-14T13:33:22","date_gmt":"2022-03-14T12:33:22","guid":{"rendered":"https:\/\/testhp.bggroteradler.de\/?page_id=8088"},"modified":"2022-10-07T19:04:24","modified_gmt":"2022-10-07T18:04:24","slug":"ghsb-9-eidgenossen-in-brandenburgisch-preussischen-diensten","status":"publish","type":"page","link":"https:\/\/testhp.bggroteradler.de\/?page_id=8088","title":{"rendered":"GHSB-9 Eidgenossen in brandenburgisch-preu\u00dfischen Diensten"},"content":{"rendered":"\n<h2 class=\"wp-block-heading\">Die Schweizergarde in Berlin 1696-1713<\/h2>\n\n\n\n<table id=\"tablepress-54\" class=\"tablepress tablepress-id-54\">\n<tbody class=\"row-hover\">\n<tr class=\"row-1\">\n\t<td colspan=\"2\" class=\"column-1\"><br><strong>GHSB 9 - Die Schweizergarde Friedrichs I.<\/strong><br><br><\/td>\n<\/tr>\n<tr class=\"row-2\">\n\t<td class=\"column-1\"><a href=\"https:\/\/testhp.bggroteradler.de\/wp-content\/uploads\/2022\/03\/GHSB-9-Cover.jpg\"><img decoding=\"async\" src=\"https:\/\/testhp.bggroteradler.de\/wp-content\/uploads\/2022\/03\/GHSB-9-Cover.jpg\" alt=\"\" width=\"229\" height=\"300\" class=\"alignleft size-medium wp-image-5836\" \/><\/a><\/td><td class=\"column-2\"><em>\u201eDie Hundert Schweitzer gingen [...] in zweyen Linien von beyden Seiten\/mit fliegender Fahne und Klingendem Spiel\/mit welchem sie auch in die Kirche hereinkamen.\u201c<\/em><br \/>\nDieses Zitat aus der Preu\u00dfischen Kr\u00f6nungs-Geschichte Johann von Bessers beschreibt einen Teil der Prozession w\u00e4hrend der Kr\u00f6nungsfeier Friedrichs I., dem ersten K\u00f6nig in Preu\u00dfen. Diese Hundert-Schweizer, die Leibgarde des Kurf\u00fcrsten Friedrich III. von Brandenburg, spielten 1701 eine bedeutsame repr\u00e4sentative Rolle w\u00e4hrend seiner Kr\u00f6nung zum K\u00f6nig Friedrich I. in Preu\u00dfen und seiner Regierungszeit. Mit ihrer auff\u00e4lligen Tracht hinterlie\u00dfen die S\u00f6ldner der Mannschaft Eindruck. Dies war jedoch nicht von langfristiger Dauer: Nach einer nur kurzen 16-j\u00e4hrigen Dienstzeit wurde die Schweizergarde von Friedrich Wilhelm I. entlassen und geriet in Vergessenheit.<br \/>\nIhre Geschichte in die der in ihr dienenden Schweizer zu bewahren, ist Anliegen dieser Ver\u00f6ffentlichung. Die insgesamt 206 S\u00f6ldner kamen aus den evangelischen Kantonen Z\u00fcrich, Bern, Basel, Schaffhausen, Appenzell-Innerrhoden und St. Gallen.<br><br \/>\n<b>Autorin Charlotte Ropraz<\/b> stammt aus der franz\u00f6sischen Schweiz und wohnt in Freiburg\/Fribourg.  <br \/>\nAn der dortigen Universit\u00e4t legte sie ihren Bachelor in Geschichte ab. Mit der vorliegenden Arbeit schloss sie ihr Masterstudium an der Universit\u00e4t Potsdam auf dem Gebeit der Geschichte der Fr\u00fchen Neuzeit ab.<br><\/td>\n<\/tr>\n<tr class=\"row-3\">\n\t<td class=\"column-1\"><\/td><td class=\"column-2\"><\/td>\n<\/tr>\n<tr class=\"row-4\">\n\t<td class=\"column-1\"><a href=\"https:\/\/testhp.bggroteradler.de\/wp-content\/uploads\/2022\/03\/GHSB-9-Ruecktitel.jpg\"><img decoding=\"async\" src=\"https:\/\/testhp.bggroteradler.de\/wp-content\/uploads\/2022\/03\/GHSB-9-Ruecktitel.jpg\" alt=\"\" width=\"229\" height=\"300\" class=\"alignleft size-medium wp-image-5836\" \/><\/a><\/td><td class=\"column-2\"><strong><em>Bibliographische Angaben:<\/em><\/strong><br><br>Eidgenossen in brandenburgisch-preu\u00dfischen Diensten<br>Die Schweizergarde in Berlin 1696-1713<br><em>zugleich<\/em> Band 9 der Genealogisch-Historischen Studien Brandenburgs (GHSB)<br><br>120 Seiten, Hardcover A5, fadengebunden, Bibliographie und genealogischer Anhang mit allen Angeh\u00f6rigen der Garde<br><br><em>Autorin:<\/em><br>Charlotte Ropraz<br><br><em>Herausgeber:<\/em><br> Gerd-Christian Th. Treutler im Auftrag der Brandenburgischen Genealogischen Gesellschaft \u201eRoter Adler\u201c e.V., AG Potsdam VR 6801 P<br><br><em>ISBN:<\/em><br>978-3-945402-20-7<br><br><em>Preis:<\/em><br>22,00 \u20ac f\u00fcr Nicht-Mitglieder<br>11,00 \u20ac f\u00fcr Mitglieder der BGG Roter Adler<br>zzgl. Versandkosten<br><br>Bestellungen \u00fcber den <a href=\"https:\/\/testhp.bggroteradler.de\/?page_id=1294\">Verein<\/a> oder den Buchhandel.<br><br><br \/>\n<strong><b>Inhalt<\/b><\/strong><br><br \/>\n<li>Einleitung<\/li><li>Hintergr\u00fcnde<\/li><li>Entstehung der Schweizer Leibwache Friedrichs III. von Brandenburg<\/li><li>Die Leibgarde in Berlin<\/li><li>Das Ende der Garde<\/li><li>Fazit<\/li><li>Bibliographie<\/li><li>Anhang<\/><\/td>\n<\/tr>\n<\/tbody>\n<\/table>\n<!-- #tablepress-54 from cache -->\n","protected":false},"excerpt":{"rendered":"<p>Die Schweizergarde in Berlin 1696-1713<\/p>\n","protected":false},"author":4,"featured_media":0,"parent":1274,"menu_order":3,"comment_status":"closed","ping_status":"closed","template":"","meta":{"_themeisle_gutenberg_block_has_review":false,"footnotes":""},"_links":{"self":[{"href":"https:\/\/testhp.bggroteradler.de\/index.php?rest_route=\/wp\/v2\/pages\/8088"}],"collection":[{"href":"https:\/\/testhp.bggroteradler.de\/index.php?rest_route=\/wp\/v2\/pages"}],"about":[{"href":"https:\/\/testhp.bggroteradler.de\/index.php?rest_route=\/wp\/v2\/types\/page"}],"author":[{"embeddable":true,"href":"https:\/\/testhp.bggroteradler.de\/index.php?rest_route=\/wp\/v2\/users\/4"}],"replies":[{"embeddable":true,"href":"https:\/\/testhp.bggroteradler.de\/index.php?rest_route=%2Fwp%2Fv2%2Fcomments&post=8088"}],"version-history":[{"count":2,"href":"https:\/\/testhp.bggroteradler.de\/index.php?rest_route=\/wp\/v2\/pages\/8088\/revisions"}],"predecessor-version":[{"id":8095,"href":"https:\/\/testhp.bggroteradler.de\/index.php?rest_route=\/wp\/v2\/pages\/8088\/revisions\/8095"}],"up":[{"embeddable":true,"href":"https:\/\/testhp.bggroteradler.de\/index.php?rest_route=\/wp\/v2\/pages\/1274"}],"wp:attachment":[{"href":"https:\/\/testhp.bggroteradler.de\/index.php?rest_route=%2Fwp%2Fv2%2Fmedia&parent=8088"}],"curies":[{"name":"wp","href":"https:\/\/api.w.org\/{rel}","templated":true}]}}