{"id":8752,"date":"2022-10-07T18:38:14","date_gmt":"2022-10-07T17:38:14","guid":{"rendered":"https:\/\/testhp.bggroteradler.de\/?page_id=8752"},"modified":"2022-10-07T18:42:07","modified_gmt":"2022-10-07T17:42:07","slug":"bgn-1-2022-band-viii-heft-5","status":"publish","type":"page","link":"https:\/\/testhp.bggroteradler.de\/?page_id=8752","title":{"rendered":"BGN 1\/2022 &#8211; Band VIII\/Heft 5"},"content":{"rendered":"\n<table id=\"tablepress-57\" class=\"tablepress tablepress-id-57\">\n<tbody class=\"row-hover\">\n<tr class=\"row-1\">\n\t<td colspan=\"2\" class=\"column-1\"><strong>Aus dem Inhalt:<\/strong><br><br><\/td>\n<\/tr>\n<tr class=\"row-2\">\n\t<td rowspan=\"8\" class=\"column-1\"><a href=\"https:\/\/testhp.bggroteradler.de\/wp-content\/uploads\/2022\/10\/bgn012022_titelseite_kl.jpg\"><img decoding=\"async\" src=\"https:\/\/testhp.bggroteradler.de\/wp-content\/uploads\/2022\/10\/bgn012022_titelseite_kl.jpgg\" alt=\"\" width=\"400\" height=\"572\" \/><\/a><br \/>\n<\/td><td class=\"column-2\"><strong>Aus dem Forschungsgebiet<\/strong><br><ul><li>Die Hofg\u00e4rtner Brandenburg-Preu\u00dfens - Teil 1: Einf\u00fchrung in die Beitragsserie<\/li><li>Die Musterungen der neum\u00e4rkischen St\u00e4dte im Jahre 1623 - Teil 6: Crossen an der Oder<\/li><\/td>\n<\/tr>\n<tr class=\"row-3\">\n\t<td class=\"column-2\"><strong>Aus den Forschungsgruppen<\/strong><br><ul><li>Vorstellung der Forschungsgruppe \"Juden in Brandenburg ab 1671\"<\/li><\/ul><\/td>\n<\/tr>\n<tr class=\"row-4\">\n\t<td class=\"column-2\"><strong>Wissenswertes<\/strong><br><ul><li>Ein Epitaph in St.. Gotthard zu Altstadt Brandenburg\/Havel<\/li><li>Digitalisierte Erbb\u00fccher beim Landesarchiv Sachsen-Anhalt<\/li><\/ul><\/td>\n<\/tr>\n<tr class=\"row-5\">\n\t<td class=\"column-2\"><strong>BGG Intern<\/strong><br><ul><li>Bericht des Vorstandes zur 16. ordentlichen Jahreshauptversammlung<\/li><li>Mitgliedsausweise und Forschungsauftr\u00e4ge<\/li><li>Hinweise aus unseren Vereinsmitgliedschaften<\/li><li>Geburtstage<\/li><li>Neue Mitglieder bei der BGG \"Roter Adler\" und ihre Forschungsinteressen<\/li><li>Projektvorschlag: BGG-Forscherkontakte<\/li><\/ul><\/td>\n<\/tr>\n<tr class=\"row-6\">\n\t<td class=\"column-2\"><strong>Zeitschriftenschau<\/strong><br><\/td>\n<\/tr>\n<tr class=\"row-7\">\n\t<td class=\"column-2\"><strong>Erz\u00e4hlungen<\/strong><br><ul><li>Die L\u00fcchtem\u00e4nnchen - eine Sage aus dem Havelland<\/li><\/ul><\/td>\n<\/tr>\n<tr class=\"row-8\">\n\t<td class=\"column-2\"><strong>Veranstaltungen<\/strong><br><ul><li>Genealogieseminar 2022<\/li><\/ul><\/td>\n<\/tr>\n<tr class=\"row-9\">\n\t<td class=\"column-2\"><strong>Vermischtes<\/strong><br><\/td>\n<\/tr>\n<\/tbody>\n<\/table>\n<!-- #tablepress-57 from cache -->\n","protected":false},"excerpt":{"rendered":"","protected":false},"author":1458,"featured_media":0,"parent":5672,"menu_order":23,"comment_status":"closed","ping_status":"closed","template":"","meta":{"_themeisle_gutenberg_block_has_review":false,"footnotes":""},"_links":{"self":[{"href":"https:\/\/testhp.bggroteradler.de\/index.php?rest_route=\/wp\/v2\/pages\/8752"}],"collection":[{"href":"https:\/\/testhp.bggroteradler.de\/index.php?rest_route=\/wp\/v2\/pages"}],"about":[{"href":"https:\/\/testhp.bggroteradler.de\/index.php?rest_route=\/wp\/v2\/types\/page"}],"author":[{"embeddable":true,"href":"https:\/\/testhp.bggroteradler.de\/index.php?rest_route=\/wp\/v2\/users\/1458"}],"replies":[{"embeddable":true,"href":"https:\/\/testhp.bggroteradler.de\/index.php?rest_route=%2Fwp%2Fv2%2Fcomments&post=8752"}],"version-history":[{"count":1,"href":"https:\/\/testhp.bggroteradler.de\/index.php?rest_route=\/wp\/v2\/pages\/8752\/revisions"}],"predecessor-version":[{"id":8753,"href":"https:\/\/testhp.bggroteradler.de\/index.php?rest_route=\/wp\/v2\/pages\/8752\/revisions\/8753"}],"up":[{"embeddable":true,"href":"https:\/\/testhp.bggroteradler.de\/index.php?rest_route=\/wp\/v2\/pages\/5672"}],"wp:attachment":[{"href":"https:\/\/testhp.bggroteradler.de\/index.php?rest_route=%2Fwp%2Fv2%2Fmedia&parent=8752"}],"curies":[{"name":"wp","href":"https:\/\/api.w.org\/{rel}","templated":true}]}}