{"id":9006,"date":"2022-12-27T17:14:29","date_gmt":"2022-12-27T16:14:29","guid":{"rendered":"https:\/\/testhp.bggroteradler.de\/?page_id=9006"},"modified":"2022-12-27T18:45:37","modified_gmt":"2022-12-27T17:45:37","slug":"ghsb-10-zu-seiner-majestaet-allerhoechstem-interesse","status":"publish","type":"page","link":"https:\/\/testhp.bggroteradler.de\/?page_id=9006","title":{"rendered":"GHSB-10 Zu Seiner Majest\u00e4t allerh\u00f6chstem Interesse"},"content":{"rendered":"<h2><span style=\"color: #ff0000;\">Die Dom\u00e4nenpolitik Friedrich Wilhelms I., K\u00f6nig in Preu\u00dfen<\/span><\/h2>\n<h3>am Beispiel der Kurmark<\/h3>\n<h4>von Gerd-Christian Th. Treutler<\/h4>\n\n<table id=\"tablepress-60\" class=\"tablepress tablepress-id-60\">\n<tbody class=\"row-hover\">\n<tr class=\"row-1\">\n\t<td colspan=\"2\" class=\"column-1\"><br><strong>GHSB 10 -  Die Dom\u00e4nenpolitik Friedrich Wilhelms I.<\/strong><br><br><\/td>\n<\/tr>\n<tr class=\"row-2\">\n\t<td class=\"column-1\"><a href=\"https:\/\/testhp.bggroteradler.de\/wp-content\/uploads\/2022\/12\/GHSB-10-Titel.jpg\"><img decoding=\"async\" src=\"https:\/\/testhp.bggroteradler.de\/wp-content\/uploads\/2022\/12\/GHSB-10-Titel.jpg\" alt=\"\" width=\"229\" height=\"300\" class=\"alignleft size-medium wp-image-5836\" \/><\/a><\/td><td class=\"column-2\"><em>\u201eZu Seiner Majest\u00e4t allerh\u00f6chstem Interesse\u201c<\/em> als titelgebendem Zitat bekannten sich die zeitgen\u00f6ssischen Amtstr\u00e4ger in ihrer Beeidigung als grundlegende Maxime des durch den K\u00f6nig verk\u00f6rperten werdenden preu\u00dfischen Staates.<br \/>\nDie Dom\u00e4nenpolitik Friedrich Wilhelms I., dem zweiten preu\u00dfischen K\u00f6nig, war die wesentliche Voraussetzung f\u00fcr die folgende Entwicklung Preu\u00dfens von einer Regionalmacht im Heiligen R\u00f6mischen Reich zu einer europ\u00e4ischen Gro\u00dfmacht. Ohne nennenswerte Rohstoffe und handwerkliche Traditionen, agrarisch gepr\u00e4gt und ganz dem merkantilistischen Wirtschaftsmodell und seiner kameralistischen Methodik verhaftet, war der Ausbau und die Intensivierung der landesherrlichen Gutswirtschaft der f\u00fcr Preu\u00dfen verhei\u00dfungsvollste Weg zur Erwirtschaftung der Mittel, die es zum Schuldenabbau, dem Aufbau einer starken Milit\u00e4rmacht und Anh\u00e4ufung eines Staatsschatzes bef\u00e4higte. Erreicht wurde dies durch konsequente Einnahmen- und Ausgabenkontrolle und die Schaffung eines effizienten Verwaltungsapparates mit detaillierten Vorschriften, was knapp einhundert Jahre Bestand behalten sollte und bis zu nahezu 50 Prozent der Staatseinnahmen hervorbrachte. Das friderizianische Preu\u00dfen w\u00e4re ohne die Leistungen Friedrich Wilhelms I. nicht m\u00f6glich gewesen.<br \/>\nDer vorliegende Band stellt diese Entwicklung mit einer F\u00fclle von Quellenmaterial und dessen Auswertungen sowieeinem umfangreichen Anhang unter Beweis. Der allein 22seitige Personenindex und 103 Kurzbiografien der kurm\u00e4rkischen Kammerr\u00e4te machen deutlich, wer hinter den Leistungen dieser Epoche stand.<br><br \/>\n<b>Der Autor Gerd-Christian Th. Treutler wurde 1965 im brandenburgischen Havelland geboren, wo er noch heute in der Gartenstadt Falkensee lebt.  Er ist verheiratet und hat zwei T\u00f6chter und zwei Enkelinnen.<br \/>\nNach dem Abitur studierte er zun\u00e4chst an der Humboldt-Universit\u00e4t zu Berlin Kriminalistik und arbeitete langj\u00e4hrig in der Kriminalit\u00e4tsbek\u00e4mpfung. Zugleich pflegte er ehrenamtlich schon immer seine historischen Interessen, bevor er diese zu seinem zweiten Beruf machte und sich als Gr\u00fcndungsvorsitzender der Brandenburgischen Genealogischen Gesellschaft \u201eRoter Adler\u201c e. V. und in zahlreichen Ver\u00f6ffentlichungen f\u00fcr die brandenburgische Familien-, Personen- und Regionalgeschichte engagierte. Mit der Arbeit Das Zwangsm\u00fchlensystem in der Kurmark des 18. Jahrhunderts auf dem platten Lande als Spiegel und Grenze herrschaftlicher Wirtschaftskontrolle schloss er sein Masterstudium an der Universit\u00e4t Potsdam auf dem Gebiet der Geschichte der Fr\u00fchen Neuzeit ab. Im Anschluss entstand die vorliegende Arbeit als Dissertation, die er 2022 erfolgreich abschloss.<br><\/td>\n<\/tr>\n<tr class=\"row-3\">\n\t<td class=\"column-1\"><\/td><td class=\"column-2\"><\/td>\n<\/tr>\n<tr class=\"row-4\">\n\t<td class=\"column-1\"><a href=\"https:\/\/testhp.bggroteradler.de\/wp-content\/uploads\/2022\/12\/GHSB-10-R\u00fccktitel.jpg\"><img decoding=\"async\" src=\"https:\/\/testhp.bggroteradler.de\/wp-content\/uploads\/2022\/12\/GHSB-10-R\u00fccktitel.jpg\" alt=\"\" width=\"229\" height=\"300\" class=\"alignleft size-medium wp-image-5836\" \/><\/a><\/td><td class=\"column-2\"><strong><em>Bibliographische Angaben:<\/em><\/strong><br><br><strong>Zu Seiner Majest\u00e4t allerh\u00f6chstem Interesse<\/strong><br>Die Dom\u00e4nenpolitik Friedrich Wilhelms I., K\u00f6nig in Preu\u00dfen, am Beispiel der Kurmark<br><em>zugleich<\/em> Band 10 der Genealogisch-Historischen Studien Brandenburgs (GHSB) und Dissertation an der philosophischen Fakult\u00e4t der Universit\u00e4t Potsdam<br><br>460 Seiten, davon 94 farbig, Hardcover A4, gebunden, 43 Tabellen, 26 Abbildungen, 200 Seiten Anhang u.a. mit allen Angeh\u00f6rigen der kurm\u00e4rkischen Kammer, Personenindex mit mehr als 1.300 Verweisen<br><br><em>Autor:<\/em><br>Gerd-Christian Th. Treutler<br><br><em>Herausgeber:<\/em><br> Gerd-Christian Th. Treutler im Auftrag der Brandenburgischen Genealogischen Gesellschaft \u201eRoter Adler\u201c e.V., AG Potsdam VR 6801 P<br><br><em>ISBN:<\/em><br>978-3-945402-22-1<br><br><em>Preis:<\/em><br>59,00 \u20ac f\u00fcr Nicht-Mitglieder<br>29,00 \u20ac f\u00fcr Mitglieder der BGG Roter Adler<br>zzgl. Versandkosten<br><br>Bestellungen \u00fcber unsere <a href=\"https:\/\/testhp.bggroteradler.de\/?post_type=product\">Online-Buchhandlung<\/a>, bestellung@bggroteradler.de oder den Buchhandel.<br><br><br \/>\n<strong><b>Inhalt<\/b><\/strong><br><br \/>\n<li>Einleitung<\/li><li>\u00dcberblick zu den brandenburg-preu\u00dfischen Herrschaftsverh\u00e4ltnissen 1650-1750<\/li><li>Wsentliche Entwicklungen in der Dom\u00e4nenpolitik vor 1713<\/li><li>Dom\u00e4nenpolitik unter K\u00f6nig Friedrich Wilhelm I. (1713-1740)<\/li><li>Ausblick auf die Dom\u00e4nenpolitik nach 1740<\/li><li>Preu\u00dfen - ein Einzelfall?<\/li><li>Zusammenfassung<\/li><li>Quellen- und Literaturverzeichnis<\/li><li>Anhang<\/li><li>Index der historischen Personen<\/><\/td>\n<\/tr>\n<\/tbody>\n<\/table>\n\n\n\n\n\n\n","protected":false},"excerpt":{"rendered":"<p>Die Dom\u00e4nenpolitik Friedrich Wilhelms I., K\u00f6nig in Preu\u00dfen am Beispiel der Kurmark von Gerd-Christian Th. Treutler<\/p>\n","protected":false},"author":4,"featured_media":0,"parent":1274,"menu_order":3,"comment_status":"closed","ping_status":"closed","template":"","meta":{"_themeisle_gutenberg_block_has_review":false,"footnotes":""},"_links":{"self":[{"href":"https:\/\/testhp.bggroteradler.de\/index.php?rest_route=\/wp\/v2\/pages\/9006"}],"collection":[{"href":"https:\/\/testhp.bggroteradler.de\/index.php?rest_route=\/wp\/v2\/pages"}],"about":[{"href":"https:\/\/testhp.bggroteradler.de\/index.php?rest_route=\/wp\/v2\/types\/page"}],"author":[{"embeddable":true,"href":"https:\/\/testhp.bggroteradler.de\/index.php?rest_route=\/wp\/v2\/users\/4"}],"replies":[{"embeddable":true,"href":"https:\/\/testhp.bggroteradler.de\/index.php?rest_route=%2Fwp%2Fv2%2Fcomments&post=9006"}],"version-history":[{"count":7,"href":"https:\/\/testhp.bggroteradler.de\/index.php?rest_route=\/wp\/v2\/pages\/9006\/revisions"}],"predecessor-version":[{"id":9221,"href":"https:\/\/testhp.bggroteradler.de\/index.php?rest_route=\/wp\/v2\/pages\/9006\/revisions\/9221"}],"up":[{"embeddable":true,"href":"https:\/\/testhp.bggroteradler.de\/index.php?rest_route=\/wp\/v2\/pages\/1274"}],"wp:attachment":[{"href":"https:\/\/testhp.bggroteradler.de\/index.php?rest_route=%2Fwp%2Fv2%2Fmedia&parent=9006"}],"curies":[{"name":"wp","href":"https:\/\/api.w.org\/{rel}","templated":true}]}}