{"id":9123,"date":"2023-01-14T21:37:55","date_gmt":"2023-01-14T20:37:55","guid":{"rendered":"https:\/\/testhp.bggroteradler.de\/?page_id=9123"},"modified":"2023-01-14T21:39:08","modified_gmt":"2023-01-14T20:39:08","slug":"brandenburgisches-genealogisches-jahrbuch-2020","status":"publish","type":"page","link":"https:\/\/testhp.bggroteradler.de\/?page_id=9123","title":{"rendered":"BGJ 2020"},"content":{"rendered":"\n<table id=\"tablepress-62\" class=\"tablepress tablepress-id-62\">\n<tbody class=\"row-hover\">\n<tr class=\"row-1\">\n\t<td rowspan=\"5\" class=\"column-1\"><img decoding=\"async\" src=\"https:\/\/testhp.bggroteradler.de\/wp-content\/uploads\/2022\/02\/BGJ-2020-Titelseite-600x480-1-206x300.jpg\" alt=\"\" width=\"206\" height=\"300\" class=\"alignnone size-medium wp-image-7942\" srcset=\"https:\/\/testhp.bggroteradler.de\/wp-content\/uploads\/2022\/02\/BGJ-2020-Titelseite-600x480-1-206x300.jpg 206w, https:\/\/testhp.bggroteradler.de\/wp-content\/uploads\/2022\/02\/BGJ-2020-Titelseite-600x480-1-300x438.jpg 300w, https:\/\/testhp.bggroteradler.de\/wp-content\/uploads\/2022\/02\/BGJ-2020-Titelseite-600x480-1-600x876.jpg 600w, https:\/\/testhp.bggroteradler.de\/wp-content\/uploads\/2022\/02\/BGJ-2020-Titelseite-600x480-1.jpg 640w\" sizes=\"(max-width: 206px) 100vw, 206px\" \/><\/td><td class=\"column-2\"><strong><em>Aus dem Inhalt:<\/em><\/td>\n<\/tr>\n<tr class=\"row-2\">\n\t<td class=\"column-2\"><strong>Vorwort des Herausgebers<\/strong><\/td>\n<\/tr>\n<tr class=\"row-3\">\n\t<td class=\"column-2\"><strong>Allgemeine Kultur- und Sozialgeschichte<\/strong><br><ul><li>Vom Landesaufgebot zum miles perpetuus (Frank G\u00f6se, Potsdam)<br><\/li><li>Der rechtliche Status von Teerschwelern in m\u00e4rkischen Dom\u00e4nenforsten des 18.\/19. Jh. (Ralf Dietrich, Potsdam)<br><\/li><\/ul><\/td>\n<\/tr>\n<tr class=\"row-4\">\n\t<td class=\"column-2\"><strong>Methoden und Quellen der Genealogie und anderer historischer Hilfswissenschaften<\/strong><br><ul><li>Das Auflagebuch der T\u00f6pfergesellenkasse zu Ziesar 1771-1810 (Gerd-Christian Th. Treutler, Falkensee)<\/li><\/ul><\/td>\n<\/tr>\n<tr class=\"row-5\">\n\t<td class=\"column-2\"><strong>Brandenburgische Personengeschichte<\/strong><br><ul><li>Dr. Paul Schmidt - Arzt in Berlin-Baumschulenweg und typischer Repr\u00e4sentant der Wilhelminischen Zeit (Gerd-Christian Th. Treutler, Falkensee, nach Vorarbeiten von Andreas Freiberg, Berlin)<\/li><\/ul><\/td>\n<\/tr>\n<tr class=\"row-6\">\n\t<td rowspan=\"2\" class=\"column-1\"><br><br><strong><em>Bibliographische Angaben:<\/em><\/strong><br><br \/>\nBrandenburgisches Genealogisches Jahrbuch,<br><em>Herausgeber:<\/em> Brandenburgische Genealogische Gesellschaft \u201eRoter Adler\u201c e.V., AG Potsdam VR 6801 P<br>ISSN: 1865-567X, ISBN 978-3-945402-19-1<br>Preis 20,00 \u20ac<br><br><br>Mitglieder erhalten das Jahrbuch kostenlos zugeschickt. Nichtmitglieder k\u00f6nnen es \u00fcber den Verein beziehen.<\/td><td class=\"column-2\"><strong>Brandenburgische Genealogie<\/strong><br><ul><li>Die Nachfahren von Johann Christian Kose vom Kosenhof bei Ganzer, Ruppin. Ein Beitrag zur Kolonisierung des Rhinluchs (Wilhelm Koch, Viernheim\/Gerd-Christian Th. Treutler, Falkensee)<\/li><li>Die Rennekants - Berliner Kattundrucker mit unbekannter Herkunft und ungewissem Verbleib. Beitr\u00e4ge zur Namenkunde, Handwerks- und Medizingeschichte (L. Bachman, Bielefeld)<\/li><li>\"\u00e4ngstige Dir nicht, liebe Emma\". Eine Familiengeschichte aus Ziesar im Spiegel von Feldpostbriefen aus dem Jahre 1915 (Silvia Zimmermann, Ziesar)<\/li><li>Die famili\u00e4ren Zusammenh\u00e4nge zwischen den Architektenfamilien Meckel, K\u00fchn, Zaar und Statz. Ein Beitrag zur Kirchengeschichte in Berlin und Brandenburg (Norbert Seyer, K\u00f6nigs Wusterhausen)<\/li><\/ul><br \/>\n<\/td>\n<\/tr>\n<tr class=\"row-7\">\n\t<td class=\"column-2\"><strong>Buchbesprechungen<\/strong><br><ul><li>Matthias Asche\/Marco Kollenberg\/Antje Zeiger (Hg.): Halb Europa in Brandenburg. Der Drei\u00dfigj\u00e4hrige Krieg und seine Folgen (Gerd-Christian Th. Treutler, Falkensee)<\/li><li>Paul Beckus\/Thomas Grunewald\/Michael Rocher (Hg.): Niederadel im mitteldeutschen Raum um 1700-1806 (Erik Liebscher, Gotha<\/li><li>Dietmar Bleyl: Die Schweizer Kolonisten im Golmer Bruch bei Potsdam. Das Schicksal einer reformierten Gemein(d)e, zgl. Dissertation (Aldo Hoffer, Halle\/Saale)<\/ul><\/td>\n<\/tr>\n<\/tbody>\n<\/table>\n<!-- #tablepress-62 from cache -->\n","protected":false},"excerpt":{"rendered":"","protected":false},"author":4,"featured_media":0,"parent":5674,"menu_order":0,"comment_status":"closed","ping_status":"closed","template":"","meta":{"_themeisle_gutenberg_block_has_review":false,"footnotes":""},"_links":{"self":[{"href":"https:\/\/testhp.bggroteradler.de\/index.php?rest_route=\/wp\/v2\/pages\/9123"}],"collection":[{"href":"https:\/\/testhp.bggroteradler.de\/index.php?rest_route=\/wp\/v2\/pages"}],"about":[{"href":"https:\/\/testhp.bggroteradler.de\/index.php?rest_route=\/wp\/v2\/types\/page"}],"author":[{"embeddable":true,"href":"https:\/\/testhp.bggroteradler.de\/index.php?rest_route=\/wp\/v2\/users\/4"}],"replies":[{"embeddable":true,"href":"https:\/\/testhp.bggroteradler.de\/index.php?rest_route=%2Fwp%2Fv2%2Fcomments&post=9123"}],"version-history":[{"count":4,"href":"https:\/\/testhp.bggroteradler.de\/index.php?rest_route=\/wp\/v2\/pages\/9123\/revisions"}],"predecessor-version":[{"id":9131,"href":"https:\/\/testhp.bggroteradler.de\/index.php?rest_route=\/wp\/v2\/pages\/9123\/revisions\/9131"}],"up":[{"embeddable":true,"href":"https:\/\/testhp.bggroteradler.de\/index.php?rest_route=\/wp\/v2\/pages\/5674"}],"wp:attachment":[{"href":"https:\/\/testhp.bggroteradler.de\/index.php?rest_route=%2Fwp%2Fv2%2Fmedia&parent=9123"}],"curies":[{"name":"wp","href":"https:\/\/api.w.org\/{rel}","templated":true}]}}