{"id":9222,"date":"2023-02-10T15:58:30","date_gmt":"2023-02-10T14:58:30","guid":{"rendered":"https:\/\/testhp.bggroteradler.de\/?page_id=9222"},"modified":"2023-02-10T16:02:17","modified_gmt":"2023-02-10T15:02:17","slug":"ghsb-11-zwangsmuehlensystem-kurmark-land","status":"publish","type":"page","link":"https:\/\/testhp.bggroteradler.de\/?page_id=9222","title":{"rendered":"GHSB-11 Zwangsm\u00fchlensystem Kurmark-Land"},"content":{"rendered":"<h2><span style=\"color: #ff0000;\">Das Zwangsm\u00fchlensystem in der Kurmark des 18. Jh. auf dem platten Land<\/span><\/h2>\n<h3>Spiegel und Grenze herrschaftlicher Wirtschaftskontrolle<\/h3>\n<h4>von Gerd-Christian Th. Treutler<\/h4>\n\n<table id=\"tablepress-64\" class=\"tablepress tablepress-id-64\">\n<tbody class=\"row-hover\">\n<tr class=\"row-1\">\n\t<td colspan=\"2\" class=\"column-1\"><br><strong>GHSB 11 -  Das Zwangsm\u00fchlensystem in der Kurmark des 18. Jh. auf dem platten Lande. Spiegel und Grenze herrschaftlicher Wirtschaftskontrolle<\/strong><br><br><\/td>\n<\/tr>\n<tr class=\"row-2\">\n\t<td class=\"column-1\"><a href=\"https:\/\/testhp.bggroteradler.de\/wp-content\/uploads\/2023\/02\/GHSB-11_Titelseite.jpg\"><img decoding=\"async\" src=\"https:\/\/testhp.bggroteradler.de\/wp-content\/uploads\/2023\/02\/GHSB-11_Titelseite.jpg\" alt=\"\" width=\"229\" height=\"300\" class=\"alignleft size-medium wp-image-5836\" \/><\/a><\/td><td class=\"column-2\"><em>Das Zwangsm\u00fchlensystem ist Ausfluss mittelalterlicher Herrschaftsaus\u00fcbung, wird im fr\u00fchmodernen Staat fortgeschrieben und stellt zugleich die einzige fl\u00e4chendeckende Gewerbeaus\u00fcbung auf dem Lande dar. Erst durch die Herausforderungen des aufkommenden Industriezeitalters an Gewerbe, Handel und Konsumtion kam es zur Aufhebung der Zwangsmahlpflichtigkeit in der Gewerbefreiheit von 1810.<br \/>\nDie Arbeit legt erstmals die Zusammenstellung des kurm\u00e4rkischen Zwangsm\u00fchlensystems als quantitativen Befund vor und ordnet ihn, unter Ber\u00fccksichtigung technologischer und sozialgeschichtlicher Aspekte,  in das zeitgen\u00f6ssische Rechts- und Wirtschaftssystem ein.<br \/>\nDie Geschichte der kurm\u00e4rkischen M\u00fchlen und M\u00fcller in ihrer Rechtslage zu bewahren, ist Anliegen dieser Ver\u00f6ffentlichung. Die Ver\u00f6ffentlichung nennt knapp 400 M\u00fchlenstandorte und zwangsmahlpflichtigen D\u00f6rfer sowie zahlreiche M\u00fcller und mit dem M\u00fchlenwesen besch\u00e4ftigte Personen.<br><br \/>\n<b>Gerd-Christian Th. Treutler stammt aus dem Havelland und wohnt in Falkensee. Der an der Humboldt-Universit\u00e4t zu Berlin diplomierte Kriminalist schloss mit der vorliegenden Arbeit sein Masterstudium an der Universit\u00e4t Potsdam auf dem Gebiet der Geschichte der Fr\u00fchen Neuzeit ab und promovierte sich zum Thema Die Dom\u00e4nenpolitik Friedrich Wilhelms I., K\u00f6nig in Preu\u00dfen. Neben der fr\u00fchneuzeitlichen Landesgeschichte Brandenburgs z\u00e4hlen die Familiengeschichte und die historischen Hilfswissenschaften zu seinen Arbeitsschwerpunkten.<br><\/td>\n<\/tr>\n<tr class=\"row-3\">\n\t<td class=\"column-1\"><\/td><td class=\"column-2\"><\/td>\n<\/tr>\n<tr class=\"row-4\">\n\t<td class=\"column-1\"><a href=\"https:\/\/testhp.bggroteradler.de\/wp-content\/uploads\/2023\/02\/GHSB-11_Ruecktitel.jpg\"><img decoding=\"async\" src=\"https:\/\/testhp.bggroteradler.de\/wp-content\/uploads\/2023\/02\/GHSB-11_Ruecktitel.jpg\" alt=\"\" width=\"229\" height=\"300\" class=\"alignleft size-medium wp-image-5836\" \/><\/a><\/td><td class=\"column-2\"><strong><em>Bibliographische Angaben:<\/em><\/strong><br><br><strong>Das Zwangsm\u00fchlensystem in der Kurmark des 18. Jh. auf dem platten Land<\/strong><br>Spiegel und Grenze herrschaftlicher Wirtschaftskontrolle<br><em>zugleich<\/em> Band 11 der Genealogisch-Historischen Studien Brandenburgs (GHSB) und Masterarbeit an der philosophischen Fakult\u00e4t der Universit\u00e4t Potsdam<br><br>164 Seiten, davon 11 farbig, Hardcover A5, gebunden, 32 Tabellen, 10 Abbildungen, 40 Seiten Anhang u.a. mit allen kurm\u00e4rkischen M\u00fchlenstandorten vor 1810, Personenindex mit 138 M\u00fcllern und M\u00fchlherren<br><br><em>Autor:<\/em><br>Gerd-Christian Th. Treutler<br><br><em>Herausgeber:<\/em><br> Dr. Gerd-Christian Th. Treutler im Auftrag der Brandenburgischen Genealogischen Gesellschaft \u201eRoter Adler\u201c e.V., AG Potsdam VR 6801 P<br><br><em>ISBN:<\/em><br>978-3-945402-23-8<br><br><em>Preis:<\/em><br>24,00 \u20ac f\u00fcr Nicht-Mitglieder<br>12,00 \u20ac f\u00fcr Mitglieder der BGG Roter Adler<br>zzgl. Versandkosten<br><br>Bestellungen \u00fcber unsere <a href=\"https:\/\/testhp.bggroteradler.de\/?post_type=product\">Online-Buchhandlung<\/a>, bestellung@bggroteradler.de oder den Buchhandel.<br><br><br \/>\n<strong><b>Inhalt<\/b><\/strong><br><br \/>\n<li>Einleitung<\/li><li>M\u00fchlenzwang und M\u00fchlenbann auf dem Lande<\/li><li>Das l\u00e4ndliche Zwangsm\u00fchlensystem in der Kurrmark des 18. Jh.<\/li><li>Die Verwaltungspraxis des Zwangsm\u00fchlensystems f\u00fcr die Kurmark<\/li><li>Ergebnis: Mahlzwang versus Gewerbe- und pers\u00f6nlicher Freiheit<\/li>Quellen- und Literaturverzeichnis<\/li><li>Anhang<\/li><li>Register der M\u00fchlherren, M\u00fcller und M\u00fchlorte<\/><\/td>\n<\/tr>\n<\/tbody>\n<\/table>\n<!-- #tablepress-64 from cache -->\n\n\n\n","protected":false},"excerpt":{"rendered":"<p>Das Zwangsm\u00fchlensystem in der Kurmark des 18. Jh. auf dem platten Land Spiegel und Grenze herrschaftlicher Wirtschaftskontrolle von Gerd-Christian Th. Treutler<\/p>\n","protected":false},"author":4,"featured_media":0,"parent":0,"menu_order":0,"comment_status":"closed","ping_status":"closed","template":"","meta":{"_themeisle_gutenberg_block_has_review":false,"footnotes":""},"_links":{"self":[{"href":"https:\/\/testhp.bggroteradler.de\/index.php?rest_route=\/wp\/v2\/pages\/9222"}],"collection":[{"href":"https:\/\/testhp.bggroteradler.de\/index.php?rest_route=\/wp\/v2\/pages"}],"about":[{"href":"https:\/\/testhp.bggroteradler.de\/index.php?rest_route=\/wp\/v2\/types\/page"}],"author":[{"embeddable":true,"href":"https:\/\/testhp.bggroteradler.de\/index.php?rest_route=\/wp\/v2\/users\/4"}],"replies":[{"embeddable":true,"href":"https:\/\/testhp.bggroteradler.de\/index.php?rest_route=%2Fwp%2Fv2%2Fcomments&post=9222"}],"version-history":[{"count":5,"href":"https:\/\/testhp.bggroteradler.de\/index.php?rest_route=\/wp\/v2\/pages\/9222\/revisions"}],"predecessor-version":[{"id":9242,"href":"https:\/\/testhp.bggroteradler.de\/index.php?rest_route=\/wp\/v2\/pages\/9222\/revisions\/9242"}],"wp:attachment":[{"href":"https:\/\/testhp.bggroteradler.de\/index.php?rest_route=%2Fwp%2Fv2%2Fmedia&parent=9222"}],"curies":[{"name":"wp","href":"https:\/\/api.w.org\/{rel}","templated":true}]}}