{"id":7525,"date":"2021-12-28T11:19:56","date_gmt":"2021-12-28T10:19:56","guid":{"rendered":"https:\/\/testhp.bggroteradler.de\/?post_type=product&#038;p=7525"},"modified":"2024-02-03T10:12:53","modified_gmt":"2024-02-03T09:12:53","slug":"der-flaemingpastor-otto-boelke","status":"publish","type":"product","link":"https:\/\/testhp.bggroteradler.de\/bgg-verlag\/shop\/der-flaemingpastor-otto-boelke\/","title":{"rendered":"Der Fl\u00e4mingpastor Otto B\u00f6lke (LR-5)"},"content":{"rendered":"","protected":false},"excerpt":{"rendered":"<p><span class=\"readonlyText multiple\">Zu Beginn des 20. Jahrhunderts erlebte die heimatorientierte Geschichts-schreibung eine wahre Bl\u00fcte. Einer ihrer Vertreter war Otto B\u00f6lke (1873\u20131946). Der evangelische Pfarrer der Gemeinden Bl\u00f6nsdorf und Mellnsdorf besch\u00e4ftigte sich leidenschaftlich mit der Geschichte und Kultur seiner Heimatregion, dem Fl\u00e4ming. Dabei waren dessen Forschungen schon w\u00e4hrend seiner Amtszeit durchaus popul\u00e4r, weshalb er den Beinamen \u201eFl\u00e4mingpastor\u201c erhielt. Doch seine Bekanntheit reichte \u00fcber den Fl\u00e4ming weit hinaus.<br \/>\nMax Sch\u00fctze untersucht den Wandel und Charakter der Forschungst\u00e4tigkeit Otto B\u00f6lkes anhand seiner wissenschaftlichen Publikationen, Zeitungsartikel und bisher unver\u00f6ffentlichter Manuskripte. Die Grundlage f\u00fcr die vorliegende Untersuchung ist der wissenschaftliche Nachlass B\u00f6lkes, der vom Museum im M\u00f6nchenkloster J\u00fcterbog aufbewahrt wird. Er bildet den Rest der Fl\u00e4ming-Sammlung &#8211; auch bekannt als \u201eB\u00f6lke-Fl\u00e4ming-Archiv\u201c. Im Anhang sind die einzelnen Aktenst\u00fccke in Form eines Findbuchs, erstellt von Felix Engel, aufgelistet.<\/span><\/p>\n","protected":false},"featured_media":7526,"comment_status":"closed","ping_status":"closed","template":"","meta":[],"product_brand":[],"product_cat":[482],"product_tag":[529,530,527,487,505,526,531,528],"class_list":{"0":"post-7525","1":"product","2":"type-product","3":"status-publish","4":"has-post-thumbnail","6":"product_cat-genealogisch-historische-studien-brandenburgs-ghsb-vormals-die-lose-reihe-lr","7":"product_tag-bibliografie","8":"product_tag-bloensdorf","9":"product_tag-boelke","10":"product_tag-brandenburg","11":"product_tag-familiengeschichtsforschung","12":"product_tag-flaeming","13":"product_tag-flaemingpastor","14":"product_tag-heimatforscher","15":"product_shipping_class-275-e","17":"first","18":"instock","19":"shipping-taxable","20":"purchasable","21":"product-type-simple"},"_links":{"self":[{"href":"https:\/\/testhp.bggroteradler.de\/wp-json\/wp\/v2\/product\/7525","targetHints":{"allow":["GET"]}}],"collection":[{"href":"https:\/\/testhp.bggroteradler.de\/wp-json\/wp\/v2\/product"}],"about":[{"href":"https:\/\/testhp.bggroteradler.de\/wp-json\/wp\/v2\/types\/product"}],"replies":[{"embeddable":true,"href":"https:\/\/testhp.bggroteradler.de\/wp-json\/wp\/v2\/comments?post=7525"}],"wp:featuredmedia":[{"embeddable":true,"href":"https:\/\/testhp.bggroteradler.de\/wp-json\/wp\/v2\/media\/7526"}],"wp:attachment":[{"href":"https:\/\/testhp.bggroteradler.de\/wp-json\/wp\/v2\/media?parent=7525"}],"wp:term":[{"taxonomy":"product_brand","embeddable":true,"href":"https:\/\/testhp.bggroteradler.de\/wp-json\/wp\/v2\/product_brand?post=7525"},{"taxonomy":"product_cat","embeddable":true,"href":"https:\/\/testhp.bggroteradler.de\/wp-json\/wp\/v2\/product_cat?post=7525"},{"taxonomy":"product_tag","embeddable":true,"href":"https:\/\/testhp.bggroteradler.de\/wp-json\/wp\/v2\/product_tag?post=7525"}],"curies":[{"name":"wp","href":"https:\/\/api.w.org\/{rel}","templated":true}]}}