{"id":8993,"date":"2022-12-22T14:32:58","date_gmt":"2022-12-22T13:32:58","guid":{"rendered":"https:\/\/testhp.bggroteradler.de\/?post_type=product&#038;p=8993"},"modified":"2023-03-11T18:37:50","modified_gmt":"2023-03-11T17:37:50","slug":"die-domaenenpolitik-friedrich-wilhelms-i","status":"publish","type":"product","link":"https:\/\/testhp.bggroteradler.de\/?product=die-domaenenpolitik-friedrich-wilhelms-i","title":{"rendered":"Die Dom\u00e4nenpolitik Friedrich Wilhelms I., K\u00f6nig in Preu\u00dfen"},"content":{"rendered":"<p><strong><em>Zu Seiner Majest\u00e4t allerh\u00f6chstem Interesse.<\/em><\/strong><\/p>\n<p><strong>Die Dom\u00e4nenpolitik Friedrich Wilhelms I., K\u00f6nig in Preu\u00dfen<\/strong><br \/>\nam Beispiel der Kurmark<\/p>\n<p><em>von Gerd-Christian Th. Treutler<\/em><\/p>\n<p>Genealogisch-Historische Studien Brandenburgs, Band 10<\/p>\n<p>zugleich Dissertation an der phil. Fakult\u00e4t der Universit\u00e4t Potsdam<\/p>\n<p>ISBN 978-3-945402-22-1<\/p>\n<p>Hardcover gebunden mit Leseb\u00e4ndchen, 460 Seiten, davon 94 farbig, 43 Tab., 26 Abb., 200 Seiten Anhang u. a. mit 103 Kurzbiografien und 22 Seiten Personenindex mit \u00fcber 1.300 Verweisen<\/p>\n","protected":false},"excerpt":{"rendered":"[pdfjs-viewer url=\"https:\/\/testhp.bggroteradler.de\/wp-content\/uploads\/2022\/12\/GHSB-10_Flyer-216x111-1.pdf\" attachment_id=\"8988\" viewer_width=100% viewer_height=800px fullscreen=true download=false print=false]\n<p><span style=\"color: #ff0000;\">Beim Kauf dieses Produkts wird das Produkt GQB VI, Kurm\u00e4rkische M\u00fchlensachen-Generalia, zum halben Preis angeboten.<\/span><\/p>\n","protected":false},"featured_media":8994,"comment_status":"closed","ping_status":"closed","template":"","meta":{"_themeisle_gutenberg_block_has_review":false},"product_cat":[482],"product_tag":[616,614,615,617,613,612],"_links":{"self":[{"href":"https:\/\/testhp.bggroteradler.de\/index.php?rest_route=\/wp\/v2\/product\/8993"}],"collection":[{"href":"https:\/\/testhp.bggroteradler.de\/index.php?rest_route=\/wp\/v2\/product"}],"about":[{"href":"https:\/\/testhp.bggroteradler.de\/index.php?rest_route=\/wp\/v2\/types\/product"}],"replies":[{"embeddable":true,"href":"https:\/\/testhp.bggroteradler.de\/index.php?rest_route=%2Fwp%2Fv2%2Fcomments&post=8993"}],"wp:featuredmedia":[{"embeddable":true,"href":"https:\/\/testhp.bggroteradler.de\/index.php?rest_route=\/wp\/v2\/media\/8994"}],"wp:attachment":[{"href":"https:\/\/testhp.bggroteradler.de\/index.php?rest_route=%2Fwp%2Fv2%2Fmedia&parent=8993"}],"wp:term":[{"taxonomy":"product_cat","embeddable":true,"href":"https:\/\/testhp.bggroteradler.de\/index.php?rest_route=%2Fwp%2Fv2%2Fproduct_cat&post=8993"},{"taxonomy":"product_tag","embeddable":true,"href":"https:\/\/testhp.bggroteradler.de\/index.php?rest_route=%2Fwp%2Fv2%2Fproduct_tag&post=8993"}],"curies":[{"name":"wp","href":"https:\/\/api.w.org\/{rel}","templated":true}]}}